{"id":1509,"date":"2023-12-20T14:56:14","date_gmt":"2023-12-20T13:56:14","guid":{"rendered":"https:\/\/pripravky.ffabula.cz\/?page_id=1509"},"modified":"2026-01-16T09:42:54","modified_gmt":"2026-01-16T08:42:54","slug":"seminar-k-obecnym-dejinam","status":"publish","type":"page","link":"http:\/\/pripravky.ffabula.cz\/index.php\/rozvrh\/modul-i\/seminar-k-obecnym-dejinam\/","title":{"rendered":"Semin\u00e1\u0159 k obecn\u00fdm d\u011bjin\u00e1m"},"content":{"rendered":"\t\t<div data-elementor-type=\"wp-page\" data-elementor-id=\"1509\" class=\"elementor elementor-1509\">\n\t\t\t\t\t\t\t<div class=\"elementor-element elementor-element-faff4bd e-flex e-con-boxed e-con e-parent\" data-id=\"faff4bd\" data-element_type=\"container\" data-settings=\"{&quot;background_background&quot;:&quot;classic&quot;,&quot;content_width&quot;:&quot;boxed&quot;}\" data-core-v316-plus=\"true\">\n\t\t\t\t\t<div class=\"e-con-inner\">\n\t\t<div class=\"elementor-element elementor-element-8606722 e-flex e-con-boxed e-con e-child\" data-id=\"8606722\" data-element_type=\"container\" data-settings=\"{&quot;content_width&quot;:&quot;boxed&quot;}\">\n\t\t\t\t\t<div class=\"e-con-inner\">\n\t\t\t\t<div class=\"elementor-element elementor-element-93a8c81 elementor-widget elementor-widget-heading\" data-id=\"93a8c81\" data-element_type=\"widget\" data-widget_type=\"heading.default\">\n\t\t\t\t<div class=\"elementor-widget-container\">\n\t\t\t<style>\/*! elementor - v3.18.0 - 08-12-2023 *\/\n.elementor-heading-title{padding:0;margin:0;line-height:1}.elementor-widget-heading .elementor-heading-title[class*=elementor-size-]>a{color:inherit;font-size:inherit;line-height:inherit}.elementor-widget-heading .elementor-heading-title.elementor-size-small{font-size:15px}.elementor-widget-heading .elementor-heading-title.elementor-size-medium{font-size:19px}.elementor-widget-heading .elementor-heading-title.elementor-size-large{font-size:29px}.elementor-widget-heading .elementor-heading-title.elementor-size-xl{font-size:39px}.elementor-widget-heading .elementor-heading-title.elementor-size-xxl{font-size:59px}<\/style><h2 class=\"elementor-heading-title elementor-size-default\">Semin\u00e1\u0159 k obecn\u00e9mu st\u0159edov\u011bku<\/h2>\t\t<\/div>\n\t\t\t\t<\/div>\n\t\t\t\t<div class=\"elementor-element elementor-element-d441579 elementor-widget elementor-widget-text-editor\" data-id=\"d441579\" data-element_type=\"widget\" data-widget_type=\"text-editor.default\">\n\t\t\t\t<div class=\"elementor-widget-container\">\n\t\t\t<style>\/*! elementor - v3.18.0 - 08-12-2023 *\/\n.elementor-widget-text-editor.elementor-drop-cap-view-stacked .elementor-drop-cap{background-color:#69727d;color:#fff}.elementor-widget-text-editor.elementor-drop-cap-view-framed .elementor-drop-cap{color:#69727d;border:3px solid;background-color:transparent}.elementor-widget-text-editor:not(.elementor-drop-cap-view-default) .elementor-drop-cap{margin-top:8px}.elementor-widget-text-editor:not(.elementor-drop-cap-view-default) .elementor-drop-cap-letter{width:1em;height:1em}.elementor-widget-text-editor .elementor-drop-cap{float:left;text-align:center;line-height:1;font-size:50px}.elementor-widget-text-editor .elementor-drop-cap-letter{display:inline-block}<\/style>\t\t\t\t\t\t\t\t\t\t<\/div>\n\t\t\t\t<\/div>\n\t\t\t\t\t<\/div>\n\t\t\t\t<\/div>\n\t\t\t\t\t<\/div>\n\t\t\t\t<\/div>\n\t\t<div class=\"elementor-element elementor-element-a5064aa e-flex e-con-boxed e-con e-parent\" data-id=\"a5064aa\" data-element_type=\"container\" data-settings=\"{&quot;content_width&quot;:&quot;boxed&quot;}\" data-core-v316-plus=\"true\">\n\t\t\t\t\t<div class=\"e-con-inner\">\n\t\t<div class=\"elementor-element elementor-element-e5c318d e-flex e-con-boxed e-con e-child\" data-id=\"e5c318d\" data-element_type=\"container\" data-settings=\"{&quot;content_width&quot;:&quot;boxed&quot;}\">\n\t\t\t\t\t<div class=\"e-con-inner\">\n\t\t\t\t<div class=\"elementor-element elementor-element-6267a11 elementor-widget__width-initial elementor-widget elementor-widget-text-editor\" data-id=\"6267a11\" data-element_type=\"widget\" data-widget_type=\"text-editor.default\">\n\t\t\t\t<div class=\"elementor-widget-container\">\n\t\t\t\t\t\t\t<blockquote><p style=\"text-align: center;\">Modern\u00ed doba pou\u017e\u00edv\u00e1 \u0159adu star\u00fdch term\u00edn\u016f, je\u017e postupem \u010dasu nabyly zcela jin\u00fdch obsah\u016f.<br \/>Historik si toho mus\u00ed b\u00fdt p\u0159i sv\u00e9m \u0159emesle v\u011bdom, zohled\u0148ovat to ve sv\u00e9m v\u00fdzkumu, a d\u00e1vat<br \/>si na to pozor p\u0159i pr\u00e1ci s\u00a0prameny. Jedn\u00edm z\u00a0nejproblemati\u010dt\u011bj\u0161\u00edch pojm\u016f, kter\u00e9 ob\u010das<br \/>zazn\u00edvaj\u00ed ve ve\u0159ejn\u00e9m prostoru je n\u00e1rod, a od n\u011bj odvozen\u00fd pojem nacionalismus. Rovina<br \/>n\u00e1rodn\u00ed identity se pak projevuje v\u00a0cel\u00e9 plej\u00e1d\u011b historick\u00fdch t\u00e9mat a svoj\u00ed aktu\u00e1lnost\u00ed<br \/>zasahuje i debaty v\u00a0na\u0161\u00ed sou\u010dasnosti. Jak to v\u0161ak s\u00a0n\u00e1rodnost\u00ed a n\u00e1rody bylo ve st\u0159edov\u011bku,<br \/>pota\u017emo cel\u00fdch star\u0161\u00edch d\u011bjin\u00e1ch? Lze dnes je\u0161t\u011b mluvit o \u201en\u00e1rodn\u00edch d\u011bjin\u00e1ch\u201c? A m\u016f\u017ee b\u00fdt<br \/>z\u00a0tohoto hlediska pro sou\u010dasnou spole\u010dnost dosud p\u0159\u00ednosn\u00e9 studium st\u0159edov\u011bk\u00fdch d\u011bjin?<br \/>Nad t\u011bmito a dal\u0161\u00edmi ot\u00e1zkami se pokus\u00edme b\u011bhem semin\u00e1\u0159e zamyslet. C\u00edlem semin\u00e1\u0159e je<br \/>p\u0159ibl\u00ed\u017eit uchaze\u010d\u016fm o studium problematiku, na ni\u017e mohou b\u011bhem studia historie narazit a je\u017e<br \/>dnes p\u0159edstavuje jedno z\u00a0\u010dast\u00fdch t\u00e9mat (nejen) medievistick\u00fdch debat. V\u00a0r\u00e1mci p\u0159\u00edpravy si<br \/>\u00fa\u010dastn\u00edci prostuduj\u00ed vybran\u00e9 pas\u00e1\u017ee nejen st\u0159edov\u011bk\u00fdch pramen\u016f, ale i text\u016f, je\u017e se vztahuj\u00ed<br \/>k\u00a0na\u0161\u00ed sou\u010dasnosti a tzv. historismu ve ve\u0159ejn\u00e9m prostoru. Semin\u00e1\u0159 prob\u011bhne v\u00a0podob\u011b<br \/>rozpravy nad t\u011bmito texty.<\/p><\/blockquote>\t\t\t\t\t\t<\/div>\n\t\t\t\t<\/div>\n\t\t\t\t\t<\/div>\n\t\t\t\t<\/div>\n\t\t\t\t<div class=\"elementor-element elementor-element-8209d50 elementor-widget-divider--view-line elementor-widget elementor-widget-divider\" data-id=\"8209d50\" data-element_type=\"widget\" data-widget_type=\"divider.default\">\n\t\t\t\t<div class=\"elementor-widget-container\">\n\t\t\t<style>\/*! elementor - v3.18.0 - 08-12-2023 *\/\n.elementor-widget-divider{--divider-border-style:none;--divider-border-width:1px;--divider-color:#0c0d0e;--divider-icon-size:20px;--divider-element-spacing:10px;--divider-pattern-height:24px;--divider-pattern-size:20px;--divider-pattern-url:none;--divider-pattern-repeat:repeat-x}.elementor-widget-divider .elementor-divider{display:flex}.elementor-widget-divider .elementor-divider__text{font-size:15px;line-height:1;max-width:95%}.elementor-widget-divider .elementor-divider__element{margin:0 var(--divider-element-spacing);flex-shrink:0}.elementor-widget-divider .elementor-icon{font-size:var(--divider-icon-size)}.elementor-widget-divider .elementor-divider-separator{display:flex;margin:0;direction:ltr}.elementor-widget-divider--view-line_icon .elementor-divider-separator,.elementor-widget-divider--view-line_text .elementor-divider-separator{align-items:center}.elementor-widget-divider--view-line_icon .elementor-divider-separator:after,.elementor-widget-divider--view-line_icon .elementor-divider-separator:before,.elementor-widget-divider--view-line_text .elementor-divider-separator:after,.elementor-widget-divider--view-line_text .elementor-divider-separator:before{display:block;content:\"\";border-bottom:0;flex-grow:1;border-top:var(--divider-border-width) var(--divider-border-style) var(--divider-color)}.elementor-widget-divider--element-align-left .elementor-divider .elementor-divider-separator>.elementor-divider__svg:first-of-type{flex-grow:0;flex-shrink:100}.elementor-widget-divider--element-align-left .elementor-divider-separator:before{content:none}.elementor-widget-divider--element-align-left .elementor-divider__element{margin-left:0}.elementor-widget-divider--element-align-right .elementor-divider .elementor-divider-separator>.elementor-divider__svg:last-of-type{flex-grow:0;flex-shrink:100}.elementor-widget-divider--element-align-right .elementor-divider-separator:after{content:none}.elementor-widget-divider--element-align-right .elementor-divider__element{margin-right:0}.elementor-widget-divider:not(.elementor-widget-divider--view-line_text):not(.elementor-widget-divider--view-line_icon) .elementor-divider-separator{border-top:var(--divider-border-width) var(--divider-border-style) var(--divider-color)}.elementor-widget-divider--separator-type-pattern{--divider-border-style:none}.elementor-widget-divider--separator-type-pattern.elementor-widget-divider--view-line .elementor-divider-separator,.elementor-widget-divider--separator-type-pattern:not(.elementor-widget-divider--view-line) .elementor-divider-separator:after,.elementor-widget-divider--separator-type-pattern:not(.elementor-widget-divider--view-line) .elementor-divider-separator:before,.elementor-widget-divider--separator-type-pattern:not([class*=elementor-widget-divider--view]) .elementor-divider-separator{width:100%;min-height:var(--divider-pattern-height);-webkit-mask-size:var(--divider-pattern-size) 100%;mask-size:var(--divider-pattern-size) 100%;-webkit-mask-repeat:var(--divider-pattern-repeat);mask-repeat:var(--divider-pattern-repeat);background-color:var(--divider-color);-webkit-mask-image:var(--divider-pattern-url);mask-image:var(--divider-pattern-url)}.elementor-widget-divider--no-spacing{--divider-pattern-size:auto}.elementor-widget-divider--bg-round{--divider-pattern-repeat:round}.rtl .elementor-widget-divider .elementor-divider__text{direction:rtl}.e-con-inner>.elementor-widget-divider,.e-con>.elementor-widget-divider{width:var(--container-widget-width,100%);--flex-grow:var(--container-widget-flex-grow)}<\/style>\t\t<div class=\"elementor-divider\">\n\t\t\t<span class=\"elementor-divider-separator\">\n\t\t\t\t\t\t<\/span>\n\t\t<\/div>\n\t\t\t\t<\/div>\n\t\t\t\t<\/div>\n\t\t\t\t\t<\/div>\n\t\t\t\t<\/div>\n\t\t<div class=\"elementor-element elementor-element-b1369e5 e-flex e-con-boxed e-con e-parent\" data-id=\"b1369e5\" data-element_type=\"container\" data-settings=\"{&quot;content_width&quot;:&quot;boxed&quot;}\" data-core-v316-plus=\"true\">\n\t\t\t\t\t<div class=\"e-con-inner\">\n\t\t\t\t<div class=\"elementor-element elementor-element-1365fd1 elementor-widget elementor-widget-heading\" data-id=\"1365fd1\" data-element_type=\"widget\" data-widget_type=\"heading.default\">\n\t\t\t\t<div class=\"elementor-widget-container\">\n\t\t\t<h2 class=\"elementor-heading-title elementor-size-default\">Martin Wolf<\/h2>\t\t<\/div>\n\t\t\t\t<\/div>\n\t\t\t\t\t<\/div>\n\t\t\t\t<\/div>\n\t\t<div class=\"elementor-element elementor-element-0cbde6f e-flex e-con-boxed e-con e-parent\" data-id=\"0cbde6f\" data-element_type=\"container\" data-settings=\"{&quot;content_width&quot;:&quot;boxed&quot;}\" data-core-v316-plus=\"true\">\n\t\t\t\t\t<div class=\"e-con-inner\">\n\t\t<div class=\"elementor-element elementor-element-6bb92f6 e-con-full e-flex e-con e-child\" data-id=\"6bb92f6\" data-element_type=\"container\" data-settings=\"{&quot;content_width&quot;:&quot;full&quot;}\">\n\t\t\t\t<div class=\"elementor-element elementor-element-0323310 elementor-widget elementor-widget-text-editor\" data-id=\"0323310\" data-element_type=\"widget\" data-widget_type=\"text-editor.default\">\n\t\t\t\t<div class=\"elementor-widget-container\">\n\t\t\t\t\t\t\t<p>sem studentem 2. ro\u010dn\u00edku doktorsk\u00e9ho studia na \u00dastavu historie. Zam\u011b\u0159uji se na st\u0159edov\u011bk ve st\u0159edn\u00ed Evrop\u011b, moj\u00ed specializac\u00ed jsou kulturn\u00ed d\u011bjiny pozdn\u00edho st\u0159edov\u011bku, zejm\u00e9na ot\u00e1zka my\u0161lenkov\u00e9ho sv\u011bta st\u0159edov\u011bk\u00e9ho \u010dlov\u011bka, n\u00e1rodn\u00ed identity, etnicity, stereotyp\u016f a vzd\u011blanosti, zaj\u00edm\u00e1 m\u011b rovn\u011b\u017e obdob\u00ed husitstv\u00ed v\u00a0jeho rozli\u010dn\u00fdch aspektech. \u010c\u00e1ste\u010dn\u011b se zab\u00fdv\u00e1m t\u00e9\u017e obdob\u00edm ran\u00e9ho st\u0159edov\u011bku, vlivem antiky na st\u0159edov\u011bkou kulturu, christianizac\u00ed a slovansk\u00fdm st\u0159edov\u011bkem. M\u00e1 diserta\u010dn\u00ed pr\u00e1ce bude sledovat n\u00e1rodn\u00ed stereotypy ve st\u0159edn\u00ed Evrop\u011b v\u00a0dob\u011b vrcholn\u00e9ho a pozdn\u00edho st\u0159edov\u011bku, jejich roz\u0161\u00ed\u0159en\u00ed a vlivy, je\u017e je formovaly.<\/p><p>Jako zku\u0161en\u00fd knihovn\u00edk r\u00e1d poskytnu tipy na literaturu k\u00a0t\u00e9matu, obecn\u011b ale jist\u011b nikomu neubl\u00ed\u017e\u00ed, kdy\u017e si p\u0159e\u010dte Tolkiena!<\/p>\t\t\t\t\t\t<\/div>\n\t\t\t\t<\/div>\n\t\t\t\t<\/div>\n\t\t<div class=\"elementor-element elementor-element-7820043 e-con-full e-flex e-con e-child\" data-id=\"7820043\" data-element_type=\"container\" data-settings=\"{&quot;content_width&quot;:&quot;full&quot;}\">\n\t\t\t\t<\/div>\n\t\t<div class=\"elementor-element elementor-element-27538e6 e-con-full e-flex e-con e-child\" data-id=\"27538e6\" data-element_type=\"container\" data-settings=\"{&quot;content_width&quot;:&quot;full&quot;}\">\n\t\t\t\t<div class=\"elementor-element elementor-element-558c688 elementor-widget__width-initial elementor-widget elementor-widget-image\" data-id=\"558c688\" data-element_type=\"widget\" data-widget_type=\"image.default\">\n\t\t\t\t<div class=\"elementor-widget-container\">\n\t\t\t<style>\/*! elementor - v3.18.0 - 08-12-2023 *\/\n.elementor-widget-image{text-align:center}.elementor-widget-image a{display:inline-block}.elementor-widget-image a img[src$=\".svg\"]{width:48px}.elementor-widget-image img{vertical-align:middle;display:inline-block}<\/style>\t\t\t\t\t\t\t\t\t\t\t\t<img fetchpriority=\"high\" decoding=\"async\" width=\"784\" height=\"1024\" src=\"http:\/\/pripravky.ffabula.cz\/wp-content\/uploads\/2024\/11\/foto-2-Martin-Wolf-784x1024.jpg\" class=\"attachment-large size-large wp-image-2195\" alt=\"\" srcset=\"http:\/\/pripravky.ffabula.cz\/wp-content\/uploads\/2024\/11\/foto-2-Martin-Wolf-784x1024.jpg 784w, http:\/\/pripravky.ffabula.cz\/wp-content\/uploads\/2024\/11\/foto-2-Martin-Wolf-230x300.jpg 230w, http:\/\/pripravky.ffabula.cz\/wp-content\/uploads\/2024\/11\/foto-2-Martin-Wolf-768x1003.jpg 768w, http:\/\/pripravky.ffabula.cz\/wp-content\/uploads\/2024\/11\/foto-2-Martin-Wolf-1176x1536.jpg 1176w, http:\/\/pripravky.ffabula.cz\/wp-content\/uploads\/2024\/11\/foto-2-Martin-Wolf-1568x2048.jpg 1568w, http:\/\/pripravky.ffabula.cz\/wp-content\/uploads\/2024\/11\/foto-2-Martin-Wolf.jpg 1960w\" sizes=\"(max-width: 784px) 100vw, 784px\" \/>\t\t\t\t\t\t\t\t\t\t\t\t\t\t\t<\/div>\n\t\t\t\t<\/div>\n\t\t\t\t<\/div>\n\t\t\t\t\t<\/div>\n\t\t\t\t<\/div>\n\t\t<div class=\"elementor-element elementor-element-d497ed4 e-flex e-con-boxed e-con e-parent\" data-id=\"d497ed4\" data-element_type=\"container\" data-settings=\"{&quot;content_width&quot;:&quot;boxed&quot;}\" data-core-v316-plus=\"true\">\n\t\t\t\t\t<div class=\"e-con-inner\">\n\t\t<div class=\"elementor-element elementor-element-166404c e-con-full e-flex e-con e-child\" data-id=\"166404c\" data-element_type=\"container\" data-settings=\"{&quot;content_width&quot;:&quot;full&quot;}\">\n\t\t\t\t<\/div>\n\t\t\t\t<div class=\"elementor-element elementor-element-095efe8 elementor-widget elementor-widget-heading\" data-id=\"095efe8\" data-element_type=\"widget\" data-widget_type=\"heading.default\">\n\t\t\t\t<div class=\"elementor-widget-container\">\n\t\t\t<h2 class=\"elementor-heading-title elementor-size-default\">Jan M\u00fcller<span style=\"color: var( --e-global-color-primary ); font-family: var( --e-global-typography-primary-font-family ), Sans-serif; font-size: 2.23529rem; font-style: inherit; font-weight: var( --e-global-typography-primary-font-weight ); background-color: var(--ast-global-color-5);\"><\/span><\/h2>\t\t<\/div>\n\t\t\t\t<\/div>\n\t\t\t\t\t<\/div>\n\t\t\t\t<\/div>\n\t\t<div class=\"elementor-element elementor-element-10d2b96 e-flex e-con-boxed e-con e-parent\" data-id=\"10d2b96\" data-element_type=\"container\" data-settings=\"{&quot;content_width&quot;:&quot;boxed&quot;}\" data-core-v316-plus=\"true\">\n\t\t\t\t\t<div class=\"e-con-inner\">\n\t\t<div class=\"elementor-element elementor-element-ea6ea02 e-con-full e-flex e-con e-child\" data-id=\"ea6ea02\" data-element_type=\"container\" data-settings=\"{&quot;content_width&quot;:&quot;full&quot;}\">\n\t\t\t\t<\/div>\n\t\t\t\t<div class=\"elementor-element elementor-element-8934b0c elementor-widget__width-initial elementor-widget elementor-widget-text-editor\" data-id=\"8934b0c\" data-element_type=\"widget\" data-widget_type=\"text-editor.default\">\n\t\t\t\t<div class=\"elementor-widget-container\">\n\t\t\t\t\t\t\t<p style=\"text-align: center;\">Jsem studentem 2. ro\u010dn\u00edku navazuj\u00edc\u00edho magistersk\u00e9ho studia sdru\u017een\u00e9ho oboru \u010desk\u00fdch d\u011bjin a muzejn\u00edch studi\u00ed. Ve sv\u00e9 bakal\u00e1\u0159sk\u00e9 pr\u00e1ci jsem se zam\u011b\u0159il na problematiku k\u0159\u00ed\u017eov\u00fdch v\u00fdprav proti husit\u016fm, p\u0159i\u010dem\u017e v&nbsp;tomto t\u00e9matu chci pokra\u010dovat i nad\u00e1le. Obecn\u011b se zaj\u00edm\u00e1m o obdob\u00ed<br>pozdn\u00edho st\u0159edov\u011bku v&nbsp;\u010desk\u00fdch zem\u00edch s&nbsp;d\u016frazem na c\u00edrkevn\u00ed d\u011bjiny a propojen\u00ed do \u0161ir\u0161\u00edho evropsk\u00e9ho kontextu.<br>Pokud m\u011b nenajdete sed\u011bt ve studovn\u011b, nejsp\u00ed\u0161e pochoduji n\u011bkde v&nbsp;hor\u00e1ch nebo tr\u00e1v\u00edm \u010das na fotbalov\u00e9m h\u0159i\u0161ti. Nepohrdnu vybranou k\u00e1vou ani pivem, kter\u00e9 nejl\u00e9pe chutn\u00e1 v&nbsp;dobr\u00e9 spole\u010dnosti. Krom\u011b v\u00fd\u0161e zm\u00edn\u011bn\u00e9ho r\u00e1d tr\u00e1v\u00edm \u010das \u010detbou kr\u00e1sn\u00e9 literatury, sp\u00e1nkem a roz\u0161i\u0159ov\u00e1n\u00edm pov\u011bdom\u00ed o nej\u00fa\u017easn\u011bj\u0161\u00ed postav\u011b \u010desk\u00e9 historie, Jeron\u00fdmu Pra\u017esk\u00e9m.<\/p>\t\t\t\t\t\t<\/div>\n\t\t\t\t<\/div>\n\t\t<div class=\"elementor-element elementor-element-a587e6a e-con-full e-flex e-con e-child\" data-id=\"a587e6a\" data-element_type=\"container\" data-settings=\"{&quot;content_width&quot;:&quot;full&quot;}\">\n\t\t\t\t<\/div>\n\t\t<div class=\"elementor-element elementor-element-65a781e e-con-full e-flex e-con e-child\" data-id=\"65a781e\" data-element_type=\"container\" data-settings=\"{&quot;content_width&quot;:&quot;full&quot;}\">\n\t\t\t\t<div class=\"elementor-element elementor-element-3021711 elementor-widget elementor-widget-image\" data-id=\"3021711\" data-element_type=\"widget\" data-widget_type=\"image.default\">\n\t\t\t\t<div class=\"elementor-widget-container\">\n\t\t\t\t\t\t\t\t\t\t\t\t\t\t\t<img decoding=\"async\" width=\"768\" height=\"1024\" src=\"http:\/\/pripravky.ffabula.cz\/wp-content\/uploads\/2024\/11\/Delostredla-Jan-Muller-768x1024.jpg\" class=\"attachment-large size-large wp-image-2215\" alt=\"\" srcset=\"http:\/\/pripravky.ffabula.cz\/wp-content\/uploads\/2024\/11\/Delostredla-Jan-Muller-768x1024.jpg 768w, http:\/\/pripravky.ffabula.cz\/wp-content\/uploads\/2024\/11\/Delostredla-Jan-Muller-225x300.jpg 225w, http:\/\/pripravky.ffabula.cz\/wp-content\/uploads\/2024\/11\/Delostredla-Jan-Muller-1152x1536.jpg 1152w, http:\/\/pripravky.ffabula.cz\/wp-content\/uploads\/2024\/11\/Delostredla-Jan-Muller.jpg 1301w\" sizes=\"(max-width: 768px) 100vw, 768px\" \/>\t\t\t\t\t\t\t\t\t\t\t\t\t\t\t<\/div>\n\t\t\t\t<\/div>\n\t\t\t\t<\/div>\n\t\t\t\t\t<\/div>\n\t\t\t\t<\/div>\n\t\t<div class=\"elementor-element elementor-element-9eedc1f e-flex e-con-boxed e-con e-parent\" data-id=\"9eedc1f\" data-element_type=\"container\" data-settings=\"{&quot;content_width&quot;:&quot;boxed&quot;}\" data-core-v316-plus=\"true\">\n\t\t\t\t\t<div class=\"e-con-inner\">\n\t\t\t\t\t<\/div>\n\t\t\t\t<\/div>\n\t\t\t\t\t\t\t<\/div>\n\t\t","protected":false},"excerpt":{"rendered":"<p>Semin\u00e1\u0159 k obecn\u00e9mu st\u0159edov\u011bku Modern\u00ed doba pou\u017e\u00edv\u00e1 \u0159adu star\u00fdch term\u00edn\u016f, je\u017e postupem \u010dasu nabyly zcela jin\u00fdch obsah\u016f.Historik si toho mus\u00ed b\u00fdt p\u0159i sv\u00e9m \u0159emesle v\u011bdom, zohled\u0148ovat to ve sv\u00e9m v\u00fdzkumu, a d\u00e1vatsi na to pozor p\u0159i pr\u00e1ci s\u00a0prameny. Jedn\u00edm z\u00a0nejproblemati\u010dt\u011bj\u0161\u00edch pojm\u016f, kter\u00e9 ob\u010daszazn\u00edvaj\u00ed ve ve\u0159ejn\u00e9m prostoru je n\u00e1rod, a od n\u011bj odvozen\u00fd pojem nacionalismus. Rovinan\u00e1rodn\u00ed &hellip;<\/p>\n<p class=\"read-more\"> <a class=\"\" href=\"http:\/\/pripravky.ffabula.cz\/index.php\/rozvrh\/modul-i\/seminar-k-obecnym-dejinam\/\"> <span class=\"screen-reader-text\">Semin\u00e1\u0159 k obecn\u00fdm d\u011bjin\u00e1m<\/span> Pokra\u010dovat ve \u010dten\u00ed &raquo;<\/a><\/p>\n","protected":false},"author":2,"featured_media":0,"parent":560,"menu_order":0,"comment_status":"closed","ping_status":"closed","template":"","meta":{"site-sidebar-layout":"no-sidebar","site-content-layout":"","ast-site-content-layout":"full-width-container","site-content-style":"default","site-sidebar-style":"default","ast-global-header-display":"","ast-banner-title-visibility":"","ast-main-header-display":"","ast-hfb-above-header-display":"","ast-hfb-below-header-display":"","ast-hfb-mobile-header-display":"","site-post-title":"disabled","ast-breadcrumbs-content":"","ast-featured-img":"disabled","footer-sml-layout":"","theme-transparent-header-meta":"","adv-header-id-meta":"","stick-header-meta":"","header-above-stick-meta":"","header-main-stick-meta":"","header-below-stick-meta":"","astra-migrate-meta-layouts":"","ast-page-background-enabled":"default","ast-page-background-meta":{"desktop":{"background-color":"var(--ast-global-color-4)","background-image":"","background-repeat":"repeat","background-position":"center center","background-size":"auto","background-attachment":"scroll","background-type":"","background-media":"","overlay-type":"","overlay-color":"","overlay-gradient":""},"tablet":{"background-color":"","background-image":"","background-repeat":"repeat","background-position":"center center","background-size":"auto","background-attachment":"scroll","background-type":"","background-media":"","overlay-type":"","overlay-color":"","overlay-gradient":""},"mobile":{"background-color":"","background-image":"","background-repeat":"repeat","background-position":"center center","background-size":"auto","background-attachment":"scroll","background-type":"","background-media":"","overlay-type":"","overlay-color":"","overlay-gradient":""}},"ast-content-background-meta":{"desktop":{"background-color":"var(--ast-global-color-5)","background-image":"","background-repeat":"repeat","background-position":"center center","background-size":"auto","background-attachment":"scroll","background-type":"","background-media":"","overlay-type":"","overlay-color":"","overlay-gradient":""},"tablet":{"background-color":"var(--ast-global-color-5)","background-image":"","background-repeat":"repeat","background-position":"center center","background-size":"auto","background-attachment":"scroll","background-type":"","background-media":"","overlay-type":"","overlay-color":"","overlay-gradient":""},"mobile":{"background-color":"var(--ast-global-color-5)","background-image":"","background-repeat":"repeat","background-position":"center center","background-size":"auto","background-attachment":"scroll","background-type":"","background-media":"","overlay-type":"","overlay-color":"","overlay-gradient":""}},"footnotes":""},"class_list":["post-1509","page","type-page","status-publish","hentry"],"_links":{"self":[{"href":"http:\/\/pripravky.ffabula.cz\/index.php\/wp-json\/wp\/v2\/pages\/1509","targetHints":{"allow":["GET"]}}],"collection":[{"href":"http:\/\/pripravky.ffabula.cz\/index.php\/wp-json\/wp\/v2\/pages"}],"about":[{"href":"http:\/\/pripravky.ffabula.cz\/index.php\/wp-json\/wp\/v2\/types\/page"}],"author":[{"embeddable":true,"href":"http:\/\/pripravky.ffabula.cz\/index.php\/wp-json\/wp\/v2\/users\/2"}],"replies":[{"embeddable":true,"href":"http:\/\/pripravky.ffabula.cz\/index.php\/wp-json\/wp\/v2\/comments?post=1509"}],"version-history":[{"count":22,"href":"http:\/\/pripravky.ffabula.cz\/index.php\/wp-json\/wp\/v2\/pages\/1509\/revisions"}],"predecessor-version":[{"id":3072,"href":"http:\/\/pripravky.ffabula.cz\/index.php\/wp-json\/wp\/v2\/pages\/1509\/revisions\/3072"}],"up":[{"embeddable":true,"href":"http:\/\/pripravky.ffabula.cz\/index.php\/wp-json\/wp\/v2\/pages\/560"}],"wp:attachment":[{"href":"http:\/\/pripravky.ffabula.cz\/index.php\/wp-json\/wp\/v2\/media?parent=1509"}],"curies":[{"name":"wp","href":"https:\/\/api.w.org\/{rel}","templated":true}]}}