{"id":1529,"date":"2023-12-20T15:05:02","date_gmt":"2023-12-20T14:05:02","guid":{"rendered":"https:\/\/pripravky.ffabula.cz\/?page_id=1529"},"modified":"2024-01-03T21:31:47","modified_gmt":"2024-01-03T20:31:47","slug":"baroko","status":"publish","type":"page","link":"http:\/\/pripravky.ffabula.cz\/index.php\/rozvrh\/modul-ii-novovek\/baroko\/","title":{"rendered":"Baroko"},"content":{"rendered":"\t\t<div data-elementor-type=\"wp-page\" data-elementor-id=\"1529\" class=\"elementor elementor-1529\">\n\t\t\t\t\t\t\t<div class=\"elementor-element elementor-element-faff4bd e-flex e-con-boxed e-con e-parent\" data-id=\"faff4bd\" data-element_type=\"container\" data-settings=\"{&quot;background_background&quot;:&quot;classic&quot;,&quot;content_width&quot;:&quot;boxed&quot;}\" data-core-v316-plus=\"true\">\n\t\t\t\t\t<div class=\"e-con-inner\">\n\t\t<div class=\"elementor-element elementor-element-c034768 e-flex e-con-boxed e-con e-child\" data-id=\"c034768\" data-element_type=\"container\" data-settings=\"{&quot;content_width&quot;:&quot;boxed&quot;}\">\n\t\t\t\t\t<div class=\"e-con-inner\">\n\t\t\t\t<div class=\"elementor-element elementor-element-93a8c81 elementor-widget elementor-widget-heading\" data-id=\"93a8c81\" data-element_type=\"widget\" data-widget_type=\"heading.default\">\n\t\t\t\t<div class=\"elementor-widget-container\">\n\t\t\t<style>\/*! elementor - v3.18.0 - 08-12-2023 *\/\n.elementor-heading-title{padding:0;margin:0;line-height:1}.elementor-widget-heading .elementor-heading-title[class*=elementor-size-]>a{color:inherit;font-size:inherit;line-height:inherit}.elementor-widget-heading .elementor-heading-title.elementor-size-small{font-size:15px}.elementor-widget-heading .elementor-heading-title.elementor-size-medium{font-size:19px}.elementor-widget-heading .elementor-heading-title.elementor-size-large{font-size:29px}.elementor-widget-heading .elementor-heading-title.elementor-size-xl{font-size:39px}.elementor-widget-heading .elementor-heading-title.elementor-size-xxl{font-size:59px}<\/style><h2 class=\"elementor-heading-title elementor-size-default\">Baroko: nebe - peklo - r\u00e1j<\/h2>\t\t<\/div>\n\t\t\t\t<\/div>\n\t\t\t\t<div class=\"elementor-element elementor-element-3e61bf6 elementor-widget elementor-widget-text-editor\" data-id=\"3e61bf6\" data-element_type=\"widget\" data-widget_type=\"text-editor.default\">\n\t\t\t\t<div class=\"elementor-widget-container\">\n\t\t\t<style>\/*! elementor - v3.18.0 - 08-12-2023 *\/\n.elementor-widget-text-editor.elementor-drop-cap-view-stacked .elementor-drop-cap{background-color:#69727d;color:#fff}.elementor-widget-text-editor.elementor-drop-cap-view-framed .elementor-drop-cap{color:#69727d;border:3px solid;background-color:transparent}.elementor-widget-text-editor:not(.elementor-drop-cap-view-default) .elementor-drop-cap{margin-top:8px}.elementor-widget-text-editor:not(.elementor-drop-cap-view-default) .elementor-drop-cap-letter{width:1em;height:1em}.elementor-widget-text-editor .elementor-drop-cap{float:left;text-align:center;line-height:1;font-size:50px}.elementor-widget-text-editor .elementor-drop-cap-letter{display:inline-block}<\/style>\t\t\t\t\t\t\t\t\t\t<\/div>\n\t\t\t\t<\/div>\n\t\t\t\t\t<\/div>\n\t\t\t\t<\/div>\n\t\t\t\t\t<\/div>\n\t\t\t\t<\/div>\n\t\t<div class=\"elementor-element elementor-element-a5064aa e-flex e-con-boxed e-con e-parent\" data-id=\"a5064aa\" data-element_type=\"container\" data-settings=\"{&quot;content_width&quot;:&quot;boxed&quot;}\" data-core-v316-plus=\"true\">\n\t\t\t\t\t<div class=\"e-con-inner\">\n\t\t<div class=\"elementor-element elementor-element-e5c318d e-flex e-con-boxed e-con e-child\" data-id=\"e5c318d\" data-element_type=\"container\" data-settings=\"{&quot;content_width&quot;:&quot;boxed&quot;}\">\n\t\t\t\t\t<div class=\"e-con-inner\">\n\t\t\t\t<div class=\"elementor-element elementor-element-6267a11 elementor-widget elementor-widget-text-editor\" data-id=\"6267a11\" data-element_type=\"widget\" data-widget_type=\"text-editor.default\">\n\t\t\t\t<div class=\"elementor-widget-container\">\n\t\t\t\t\t\t\t<blockquote><blockquote><span style=\"font-size: 18.7px;\">Specializa\u010dn\u00ed p\u0159edn\u00e1\u0161ka, kter\u00e1 v\u00e1m na z\u00e1klad\u011b exkurz\u00ed do narativn\u00edch pramen\u016f nab\u00eddne vhled do\u00a0<\/span><span style=\"font-size: 18.7px; color: var(--ast-global-color-3); font-style: initial; font-weight: inherit; font-family: var( --e-global-typography-text-font-family ), Sans-serif; text-align: var(--text-align); background-color: var(--ast-global-color-5);\">my\u0161lenkov\u00e9ho sv\u011bta barokn\u00edho \u010dlov\u011bka. \u0158e\u010d bude o utrpen\u00ed, smrti, v\u00ed\u0159e i humoru: zkr\u00e1tka o v\u0161em,\u00a0<\/span><span style=\"font-size: 18.7px; color: var(--ast-global-color-3); font-style: initial; font-weight: inherit; font-family: var( --e-global-typography-text-font-family ), Sans-serif; text-align: var(--text-align); background-color: var(--ast-global-color-5);\">s \u010d\u00edm se badatel setk\u00e1 p\u0159i studiu dobov\u00e9 mentality. Audiouk\u00e1zka dobov\u00e9 p\u00eds\u0148ov\u00e9 tvorby included!<\/span><\/blockquote><p style=\"text-align: center;\">\u00a0<\/p><\/blockquote>\t\t\t\t\t\t<\/div>\n\t\t\t\t<\/div>\n\t\t\t\t<div class=\"elementor-element elementor-element-a7d36d4 elementor-widget-divider--view-line elementor-widget elementor-widget-divider\" data-id=\"a7d36d4\" data-element_type=\"widget\" data-widget_type=\"divider.default\">\n\t\t\t\t<div class=\"elementor-widget-container\">\n\t\t\t<style>\/*! elementor - v3.18.0 - 08-12-2023 *\/\n.elementor-widget-divider{--divider-border-style:none;--divider-border-width:1px;--divider-color:#0c0d0e;--divider-icon-size:20px;--divider-element-spacing:10px;--divider-pattern-height:24px;--divider-pattern-size:20px;--divider-pattern-url:none;--divider-pattern-repeat:repeat-x}.elementor-widget-divider .elementor-divider{display:flex}.elementor-widget-divider .elementor-divider__text{font-size:15px;line-height:1;max-width:95%}.elementor-widget-divider .elementor-divider__element{margin:0 var(--divider-element-spacing);flex-shrink:0}.elementor-widget-divider .elementor-icon{font-size:var(--divider-icon-size)}.elementor-widget-divider .elementor-divider-separator{display:flex;margin:0;direction:ltr}.elementor-widget-divider--view-line_icon .elementor-divider-separator,.elementor-widget-divider--view-line_text .elementor-divider-separator{align-items:center}.elementor-widget-divider--view-line_icon .elementor-divider-separator:after,.elementor-widget-divider--view-line_icon .elementor-divider-separator:before,.elementor-widget-divider--view-line_text .elementor-divider-separator:after,.elementor-widget-divider--view-line_text .elementor-divider-separator:before{display:block;content:\"\";border-bottom:0;flex-grow:1;border-top:var(--divider-border-width) var(--divider-border-style) var(--divider-color)}.elementor-widget-divider--element-align-left .elementor-divider .elementor-divider-separator>.elementor-divider__svg:first-of-type{flex-grow:0;flex-shrink:100}.elementor-widget-divider--element-align-left .elementor-divider-separator:before{content:none}.elementor-widget-divider--element-align-left .elementor-divider__element{margin-left:0}.elementor-widget-divider--element-align-right .elementor-divider .elementor-divider-separator>.elementor-divider__svg:last-of-type{flex-grow:0;flex-shrink:100}.elementor-widget-divider--element-align-right .elementor-divider-separator:after{content:none}.elementor-widget-divider--element-align-right .elementor-divider__element{margin-right:0}.elementor-widget-divider:not(.elementor-widget-divider--view-line_text):not(.elementor-widget-divider--view-line_icon) .elementor-divider-separator{border-top:var(--divider-border-width) var(--divider-border-style) var(--divider-color)}.elementor-widget-divider--separator-type-pattern{--divider-border-style:none}.elementor-widget-divider--separator-type-pattern.elementor-widget-divider--view-line .elementor-divider-separator,.elementor-widget-divider--separator-type-pattern:not(.elementor-widget-divider--view-line) .elementor-divider-separator:after,.elementor-widget-divider--separator-type-pattern:not(.elementor-widget-divider--view-line) .elementor-divider-separator:before,.elementor-widget-divider--separator-type-pattern:not([class*=elementor-widget-divider--view]) .elementor-divider-separator{width:100%;min-height:var(--divider-pattern-height);-webkit-mask-size:var(--divider-pattern-size) 100%;mask-size:var(--divider-pattern-size) 100%;-webkit-mask-repeat:var(--divider-pattern-repeat);mask-repeat:var(--divider-pattern-repeat);background-color:var(--divider-color);-webkit-mask-image:var(--divider-pattern-url);mask-image:var(--divider-pattern-url)}.elementor-widget-divider--no-spacing{--divider-pattern-size:auto}.elementor-widget-divider--bg-round{--divider-pattern-repeat:round}.rtl .elementor-widget-divider .elementor-divider__text{direction:rtl}.e-con-inner>.elementor-widget-divider,.e-con>.elementor-widget-divider{width:var(--container-widget-width,100%);--flex-grow:var(--container-widget-flex-grow)}<\/style>\t\t<div class=\"elementor-divider\">\n\t\t\t<span class=\"elementor-divider-separator\">\n\t\t\t\t\t\t<\/span>\n\t\t<\/div>\n\t\t\t\t<\/div>\n\t\t\t\t<\/div>\n\t\t\t\t<div class=\"elementor-element elementor-element-09d747d elementor-widget elementor-widget-heading\" data-id=\"09d747d\" data-element_type=\"widget\" data-widget_type=\"heading.default\">\n\t\t\t\t<div class=\"elementor-widget-container\">\n\t\t\t<h2 class=\"elementor-heading-title elementor-size-default\"> Kristina Kupkov\u00e1<\/h2>\t\t<\/div>\n\t\t\t\t<\/div>\n\t\t\t\t\t<\/div>\n\t\t\t\t<\/div>\n\t\t\t\t\t<\/div>\n\t\t\t\t<\/div>\n\t\t<div class=\"elementor-element elementor-element-7a19c10 e-flex e-con-boxed e-con e-parent\" data-id=\"7a19c10\" data-element_type=\"container\" data-settings=\"{&quot;content_width&quot;:&quot;boxed&quot;}\" data-core-v316-plus=\"true\">\n\t\t\t\t\t<div class=\"e-con-inner\">\n\t\t<div class=\"elementor-element elementor-element-c3b1a63 e-con-full e-flex e-con e-child\" data-id=\"c3b1a63\" data-element_type=\"container\" data-settings=\"{&quot;content_width&quot;:&quot;full&quot;}\">\n\t\t\t\t<\/div>\n\t\t<div class=\"elementor-element elementor-element-f83d668 e-con-full e-flex e-con e-child\" data-id=\"f83d668\" data-element_type=\"container\" data-settings=\"{&quot;content_width&quot;:&quot;full&quot;}\">\n\t\t\t\t<div class=\"elementor-element elementor-element-0091a96 elementor-widget__width-initial elementor-widget elementor-widget-text-editor\" data-id=\"0091a96\" data-element_type=\"widget\" data-widget_type=\"text-editor.default\">\n\t\t\t\t<div class=\"elementor-widget-container\">\n\t\t\t\t\t\t\t<p style=\"font-weight: 400;\">V\u00a0sou\u010dasnosti studuje 3. ro\u010dn\u00edk magistersk\u00e9ho navazuj\u00edc\u00edho studia dvouoboru \u010cesk\u00e9 d\u011bjiny v\u00a0evropsk\u00e9m kontextu a\u00a0\u010cesk\u00fd jazyk a literatura. Dom\u00e9nou jej\u00edho badatelsk\u00e9ho z\u00e1jmu jsou kulturn\u00ed a c\u00edrkevn\u00ed d\u011bjiny (prim\u00e1rn\u011b ran\u00e9ho novov\u011bku). V\u00a0bakal\u00e1\u0159sk\u00e9 pr\u00e1ci se v\u011bnovala reform\u00e1m tridentsk\u00e9ho koncilu a jejich uplat\u0148ov\u00e1n\u00ed na \u00fazem\u00ed pra\u017esk\u00e9 a mohu\u010dsk\u00e9 arcidiec\u00e9ze a nyn\u00ed se v\u00a0pr\u00e1ci diplomov\u00e9 pokou\u0161\u00ed \u00fa\u017ee propojit sv\u00e9 obory p\u0159i zkoum\u00e1n\u00ed obrazu \u010desk\u00fdch zemsk\u00fdch patron\u016f v\u00a0hagiografi\u00edch p\u0159elomu 16. a 17. stolet\u00ed.<\/p><p style=\"font-weight: 400;\">Jeliko\u017e ji kultura a zaj\u00edm\u00e1 obecn\u011b a nerada se v\u00e1\u017ee k\u00a0jednomu obdob\u00ed, ve voln\u00e9m \u010dase si \u010dte o um\u011bleck\u00e9m (obzvl\u00e1\u0161t\u011b liter\u00e1rn\u00edm) \u017eivot\u011b prvn\u00ed dek\u00e1dy 20. stolet\u00ed (#milujemeIgn\u00e1taHerrmanna) a u\u017e\u00edv\u00e1 si filmy pro pam\u011btn\u00edky.<\/p>\t\t\t\t\t\t<\/div>\n\t\t\t\t<\/div>\n\t\t\t\t<\/div>\n\t\t<div class=\"elementor-element elementor-element-b721ad8 e-con-full e-flex e-con e-child\" data-id=\"b721ad8\" data-element_type=\"container\" data-settings=\"{&quot;content_width&quot;:&quot;full&quot;}\">\n\t\t\t\t<\/div>\n\t\t<div class=\"elementor-element elementor-element-8a4a636 e-con-full e-flex e-con e-child\" data-id=\"8a4a636\" data-element_type=\"container\" data-settings=\"{&quot;content_width&quot;:&quot;full&quot;}\">\n\t\t\t\t<div class=\"elementor-element elementor-element-eca8451 elementor-widget__width-initial elementor-widget elementor-widget-image\" data-id=\"eca8451\" data-element_type=\"widget\" data-widget_type=\"image.default\">\n\t\t\t\t<div class=\"elementor-widget-container\">\n\t\t\t<style>\/*! elementor - v3.18.0 - 08-12-2023 *\/\n.elementor-widget-image{text-align:center}.elementor-widget-image a{display:inline-block}.elementor-widget-image a img[src$=\".svg\"]{width:48px}.elementor-widget-image img{vertical-align:middle;display:inline-block}<\/style>\t\t\t\t\t\t\t\t\t\t\t\t<img fetchpriority=\"high\" decoding=\"async\" width=\"590\" height=\"1024\" src=\"http:\/\/pripravky.ffabula.cz\/wp-content\/uploads\/2024\/01\/Kupkova-590x1024.jpg\" class=\"attachment-large size-large wp-image-1762\" alt=\"\" srcset=\"http:\/\/pripravky.ffabula.cz\/wp-content\/uploads\/2024\/01\/Kupkova-590x1024.jpg 590w, http:\/\/pripravky.ffabula.cz\/wp-content\/uploads\/2024\/01\/Kupkova-173x300.jpg 173w, http:\/\/pripravky.ffabula.cz\/wp-content\/uploads\/2024\/01\/Kupkova-768x1332.jpg 768w, http:\/\/pripravky.ffabula.cz\/wp-content\/uploads\/2024\/01\/Kupkova-885x1536.jpg 885w, http:\/\/pripravky.ffabula.cz\/wp-content\/uploads\/2024\/01\/Kupkova-1180x2048.jpg 1180w, http:\/\/pripravky.ffabula.cz\/wp-content\/uploads\/2024\/01\/Kupkova-scaled.jpg 1476w\" sizes=\"(max-width: 590px) 100vw, 590px\" \/>\t\t\t\t\t\t\t\t\t\t\t\t\t\t\t<\/div>\n\t\t\t\t<\/div>\n\t\t\t\t<\/div>\n\t\t\t\t\t<\/div>\n\t\t\t\t<\/div>\n\t\t<div class=\"elementor-element elementor-element-cad0aea e-flex e-con-boxed e-con e-parent\" data-id=\"cad0aea\" data-element_type=\"container\" data-settings=\"{&quot;content_width&quot;:&quot;boxed&quot;}\" data-core-v316-plus=\"true\">\n\t\t\t\t\t<div class=\"e-con-inner\">\n\t\t<div class=\"elementor-element elementor-element-70270ad e-con-full e-flex e-con e-child\" data-id=\"70270ad\" data-element_type=\"container\" data-settings=\"{&quot;content_width&quot;:&quot;full&quot;}\">\n\t\t\t\t<\/div>\n\t\t<div class=\"elementor-element elementor-element-2783353 e-con-full e-flex e-con e-child\" data-id=\"2783353\" data-element_type=\"container\" data-settings=\"{&quot;content_width&quot;:&quot;full&quot;}\">\n\t\t\t\t<\/div>\n\t\t\t\t\t<\/div>\n\t\t\t\t<\/div>\n\t\t<div class=\"elementor-element elementor-element-b1369e5 e-flex e-con-boxed e-con e-parent\" data-id=\"b1369e5\" data-element_type=\"container\" data-settings=\"{&quot;content_width&quot;:&quot;boxed&quot;}\" data-core-v316-plus=\"true\">\n\t\t\t\t\t<div class=\"e-con-inner\">\n\t\t\t\t<div class=\"elementor-element elementor-element-7ed75c1 elementor-widget-divider--view-line elementor-widget elementor-widget-divider\" data-id=\"7ed75c1\" data-element_type=\"widget\" data-widget_type=\"divider.default\">\n\t\t\t\t<div class=\"elementor-widget-container\">\n\t\t\t\t\t<div class=\"elementor-divider\">\n\t\t\t<span class=\"elementor-divider-separator\">\n\t\t\t\t\t\t<\/span>\n\t\t<\/div>\n\t\t\t\t<\/div>\n\t\t\t\t<\/div>\n\t\t\t\t\t<\/div>\n\t\t\t\t<\/div>\n\t\t\t\t\t\t\t<\/div>\n\t\t","protected":false},"excerpt":{"rendered":"<p>Baroko: nebe &#8211; peklo &#8211; r\u00e1j Specializa\u010dn\u00ed p\u0159edn\u00e1\u0161ka, kter\u00e1 v\u00e1m na z\u00e1klad\u011b exkurz\u00ed do narativn\u00edch pramen\u016f nab\u00eddne vhled do\u00a0my\u0161lenkov\u00e9ho sv\u011bta barokn\u00edho \u010dlov\u011bka. \u0158e\u010d bude o utrpen\u00ed, smrti, v\u00ed\u0159e i humoru: zkr\u00e1tka o v\u0161em,\u00a0s \u010d\u00edm se badatel setk\u00e1 p\u0159i studiu dobov\u00e9 mentality. Audiouk\u00e1zka dobov\u00e9 p\u00eds\u0148ov\u00e9 tvorby included! \u00a0 Kristina Kupkov\u00e1 V\u00a0sou\u010dasnosti studuje 3. ro\u010dn\u00edk magistersk\u00e9ho navazuj\u00edc\u00edho &hellip;<\/p>\n<p class=\"read-more\"> <a class=\"\" href=\"http:\/\/pripravky.ffabula.cz\/index.php\/rozvrh\/modul-ii-novovek\/baroko\/\"> <span class=\"screen-reader-text\">Baroko<\/span> Pokra\u010dovat ve \u010dten\u00ed &raquo;<\/a><\/p>\n","protected":false},"author":2,"featured_media":0,"parent":639,"menu_order":0,"comment_status":"closed","ping_status":"closed","template":"","meta":{"site-sidebar-layout":"no-sidebar","site-content-layout":"","ast-site-content-layout":"full-width-container","site-content-style":"default","site-sidebar-style":"default","ast-global-header-display":"","ast-banner-title-visibility":"","ast-main-header-display":"","ast-hfb-above-header-display":"","ast-hfb-below-header-display":"","ast-hfb-mobile-header-display":"","site-post-title":"disabled","ast-breadcrumbs-content":"","ast-featured-img":"disabled","footer-sml-layout":"","theme-transparent-header-meta":"","adv-header-id-meta":"","stick-header-meta":"","header-above-stick-meta":"","header-main-stick-meta":"","header-below-stick-meta":"","astra-migrate-meta-layouts":"","ast-page-background-enabled":"default","ast-page-background-meta":{"desktop":{"background-color":"var(--ast-global-color-4)","background-image":"","background-repeat":"repeat","background-position":"center center","background-size":"auto","background-attachment":"scroll","background-type":"","background-media":"","overlay-type":"","overlay-color":"","overlay-gradient":""},"tablet":{"background-color":"","background-image":"","background-repeat":"repeat","background-position":"center center","background-size":"auto","background-attachment":"scroll","background-type":"","background-media":"","overlay-type":"","overlay-color":"","overlay-gradient":""},"mobile":{"background-color":"","background-image":"","background-repeat":"repeat","background-position":"center center","background-size":"auto","background-attachment":"scroll","background-type":"","background-media":"","overlay-type":"","overlay-color":"","overlay-gradient":""}},"ast-content-background-meta":{"desktop":{"background-color":"var(--ast-global-color-5)","background-image":"","background-repeat":"repeat","background-position":"center center","background-size":"auto","background-attachment":"scroll","background-type":"","background-media":"","overlay-type":"","overlay-color":"","overlay-gradient":""},"tablet":{"background-color":"var(--ast-global-color-5)","background-image":"","background-repeat":"repeat","background-position":"center center","background-size":"auto","background-attachment":"scroll","background-type":"","background-media":"","overlay-type":"","overlay-color":"","overlay-gradient":""},"mobile":{"background-color":"var(--ast-global-color-5)","background-image":"","background-repeat":"repeat","background-position":"center center","background-size":"auto","background-attachment":"scroll","background-type":"","background-media":"","overlay-type":"","overlay-color":"","overlay-gradient":""}},"footnotes":""},"class_list":["post-1529","page","type-page","status-publish","hentry"],"_links":{"self":[{"href":"http:\/\/pripravky.ffabula.cz\/index.php\/wp-json\/wp\/v2\/pages\/1529","targetHints":{"allow":["GET"]}}],"collection":[{"href":"http:\/\/pripravky.ffabula.cz\/index.php\/wp-json\/wp\/v2\/pages"}],"about":[{"href":"http:\/\/pripravky.ffabula.cz\/index.php\/wp-json\/wp\/v2\/types\/page"}],"author":[{"embeddable":true,"href":"http:\/\/pripravky.ffabula.cz\/index.php\/wp-json\/wp\/v2\/users\/2"}],"replies":[{"embeddable":true,"href":"http:\/\/pripravky.ffabula.cz\/index.php\/wp-json\/wp\/v2\/comments?post=1529"}],"version-history":[{"count":10,"href":"http:\/\/pripravky.ffabula.cz\/index.php\/wp-json\/wp\/v2\/pages\/1529\/revisions"}],"predecessor-version":[{"id":1766,"href":"http:\/\/pripravky.ffabula.cz\/index.php\/wp-json\/wp\/v2\/pages\/1529\/revisions\/1766"}],"up":[{"embeddable":true,"href":"http:\/\/pripravky.ffabula.cz\/index.php\/wp-json\/wp\/v2\/pages\/639"}],"wp:attachment":[{"href":"http:\/\/pripravky.ffabula.cz\/index.php\/wp-json\/wp\/v2\/media?parent=1529"}],"curies":[{"name":"wp","href":"https:\/\/api.w.org\/{rel}","templated":true}]}}