{"id":2647,"date":"2024-11-20T10:12:50","date_gmt":"2024-11-20T09:12:50","guid":{"rendered":"https:\/\/pripravky.ffabula.cz\/?page_id=2647"},"modified":"2026-01-20T15:34:52","modified_gmt":"2026-01-20T14:34:52","slug":"kolonialismus","status":"publish","type":"page","link":"http:\/\/pripravky.ffabula.cz\/index.php\/rozvrh\/modul-iii-moderni-dejiny\/kolonialismus\/","title":{"rendered":"Kolonialismus"},"content":{"rendered":"\t\t<div data-elementor-type=\"wp-page\" data-elementor-id=\"2647\" class=\"elementor elementor-2647\">\n\t\t\t\t\t\t\t<div class=\"elementor-element elementor-element-faff4bd e-flex e-con-boxed e-con e-parent\" data-id=\"faff4bd\" data-element_type=\"container\" data-settings=\"{&quot;background_background&quot;:&quot;classic&quot;,&quot;content_width&quot;:&quot;boxed&quot;}\" data-core-v316-plus=\"true\">\n\t\t\t\t\t<div class=\"e-con-inner\">\n\t\t<div class=\"elementor-element elementor-element-0999c11 e-flex e-con-boxed e-con e-child\" data-id=\"0999c11\" data-element_type=\"container\" data-settings=\"{&quot;content_width&quot;:&quot;boxed&quot;}\">\n\t\t\t\t\t<div class=\"e-con-inner\">\n\t\t\t\t<div class=\"elementor-element elementor-element-93a8c81 elementor-widget elementor-widget-heading\" data-id=\"93a8c81\" data-element_type=\"widget\" data-widget_type=\"heading.default\">\n\t\t\t\t<div class=\"elementor-widget-container\">\n\t\t\t<style>\/*! elementor - v3.18.0 - 08-12-2023 *\/\n.elementor-heading-title{padding:0;margin:0;line-height:1}.elementor-widget-heading .elementor-heading-title[class*=elementor-size-]>a{color:inherit;font-size:inherit;line-height:inherit}.elementor-widget-heading .elementor-heading-title.elementor-size-small{font-size:15px}.elementor-widget-heading .elementor-heading-title.elementor-size-medium{font-size:19px}.elementor-widget-heading .elementor-heading-title.elementor-size-large{font-size:29px}.elementor-widget-heading .elementor-heading-title.elementor-size-xl{font-size:39px}.elementor-widget-heading .elementor-heading-title.elementor-size-xxl{font-size:59px}<\/style><h2 class=\"elementor-heading-title elementor-size-default\">Evropa v z\u00e1mo\u0159\u00ed: kolonialismus a imperialismu v modern\u00edch d\u011bjin\u00e1ch <\/h2>\t\t<\/div>\n\t\t\t\t<\/div>\n\t\t\t\t<div class=\"elementor-element elementor-element-09ba155 elementor-widget elementor-widget-text-editor\" data-id=\"09ba155\" data-element_type=\"widget\" data-widget_type=\"text-editor.default\">\n\t\t\t\t<div class=\"elementor-widget-container\">\n\t\t\t<style>\/*! elementor - v3.18.0 - 08-12-2023 *\/\n.elementor-widget-text-editor.elementor-drop-cap-view-stacked .elementor-drop-cap{background-color:#69727d;color:#fff}.elementor-widget-text-editor.elementor-drop-cap-view-framed .elementor-drop-cap{color:#69727d;border:3px solid;background-color:transparent}.elementor-widget-text-editor:not(.elementor-drop-cap-view-default) .elementor-drop-cap{margin-top:8px}.elementor-widget-text-editor:not(.elementor-drop-cap-view-default) .elementor-drop-cap-letter{width:1em;height:1em}.elementor-widget-text-editor .elementor-drop-cap{float:left;text-align:center;line-height:1;font-size:50px}.elementor-widget-text-editor .elementor-drop-cap-letter{display:inline-block}<\/style>\t\t\t\t\t\t\t\t\t\t<\/div>\n\t\t\t\t<\/div>\n\t\t\t\t\t<\/div>\n\t\t\t\t<\/div>\n\t\t\t\t\t<\/div>\n\t\t\t\t<\/div>\n\t\t<div class=\"elementor-element elementor-element-a5064aa e-flex e-con-boxed e-con e-parent\" data-id=\"a5064aa\" data-element_type=\"container\" data-settings=\"{&quot;content_width&quot;:&quot;boxed&quot;}\" data-core-v316-plus=\"true\">\n\t\t\t\t\t<div class=\"e-con-inner\">\n\t\t<div class=\"elementor-element elementor-element-e5c318d e-flex e-con-boxed e-con e-child\" data-id=\"e5c318d\" data-element_type=\"container\" data-settings=\"{&quot;content_width&quot;:&quot;boxed&quot;}\">\n\t\t\t\t\t<div class=\"e-con-inner\">\n\t\t\t\t<div class=\"elementor-element elementor-element-6267a11 elementor-widget elementor-widget-text-editor\" data-id=\"6267a11\" data-element_type=\"widget\" data-widget_type=\"text-editor.default\">\n\t\t\t\t<div class=\"elementor-widget-container\">\n\t\t\t\t\t\t\t<blockquote><p style=\"text-align: center;\"><span style=\"font-weight: 400;\">C\u00edlem specializa\u010dn\u00ed p\u0159edn\u00e1\u0161ky bude poslucha\u010dstvu p\u0159edstavit zp\u016fsoby, jak\u00fdmi Evropa interagovala s\u00a0okoln\u00edmi kontinenty. Skrze p\u0159\u00edstupy glob\u00e1ln\u00edch d\u011bjin probereme ranou globalizaci, pod\u00edv\u00e1me se na vznik a budov\u00e1n\u00ed evropsk\u00fdch koloni\u00e1ln\u00edch \u0159\u00ed\u0161\u00ed a jak\u00fd m\u011bl imperialismus vliv na evropsk\u00e9 i mimoevropsk\u00e9 populace. Probereme vybran\u00e9 kapitoly z\u00a0d\u011bjiny evropsk\u00fdch koloni\u00e1ln\u00edch imp\u00e9ri\u00ed, z\u00e1kladn\u00ed spole\u010denskov\u011bdn\u00ed p\u0159\u00edstupy studia kolonialismu a prodiskutujeme ot\u00e1zky a v\u00fdzvy, kter\u00e9 z\u00a0koloni\u00e1ln\u00edho obdob\u00ed p\u0159etrv\u00e1vaj\u00ed dodnes. <\/span><\/p><\/blockquote>\t\t\t\t\t\t<\/div>\n\t\t\t\t<\/div>\n\t\t\t\t<div class=\"elementor-element elementor-element-710bab9 elementor-widget-divider--view-line elementor-widget elementor-widget-divider\" data-id=\"710bab9\" data-element_type=\"widget\" data-widget_type=\"divider.default\">\n\t\t\t\t<div class=\"elementor-widget-container\">\n\t\t\t<style>\/*! elementor - v3.18.0 - 08-12-2023 *\/\n.elementor-widget-divider{--divider-border-style:none;--divider-border-width:1px;--divider-color:#0c0d0e;--divider-icon-size:20px;--divider-element-spacing:10px;--divider-pattern-height:24px;--divider-pattern-size:20px;--divider-pattern-url:none;--divider-pattern-repeat:repeat-x}.elementor-widget-divider .elementor-divider{display:flex}.elementor-widget-divider .elementor-divider__text{font-size:15px;line-height:1;max-width:95%}.elementor-widget-divider .elementor-divider__element{margin:0 var(--divider-element-spacing);flex-shrink:0}.elementor-widget-divider .elementor-icon{font-size:var(--divider-icon-size)}.elementor-widget-divider .elementor-divider-separator{display:flex;margin:0;direction:ltr}.elementor-widget-divider--view-line_icon .elementor-divider-separator,.elementor-widget-divider--view-line_text .elementor-divider-separator{align-items:center}.elementor-widget-divider--view-line_icon .elementor-divider-separator:after,.elementor-widget-divider--view-line_icon .elementor-divider-separator:before,.elementor-widget-divider--view-line_text .elementor-divider-separator:after,.elementor-widget-divider--view-line_text .elementor-divider-separator:before{display:block;content:\"\";border-bottom:0;flex-grow:1;border-top:var(--divider-border-width) var(--divider-border-style) var(--divider-color)}.elementor-widget-divider--element-align-left .elementor-divider .elementor-divider-separator>.elementor-divider__svg:first-of-type{flex-grow:0;flex-shrink:100}.elementor-widget-divider--element-align-left .elementor-divider-separator:before{content:none}.elementor-widget-divider--element-align-left .elementor-divider__element{margin-left:0}.elementor-widget-divider--element-align-right .elementor-divider .elementor-divider-separator>.elementor-divider__svg:last-of-type{flex-grow:0;flex-shrink:100}.elementor-widget-divider--element-align-right .elementor-divider-separator:after{content:none}.elementor-widget-divider--element-align-right .elementor-divider__element{margin-right:0}.elementor-widget-divider:not(.elementor-widget-divider--view-line_text):not(.elementor-widget-divider--view-line_icon) .elementor-divider-separator{border-top:var(--divider-border-width) var(--divider-border-style) var(--divider-color)}.elementor-widget-divider--separator-type-pattern{--divider-border-style:none}.elementor-widget-divider--separator-type-pattern.elementor-widget-divider--view-line .elementor-divider-separator,.elementor-widget-divider--separator-type-pattern:not(.elementor-widget-divider--view-line) .elementor-divider-separator:after,.elementor-widget-divider--separator-type-pattern:not(.elementor-widget-divider--view-line) .elementor-divider-separator:before,.elementor-widget-divider--separator-type-pattern:not([class*=elementor-widget-divider--view]) .elementor-divider-separator{width:100%;min-height:var(--divider-pattern-height);-webkit-mask-size:var(--divider-pattern-size) 100%;mask-size:var(--divider-pattern-size) 100%;-webkit-mask-repeat:var(--divider-pattern-repeat);mask-repeat:var(--divider-pattern-repeat);background-color:var(--divider-color);-webkit-mask-image:var(--divider-pattern-url);mask-image:var(--divider-pattern-url)}.elementor-widget-divider--no-spacing{--divider-pattern-size:auto}.elementor-widget-divider--bg-round{--divider-pattern-repeat:round}.rtl .elementor-widget-divider .elementor-divider__text{direction:rtl}.e-con-inner>.elementor-widget-divider,.e-con>.elementor-widget-divider{width:var(--container-widget-width,100%);--flex-grow:var(--container-widget-flex-grow)}<\/style>\t\t<div class=\"elementor-divider\">\n\t\t\t<span class=\"elementor-divider-separator\">\n\t\t\t\t\t\t<\/span>\n\t\t<\/div>\n\t\t\t\t<\/div>\n\t\t\t\t<\/div>\n\t\t\t\t<div class=\"elementor-element elementor-element-f887220 elementor-widget elementor-widget-heading\" data-id=\"f887220\" data-element_type=\"widget\" data-widget_type=\"heading.default\">\n\t\t\t\t<div class=\"elementor-widget-container\">\n\t\t\t<h2 class=\"elementor-heading-title elementor-size-default\">Lucie Dvo\u0159\u00e1kov\u00e1<\/h2>\t\t<\/div>\n\t\t\t\t<\/div>\n\t\t\t\t\t<\/div>\n\t\t\t\t<\/div>\n\t\t\t\t\t<\/div>\n\t\t\t\t<\/div>\n\t\t<div class=\"elementor-element elementor-element-7fe3da6 e-flex e-con-boxed e-con e-parent\" data-id=\"7fe3da6\" data-element_type=\"container\" data-settings=\"{&quot;content_width&quot;:&quot;boxed&quot;}\" data-core-v316-plus=\"true\">\n\t\t\t\t\t<div class=\"e-con-inner\">\n\t\t<div class=\"elementor-element elementor-element-2df2f73 e-con-full e-flex e-con e-child\" data-id=\"2df2f73\" data-element_type=\"container\" data-settings=\"{&quot;content_width&quot;:&quot;full&quot;}\">\n\t\t\t\t<\/div>\n\t\t<div class=\"elementor-element elementor-element-657f1a6 e-con-full e-flex e-con e-child\" data-id=\"657f1a6\" data-element_type=\"container\" data-settings=\"{&quot;content_width&quot;:&quot;full&quot;}\">\n\t\t\t\t<div class=\"elementor-element elementor-element-18054c0 elementor-widget__width-initial elementor-widget elementor-widget-text-editor\" data-id=\"18054c0\" data-element_type=\"widget\" data-widget_type=\"text-editor.default\">\n\t\t\t\t<div class=\"elementor-widget-container\">\n\t\t\t\t\t\t\t<p style=\"text-align: center;\"><span style=\"font-weight: 400;\">Aktu\u00e1ln\u011b jsem studentkou navazuj\u00edc\u00edho magistersk\u00e9ho studia dvouoboru Obecn\u00e9 a komparativn\u00ed d\u011bjiny a Politick\u00e9 teorie na \u00dastavu historie FF UK a \u00dastavu politologie FF UK. P\u0159edt\u00edm jsem absolvovala nyn\u00ed ji\u017e neexistuj\u00edc\u00ed obor Historie \u2013 evropsk\u00e1 studia na FF UK, kde jsem \u00fasp\u011b\u0161n\u011b obh\u00e1jila bakal\u00e1\u0159skou pr\u00e1ci na t\u00e9ma V\u00edde\u0148sk\u00e9ho kongresu. Od n\u011bj jsem se rozhodla posunout k lidskopr\u00e1vn\u00ed problematice evropsk\u00e9ho abolicionismu na p\u0159elomu 18. a 19. stolet\u00ed, k\u00a0n\u00e1mo\u0159n\u00edm d\u011bjin\u00e1m a d\u011bjin\u00e1m kolonialismu. Kdy\u017e zrovna necestuji skrze str\u00e1nky odborn\u00e9 literatury, r\u00e1da fot\u00edm na star\u00fd fo\u0165\u00e1ky, vym\u00fd\u0161l\u00edm nov\u00fd cestovatelsk\u00fd pl\u00e1ny (\u010d\u00edm m\u00ed\u0148 realistick\u00fd, t\u00edm lep\u0161\u00ed!) a chod\u00edm do divadla. Mezi moje v\u00e1\u0161n\u011b pat\u0159\u00ed tak\u00e9 va\u0159en\u00ed, hran\u00ed Zakl\u00edna\u010de a budov\u00e1n\u00ed pov\u011bsti connaisseura supermarketov\u00e9 let\u00e1kov\u00e9 kultury. <\/span><\/p>\t\t\t\t\t\t<\/div>\n\t\t\t\t<\/div>\n\t\t\t\t<\/div>\n\t\t<div class=\"elementor-element elementor-element-f52ddb7 e-con-full e-flex e-con e-child\" data-id=\"f52ddb7\" data-element_type=\"container\" data-settings=\"{&quot;content_width&quot;:&quot;full&quot;}\">\n\t\t\t\t<\/div>\n\t\t<div class=\"elementor-element elementor-element-59d76c2 e-con-full e-flex e-con e-child\" data-id=\"59d76c2\" data-element_type=\"container\" data-settings=\"{&quot;content_width&quot;:&quot;full&quot;}\">\n\t\t\t\t<div class=\"elementor-element elementor-element-17e14a4 elementor-widget__width-initial elementor-widget elementor-widget-image\" data-id=\"17e14a4\" data-element_type=\"widget\" data-widget_type=\"image.default\">\n\t\t\t\t<div class=\"elementor-widget-container\">\n\t\t\t<style>\/*! elementor - v3.18.0 - 08-12-2023 *\/\n.elementor-widget-image{text-align:center}.elementor-widget-image a{display:inline-block}.elementor-widget-image a img[src$=\".svg\"]{width:48px}.elementor-widget-image img{vertical-align:middle;display:inline-block}<\/style>\t\t\t\t\t\t\t\t\t\t\t\t<img fetchpriority=\"high\" decoding=\"async\" width=\"1024\" height=\"1024\" src=\"http:\/\/pripravky.ffabula.cz\/wp-content\/uploads\/2023\/12\/383996999_6735992459851279_5423142187258953963_n-1-1024x1024.jpg\" class=\"attachment-large size-large wp-image-1192\" alt=\"\" srcset=\"http:\/\/pripravky.ffabula.cz\/wp-content\/uploads\/2023\/12\/383996999_6735992459851279_5423142187258953963_n-1-1024x1024.jpg 1024w, http:\/\/pripravky.ffabula.cz\/wp-content\/uploads\/2023\/12\/383996999_6735992459851279_5423142187258953963_n-1-300x300.jpg 300w, http:\/\/pripravky.ffabula.cz\/wp-content\/uploads\/2023\/12\/383996999_6735992459851279_5423142187258953963_n-1-150x150.jpg 150w, http:\/\/pripravky.ffabula.cz\/wp-content\/uploads\/2023\/12\/383996999_6735992459851279_5423142187258953963_n-1-768x768.jpg 768w, http:\/\/pripravky.ffabula.cz\/wp-content\/uploads\/2023\/12\/383996999_6735992459851279_5423142187258953963_n-1-1536x1536.jpg 1536w, http:\/\/pripravky.ffabula.cz\/wp-content\/uploads\/2023\/12\/383996999_6735992459851279_5423142187258953963_n-1.jpg 2048w\" sizes=\"(max-width: 1024px) 100vw, 1024px\" \/>\t\t\t\t\t\t\t\t\t\t\t\t\t\t\t<\/div>\n\t\t\t\t<\/div>\n\t\t\t\t<\/div>\n\t\t\t\t\t<\/div>\n\t\t\t\t<\/div>\n\t\t<div class=\"elementor-element elementor-element-b1369e5 e-flex e-con-boxed e-con e-parent\" data-id=\"b1369e5\" data-element_type=\"container\" data-settings=\"{&quot;content_width&quot;:&quot;boxed&quot;}\" data-core-v316-plus=\"true\">\n\t\t\t\t\t<div class=\"e-con-inner\">\n\t\t\t\t<div class=\"elementor-element elementor-element-7ed75c1 elementor-widget-divider--view-line elementor-widget elementor-widget-divider\" data-id=\"7ed75c1\" data-element_type=\"widget\" data-widget_type=\"divider.default\">\n\t\t\t\t<div class=\"elementor-widget-container\">\n\t\t\t\t\t<div class=\"elementor-divider\">\n\t\t\t<span class=\"elementor-divider-separator\">\n\t\t\t\t\t\t<\/span>\n\t\t<\/div>\n\t\t\t\t<\/div>\n\t\t\t\t<\/div>\n\t\t\t\t\t<\/div>\n\t\t\t\t<\/div>\n\t\t\t\t\t\t\t<\/div>\n\t\t","protected":false},"excerpt":{"rendered":"<p>Evropa v z\u00e1mo\u0159\u00ed: kolonialismus a imperialismu v modern\u00edch d\u011bjin\u00e1ch C\u00edlem specializa\u010dn\u00ed p\u0159edn\u00e1\u0161ky bude poslucha\u010dstvu p\u0159edstavit zp\u016fsoby, jak\u00fdmi Evropa interagovala s\u00a0okoln\u00edmi kontinenty. Skrze p\u0159\u00edstupy glob\u00e1ln\u00edch d\u011bjin probereme ranou globalizaci, pod\u00edv\u00e1me se na vznik a budov\u00e1n\u00ed evropsk\u00fdch koloni\u00e1ln\u00edch \u0159\u00ed\u0161\u00ed a jak\u00fd m\u011bl imperialismus vliv na evropsk\u00e9 i mimoevropsk\u00e9 populace. Probereme vybran\u00e9 kapitoly z\u00a0d\u011bjiny evropsk\u00fdch koloni\u00e1ln\u00edch imp\u00e9ri\u00ed, z\u00e1kladn\u00ed &hellip;<\/p>\n<p class=\"read-more\"> <a class=\"\" href=\"http:\/\/pripravky.ffabula.cz\/index.php\/rozvrh\/modul-iii-moderni-dejiny\/kolonialismus\/\"> <span class=\"screen-reader-text\">Kolonialismus<\/span> Pokra\u010dovat ve \u010dten\u00ed &raquo;<\/a><\/p>\n","protected":false},"author":2,"featured_media":0,"parent":642,"menu_order":0,"comment_status":"closed","ping_status":"closed","template":"","meta":{"site-sidebar-layout":"no-sidebar","site-content-layout":"","ast-site-content-layout":"full-width-container","site-content-style":"default","site-sidebar-style":"default","ast-global-header-display":"","ast-banner-title-visibility":"","ast-main-header-display":"","ast-hfb-above-header-display":"","ast-hfb-below-header-display":"","ast-hfb-mobile-header-display":"","site-post-title":"disabled","ast-breadcrumbs-content":"","ast-featured-img":"disabled","footer-sml-layout":"","theme-transparent-header-meta":"","adv-header-id-meta":"","stick-header-meta":"","header-above-stick-meta":"","header-main-stick-meta":"","header-below-stick-meta":"","astra-migrate-meta-layouts":"","ast-page-background-enabled":"default","ast-page-background-meta":{"desktop":{"background-color":"var(--ast-global-color-4)","background-image":"","background-repeat":"repeat","background-position":"center center","background-size":"auto","background-attachment":"scroll","background-type":"","background-media":"","overlay-type":"","overlay-color":"","overlay-gradient":""},"tablet":{"background-color":"","background-image":"","background-repeat":"repeat","background-position":"center center","background-size":"auto","background-attachment":"scroll","background-type":"","background-media":"","overlay-type":"","overlay-color":"","overlay-gradient":""},"mobile":{"background-color":"","background-image":"","background-repeat":"repeat","background-position":"center center","background-size":"auto","background-attachment":"scroll","background-type":"","background-media":"","overlay-type":"","overlay-color":"","overlay-gradient":""}},"ast-content-background-meta":{"desktop":{"background-color":"var(--ast-global-color-5)","background-image":"","background-repeat":"repeat","background-position":"center center","background-size":"auto","background-attachment":"scroll","background-type":"","background-media":"","overlay-type":"","overlay-color":"","overlay-gradient":""},"tablet":{"background-color":"var(--ast-global-color-5)","background-image":"","background-repeat":"repeat","background-position":"center center","background-size":"auto","background-attachment":"scroll","background-type":"","background-media":"","overlay-type":"","overlay-color":"","overlay-gradient":""},"mobile":{"background-color":"var(--ast-global-color-5)","background-image":"","background-repeat":"repeat","background-position":"center center","background-size":"auto","background-attachment":"scroll","background-type":"","background-media":"","overlay-type":"","overlay-color":"","overlay-gradient":""}},"footnotes":""},"class_list":["post-2647","page","type-page","status-publish","hentry"],"_links":{"self":[{"href":"http:\/\/pripravky.ffabula.cz\/index.php\/wp-json\/wp\/v2\/pages\/2647","targetHints":{"allow":["GET"]}}],"collection":[{"href":"http:\/\/pripravky.ffabula.cz\/index.php\/wp-json\/wp\/v2\/pages"}],"about":[{"href":"http:\/\/pripravky.ffabula.cz\/index.php\/wp-json\/wp\/v2\/types\/page"}],"author":[{"embeddable":true,"href":"http:\/\/pripravky.ffabula.cz\/index.php\/wp-json\/wp\/v2\/users\/2"}],"replies":[{"embeddable":true,"href":"http:\/\/pripravky.ffabula.cz\/index.php\/wp-json\/wp\/v2\/comments?post=2647"}],"version-history":[{"count":13,"href":"http:\/\/pripravky.ffabula.cz\/index.php\/wp-json\/wp\/v2\/pages\/2647\/revisions"}],"predecessor-version":[{"id":2996,"href":"http:\/\/pripravky.ffabula.cz\/index.php\/wp-json\/wp\/v2\/pages\/2647\/revisions\/2996"}],"up":[{"embeddable":true,"href":"http:\/\/pripravky.ffabula.cz\/index.php\/wp-json\/wp\/v2\/pages\/642"}],"wp:attachment":[{"href":"http:\/\/pripravky.ffabula.cz\/index.php\/wp-json\/wp\/v2\/media?parent=2647"}],"curies":[{"name":"wp","href":"https:\/\/api.w.org\/{rel}","templated":true}]}}