{"id":1248,"date":"2023-12-16T19:34:47","date_gmt":"2023-12-16T18:34:47","guid":{"rendered":"https:\/\/pripravky.ffabula.cz\/?page_id=1248"},"modified":"2023-12-16T19:35:53","modified_gmt":"2023-12-16T18:35:53","slug":"specializacni-prednaska-kolonialni-imperia","status":"publish","type":"page","link":"https:\/\/pripravky.ffabula.cz\/index.php\/rozvrh\/modul-iii-moderni-dejiny\/specializacni-prednaska-kolonialni-imperia\/","title":{"rendered":"Specializa\u010dn\u00ed p\u0159edn\u00e1\u0161ka: Koloni\u00e1ln\u00ed imp\u00e9ria"},"content":{"rendered":"\t\t<div data-elementor-type=\"wp-page\" data-elementor-id=\"1248\" class=\"elementor elementor-1248\">\n\t\t\t\t\t\t\t<div class=\"elementor-element elementor-element-faff4bd e-flex e-con-boxed e-con e-parent\" data-id=\"faff4bd\" data-element_type=\"container\" data-settings=\"{&quot;background_background&quot;:&quot;classic&quot;,&quot;content_width&quot;:&quot;boxed&quot;}\" data-core-v316-plus=\"true\">\n\t\t\t\t\t<div class=\"e-con-inner\">\n\t\t<div class=\"elementor-element elementor-element-0999c11 e-flex e-con-boxed e-con e-child\" data-id=\"0999c11\" data-element_type=\"container\" data-settings=\"{&quot;content_width&quot;:&quot;boxed&quot;}\">\n\t\t\t\t\t<div class=\"e-con-inner\">\n\t\t\t\t<div class=\"elementor-element elementor-element-93a8c81 elementor-widget elementor-widget-heading\" data-id=\"93a8c81\" data-element_type=\"widget\" data-widget_type=\"heading.default\">\n\t\t\t\t<div class=\"elementor-widget-container\">\n\t\t\t<style>\/*! elementor - v3.18.0 - 08-12-2023 *\/\n.elementor-heading-title{padding:0;margin:0;line-height:1}.elementor-widget-heading .elementor-heading-title[class*=elementor-size-]>a{color:inherit;font-size:inherit;line-height:inherit}.elementor-widget-heading .elementor-heading-title.elementor-size-small{font-size:15px}.elementor-widget-heading .elementor-heading-title.elementor-size-medium{font-size:19px}.elementor-widget-heading .elementor-heading-title.elementor-size-large{font-size:29px}.elementor-widget-heading .elementor-heading-title.elementor-size-xl{font-size:39px}.elementor-widget-heading .elementor-heading-title.elementor-size-xxl{font-size:59px}<\/style><h2 class=\"elementor-heading-title elementor-size-default\">Koloni\u00e1ln\u00ed imp\u00e9ria<\/h2>\t\t<\/div>\n\t\t\t\t<\/div>\n\t\t\t\t<div class=\"elementor-element elementor-element-09ba155 elementor-widget elementor-widget-text-editor\" data-id=\"09ba155\" data-element_type=\"widget\" data-widget_type=\"text-editor.default\">\n\t\t\t\t<div class=\"elementor-widget-container\">\n\t\t\t<style>\/*! elementor - v3.18.0 - 08-12-2023 *\/\n.elementor-widget-text-editor.elementor-drop-cap-view-stacked .elementor-drop-cap{background-color:#69727d;color:#fff}.elementor-widget-text-editor.elementor-drop-cap-view-framed .elementor-drop-cap{color:#69727d;border:3px solid;background-color:transparent}.elementor-widget-text-editor:not(.elementor-drop-cap-view-default) .elementor-drop-cap{margin-top:8px}.elementor-widget-text-editor:not(.elementor-drop-cap-view-default) .elementor-drop-cap-letter{width:1em;height:1em}.elementor-widget-text-editor .elementor-drop-cap{float:left;text-align:center;line-height:1;font-size:50px}.elementor-widget-text-editor .elementor-drop-cap-letter{display:inline-block}<\/style>\t\t\t\t\t\t\t\t\t\t<\/div>\n\t\t\t\t<\/div>\n\t\t\t\t\t<\/div>\n\t\t\t\t<\/div>\n\t\t\t\t\t<\/div>\n\t\t\t\t<\/div>\n\t\t<div class=\"elementor-element elementor-element-a5064aa e-flex e-con-boxed e-con e-parent\" data-id=\"a5064aa\" data-element_type=\"container\" data-settings=\"{&quot;content_width&quot;:&quot;boxed&quot;}\" data-core-v316-plus=\"true\">\n\t\t\t\t\t<div class=\"e-con-inner\">\n\t\t<div class=\"elementor-element elementor-element-e5c318d e-flex e-con-boxed e-con e-child\" data-id=\"e5c318d\" data-element_type=\"container\" data-settings=\"{&quot;content_width&quot;:&quot;boxed&quot;}\">\n\t\t\t\t\t<div class=\"e-con-inner\">\n\t\t\t\t<div class=\"elementor-element elementor-element-6267a11 elementor-widget elementor-widget-text-editor\" data-id=\"6267a11\" data-element_type=\"widget\" data-widget_type=\"text-editor.default\">\n\t\t\t\t<div class=\"elementor-widget-container\">\n\t\t\t\t\t\t\t<blockquote><div style=\"text-align: center;\">Ve t\u00e9to specializa\u010dn\u00ed p\u0159edn\u00e1\u0161ce se pod\u00edv\u00e1me na budov\u00e1n\u00ed a v\u00fdvoj koloni\u00e1ln\u00edch imp\u00e9ri\u00ed v\u00a0dob\u011b<br \/>dlouh\u00e9ho 19. stolet\u00ed. Sezn\u00e1m\u00edme se s\u00a0koloni\u00e1ln\u00edmi imp\u00e9rii Velk\u00e9 Brit\u00e1nie, Francie, N\u011bmecka,<br \/>It\u00e1lie a Belgie. Zam\u011b\u0159\u00edme se tak\u00e9 na n\u011bkter\u00e9 nejv\u011bt\u0161\u00ed excesy spojen\u00e9 s\u00a0budov\u00e1n\u00edm t\u011bchto<br \/>imp\u00e9ri\u00ed (Belgick\u00e9 Kongo, Velk\u00e9 indick\u00e9 povst\u00e1n\u00ed, Mahd\u00edho povst\u00e1n\u00ed, Beninsk\u00fd bronz).<\/div><\/blockquote>\t\t\t\t\t\t<\/div>\n\t\t\t\t<\/div>\n\t\t\t\t<div class=\"elementor-element elementor-element-710bab9 elementor-widget-divider--view-line elementor-widget elementor-widget-divider\" data-id=\"710bab9\" data-element_type=\"widget\" data-widget_type=\"divider.default\">\n\t\t\t\t<div class=\"elementor-widget-container\">\n\t\t\t<style>\/*! elementor - v3.18.0 - 08-12-2023 *\/\n.elementor-widget-divider{--divider-border-style:none;--divider-border-width:1px;--divider-color:#0c0d0e;--divider-icon-size:20px;--divider-element-spacing:10px;--divider-pattern-height:24px;--divider-pattern-size:20px;--divider-pattern-url:none;--divider-pattern-repeat:repeat-x}.elementor-widget-divider .elementor-divider{display:flex}.elementor-widget-divider .elementor-divider__text{font-size:15px;line-height:1;max-width:95%}.elementor-widget-divider .elementor-divider__element{margin:0 var(--divider-element-spacing);flex-shrink:0}.elementor-widget-divider .elementor-icon{font-size:var(--divider-icon-size)}.elementor-widget-divider .elementor-divider-separator{display:flex;margin:0;direction:ltr}.elementor-widget-divider--view-line_icon .elementor-divider-separator,.elementor-widget-divider--view-line_text .elementor-divider-separator{align-items:center}.elementor-widget-divider--view-line_icon .elementor-divider-separator:after,.elementor-widget-divider--view-line_icon .elementor-divider-separator:before,.elementor-widget-divider--view-line_text .elementor-divider-separator:after,.elementor-widget-divider--view-line_text .elementor-divider-separator:before{display:block;content:\"\";border-bottom:0;flex-grow:1;border-top:var(--divider-border-width) var(--divider-border-style) var(--divider-color)}.elementor-widget-divider--element-align-left .elementor-divider .elementor-divider-separator>.elementor-divider__svg:first-of-type{flex-grow:0;flex-shrink:100}.elementor-widget-divider--element-align-left .elementor-divider-separator:before{content:none}.elementor-widget-divider--element-align-left .elementor-divider__element{margin-left:0}.elementor-widget-divider--element-align-right .elementor-divider .elementor-divider-separator>.elementor-divider__svg:last-of-type{flex-grow:0;flex-shrink:100}.elementor-widget-divider--element-align-right .elementor-divider-separator:after{content:none}.elementor-widget-divider--element-align-right .elementor-divider__element{margin-right:0}.elementor-widget-divider:not(.elementor-widget-divider--view-line_text):not(.elementor-widget-divider--view-line_icon) .elementor-divider-separator{border-top:var(--divider-border-width) var(--divider-border-style) var(--divider-color)}.elementor-widget-divider--separator-type-pattern{--divider-border-style:none}.elementor-widget-divider--separator-type-pattern.elementor-widget-divider--view-line .elementor-divider-separator,.elementor-widget-divider--separator-type-pattern:not(.elementor-widget-divider--view-line) .elementor-divider-separator:after,.elementor-widget-divider--separator-type-pattern:not(.elementor-widget-divider--view-line) .elementor-divider-separator:before,.elementor-widget-divider--separator-type-pattern:not([class*=elementor-widget-divider--view]) .elementor-divider-separator{width:100%;min-height:var(--divider-pattern-height);-webkit-mask-size:var(--divider-pattern-size) 100%;mask-size:var(--divider-pattern-size) 100%;-webkit-mask-repeat:var(--divider-pattern-repeat);mask-repeat:var(--divider-pattern-repeat);background-color:var(--divider-color);-webkit-mask-image:var(--divider-pattern-url);mask-image:var(--divider-pattern-url)}.elementor-widget-divider--no-spacing{--divider-pattern-size:auto}.elementor-widget-divider--bg-round{--divider-pattern-repeat:round}.rtl .elementor-widget-divider .elementor-divider__text{direction:rtl}.e-con-inner>.elementor-widget-divider,.e-con>.elementor-widget-divider{width:var(--container-widget-width,100%);--flex-grow:var(--container-widget-flex-grow)}<\/style>\t\t<div class=\"elementor-divider\">\n\t\t\t<span class=\"elementor-divider-separator\">\n\t\t\t\t\t\t<\/span>\n\t\t<\/div>\n\t\t\t\t<\/div>\n\t\t\t\t<\/div>\n\t\t\t\t<div class=\"elementor-element elementor-element-f887220 elementor-widget elementor-widget-heading\" data-id=\"f887220\" data-element_type=\"widget\" data-widget_type=\"heading.default\">\n\t\t\t\t<div class=\"elementor-widget-container\">\n\t\t\t<h2 class=\"elementor-heading-title elementor-size-default\">Pavel Petric<\/h2>\t\t<\/div>\n\t\t\t\t<\/div>\n\t\t\t\t\t<\/div>\n\t\t\t\t<\/div>\n\t\t\t\t\t<\/div>\n\t\t\t\t<\/div>\n\t\t<div class=\"elementor-element elementor-element-7fe3da6 e-flex e-con-boxed e-con e-parent\" data-id=\"7fe3da6\" data-element_type=\"container\" data-settings=\"{&quot;content_width&quot;:&quot;boxed&quot;}\" data-core-v316-plus=\"true\">\n\t\t\t\t\t<div class=\"e-con-inner\">\n\t\t<div class=\"elementor-element elementor-element-2df2f73 e-con-full e-flex e-con e-child\" data-id=\"2df2f73\" data-element_type=\"container\" data-settings=\"{&quot;content_width&quot;:&quot;full&quot;}\">\n\t\t\t\t<\/div>\n\t\t<div class=\"elementor-element elementor-element-657f1a6 e-con-full e-flex e-con e-child\" data-id=\"657f1a6\" data-element_type=\"container\" data-settings=\"{&quot;content_width&quot;:&quot;full&quot;}\">\n\t\t\t\t<div class=\"elementor-element elementor-element-18054c0 elementor-widget__width-initial elementor-widget elementor-widget-text-editor\" data-id=\"18054c0\" data-element_type=\"widget\" data-widget_type=\"text-editor.default\">\n\t\t\t\t<div class=\"elementor-widget-container\">\n\t\t\t\t\t\t\t<p style=\"text-align: center;\">Jsem studentem doktorsk\u00e9ho studia na \u00dastavu \u010desk\u00fdch d\u011bjin. Odborn\u011b se zab\u00fdv\u00e1m<br \/>tuberkul\u00f3zou jako politicko-v\u011bdeck\u00fdm probl\u00e9mem na p\u0159elomu 19. a 20. stolet\u00ed v\u00a0prostoru<br \/>Rakouska-Uherska s\u00a0p\u0159esahem do N\u011bmecka. Z\u00e1rove\u0148 se v\u011bnuji rozd\u00edl\u016fm v\u00a0percepci<br \/>tuberkul\u00f3zy mezi kontinent\u00e1ln\u00ed Evropou a Britsk\u00fdmi ostrovy. M\u00fdm sekund\u00e1rn\u00edm t\u00e9matem je<br \/>vyu\u017eit\u00ed po\u010d\u00edta\u010dov\u00fdch her ve v\u00fduce d\u011bjepisu.<\/p>\t\t\t\t\t\t<\/div>\n\t\t\t\t<\/div>\n\t\t\t\t<\/div>\n\t\t<div class=\"elementor-element elementor-element-f52ddb7 e-con-full e-flex e-con e-child\" data-id=\"f52ddb7\" data-element_type=\"container\" data-settings=\"{&quot;content_width&quot;:&quot;full&quot;}\">\n\t\t\t\t<\/div>\n\t\t<div class=\"elementor-element elementor-element-59d76c2 e-con-full e-flex e-con e-child\" data-id=\"59d76c2\" data-element_type=\"container\" data-settings=\"{&quot;content_width&quot;:&quot;full&quot;}\">\n\t\t\t\t<div class=\"elementor-element elementor-element-17e14a4 elementor-widget__width-initial elementor-widget elementor-widget-image\" data-id=\"17e14a4\" data-element_type=\"widget\" data-widget_type=\"image.default\">\n\t\t\t\t<div class=\"elementor-widget-container\">\n\t\t\t<style>\/*! elementor - v3.18.0 - 08-12-2023 *\/\n.elementor-widget-image{text-align:center}.elementor-widget-image a{display:inline-block}.elementor-widget-image a img[src$=\".svg\"]{width:48px}.elementor-widget-image img{vertical-align:middle;display:inline-block}<\/style>\t\t\t\t\t\t\t\t\t\t\t\t<img fetchpriority=\"high\" decoding=\"async\" width=\"1019\" height=\"1024\" src=\"https:\/\/pripravky.ffabula.cz\/wp-content\/uploads\/2023\/12\/petric-1-1019x1024.jpeg\" class=\"attachment-large size-large wp-image-1241\" alt=\"\" srcset=\"https:\/\/pripravky.ffabula.cz\/wp-content\/uploads\/2023\/12\/petric-1-1019x1024.jpeg 1019w, https:\/\/pripravky.ffabula.cz\/wp-content\/uploads\/2023\/12\/petric-1-300x300.jpeg 300w, https:\/\/pripravky.ffabula.cz\/wp-content\/uploads\/2023\/12\/petric-1-150x150.jpeg 150w, https:\/\/pripravky.ffabula.cz\/wp-content\/uploads\/2023\/12\/petric-1-768x771.jpeg 768w, https:\/\/pripravky.ffabula.cz\/wp-content\/uploads\/2023\/12\/petric-1.jpeg 1125w\" sizes=\"(max-width: 1019px) 100vw, 1019px\" \/>\t\t\t\t\t\t\t\t\t\t\t\t\t\t\t<\/div>\n\t\t\t\t<\/div>\n\t\t\t\t<\/div>\n\t\t\t\t\t<\/div>\n\t\t\t\t<\/div>\n\t\t<div class=\"elementor-element elementor-element-b1369e5 e-flex e-con-boxed e-con e-parent\" data-id=\"b1369e5\" data-element_type=\"container\" data-settings=\"{&quot;content_width&quot;:&quot;boxed&quot;}\" data-core-v316-plus=\"true\">\n\t\t\t\t\t<div class=\"e-con-inner\">\n\t\t\t\t<div class=\"elementor-element elementor-element-7ed75c1 elementor-widget-divider--view-line elementor-widget elementor-widget-divider\" data-id=\"7ed75c1\" data-element_type=\"widget\" data-widget_type=\"divider.default\">\n\t\t\t\t<div class=\"elementor-widget-container\">\n\t\t\t\t\t<div class=\"elementor-divider\">\n\t\t\t<span class=\"elementor-divider-separator\">\n\t\t\t\t\t\t<\/span>\n\t\t<\/div>\n\t\t\t\t<\/div>\n\t\t\t\t<\/div>\n\t\t\t\t\t<\/div>\n\t\t\t\t<\/div>\n\t\t\t\t\t\t\t<\/div>\n\t\t","protected":false},"excerpt":{"rendered":"<p>Koloni\u00e1ln\u00ed imp\u00e9ria Ve t\u00e9to specializa\u010dn\u00ed p\u0159edn\u00e1\u0161ce se pod\u00edv\u00e1me na budov\u00e1n\u00ed a v\u00fdvoj koloni\u00e1ln\u00edch imp\u00e9ri\u00ed v\u00a0dob\u011bdlouh\u00e9ho 19. stolet\u00ed. Sezn\u00e1m\u00edme se s\u00a0koloni\u00e1ln\u00edmi imp\u00e9rii Velk\u00e9 Brit\u00e1nie, Francie, N\u011bmecka,It\u00e1lie a Belgie. Zam\u011b\u0159\u00edme se tak\u00e9 na n\u011bkter\u00e9 nejv\u011bt\u0161\u00ed excesy spojen\u00e9 s\u00a0budov\u00e1n\u00edm t\u011bchtoimp\u00e9ri\u00ed (Belgick\u00e9 Kongo, Velk\u00e9 indick\u00e9 povst\u00e1n\u00ed, Mahd\u00edho povst\u00e1n\u00ed, Beninsk\u00fd bronz). Pavel Petric Jsem studentem doktorsk\u00e9ho studia na \u00dastavu \u010desk\u00fdch &hellip;<\/p>\n<p class=\"read-more\"> <a class=\"\" href=\"https:\/\/pripravky.ffabula.cz\/index.php\/rozvrh\/modul-iii-moderni-dejiny\/specializacni-prednaska-kolonialni-imperia\/\"> <span class=\"screen-reader-text\">Specializa\u010dn\u00ed p\u0159edn\u00e1\u0161ka: Koloni\u00e1ln\u00ed imp\u00e9ria<\/span> Pokra\u010dovat ve \u010dten\u00ed &raquo;<\/a><\/p>\n","protected":false},"author":2,"featured_media":0,"parent":642,"menu_order":0,"comment_status":"closed","ping_status":"closed","template":"","meta":{"site-sidebar-layout":"no-sidebar","site-content-layout":"","ast-site-content-layout":"full-width-container","site-content-style":"default","site-sidebar-style":"default","ast-global-header-display":"","ast-banner-title-visibility":"","ast-main-header-display":"","ast-hfb-above-header-display":"","ast-hfb-below-header-display":"","ast-hfb-mobile-header-display":"","site-post-title":"disabled","ast-breadcrumbs-content":"","ast-featured-img":"disabled","footer-sml-layout":"","theme-transparent-header-meta":"","adv-header-id-meta":"","stick-header-meta":"","header-above-stick-meta":"","header-main-stick-meta":"","header-below-stick-meta":"","astra-migrate-meta-layouts":"","ast-page-background-enabled":"default","ast-page-background-meta":{"desktop":{"background-color":"var(--ast-global-color-4)","background-image":"","background-repeat":"repeat","background-position":"center center","background-size":"auto","background-attachment":"scroll","background-type":"","background-media":"","overlay-type":"","overlay-color":"","overlay-gradient":""},"tablet":{"background-color":"","background-image":"","background-repeat":"repeat","background-position":"center center","background-size":"auto","background-attachment":"scroll","background-type":"","background-media":"","overlay-type":"","overlay-color":"","overlay-gradient":""},"mobile":{"background-color":"","background-image":"","background-repeat":"repeat","background-position":"center center","background-size":"auto","background-attachment":"scroll","background-type":"","background-media":"","overlay-type":"","overlay-color":"","overlay-gradient":""}},"ast-content-background-meta":{"desktop":{"background-color":"var(--ast-global-color-5)","background-image":"","background-repeat":"repeat","background-position":"center center","background-size":"auto","background-attachment":"scroll","background-type":"","background-media":"","overlay-type":"","overlay-color":"","overlay-gradient":""},"tablet":{"background-color":"var(--ast-global-color-5)","background-image":"","background-repeat":"repeat","background-position":"center center","background-size":"auto","background-attachment":"scroll","background-type":"","background-media":"","overlay-type":"","overlay-color":"","overlay-gradient":""},"mobile":{"background-color":"var(--ast-global-color-5)","background-image":"","background-repeat":"repeat","background-position":"center center","background-size":"auto","background-attachment":"scroll","background-type":"","background-media":"","overlay-type":"","overlay-color":"","overlay-gradient":""}},"footnotes":""},"class_list":["post-1248","page","type-page","status-publish","hentry"],"_links":{"self":[{"href":"https:\/\/pripravky.ffabula.cz\/index.php\/wp-json\/wp\/v2\/pages\/1248","targetHints":{"allow":["GET"]}}],"collection":[{"href":"https:\/\/pripravky.ffabula.cz\/index.php\/wp-json\/wp\/v2\/pages"}],"about":[{"href":"https:\/\/pripravky.ffabula.cz\/index.php\/wp-json\/wp\/v2\/types\/page"}],"author":[{"embeddable":true,"href":"https:\/\/pripravky.ffabula.cz\/index.php\/wp-json\/wp\/v2\/users\/2"}],"replies":[{"embeddable":true,"href":"https:\/\/pripravky.ffabula.cz\/index.php\/wp-json\/wp\/v2\/comments?post=1248"}],"version-history":[{"count":4,"href":"https:\/\/pripravky.ffabula.cz\/index.php\/wp-json\/wp\/v2\/pages\/1248\/revisions"}],"predecessor-version":[{"id":1252,"href":"https:\/\/pripravky.ffabula.cz\/index.php\/wp-json\/wp\/v2\/pages\/1248\/revisions\/1252"}],"up":[{"embeddable":true,"href":"https:\/\/pripravky.ffabula.cz\/index.php\/wp-json\/wp\/v2\/pages\/642"}],"wp:attachment":[{"href":"https:\/\/pripravky.ffabula.cz\/index.php\/wp-json\/wp\/v2\/media?parent=1248"}],"curies":[{"name":"wp","href":"https:\/\/api.w.org\/{rel}","templated":true}]}}