{"id":1350,"date":"2023-12-19T21:51:34","date_gmt":"2023-12-19T20:51:34","guid":{"rendered":"https:\/\/pripravky.ffabula.cz\/?page_id=1350"},"modified":"2023-12-19T21:55:17","modified_gmt":"2023-12-19T20:55:17","slug":"obecny-stredovek-zapad-i","status":"publish","type":"page","link":"https:\/\/pripravky.ffabula.cz\/index.php\/rozvrh\/modul-i\/obecny-stredovek-zapad-i\/","title":{"rendered":"Obecn\u00fd st\u0159edov\u011bk \u2013 Z\u00e1pad I"},"content":{"rendered":"\t\t<div data-elementor-type=\"wp-page\" data-elementor-id=\"1350\" class=\"elementor elementor-1350\">\n\t\t\t\t\t\t\t<div class=\"elementor-element elementor-element-faff4bd e-flex e-con-boxed e-con e-parent\" data-id=\"faff4bd\" data-element_type=\"container\" data-settings=\"{&quot;background_background&quot;:&quot;classic&quot;,&quot;content_width&quot;:&quot;boxed&quot;}\" data-core-v316-plus=\"true\">\n\t\t\t\t\t<div class=\"e-con-inner\">\n\t\t<div class=\"elementor-element elementor-element-8606722 e-flex e-con-boxed e-con e-child\" data-id=\"8606722\" data-element_type=\"container\" data-settings=\"{&quot;content_width&quot;:&quot;boxed&quot;}\">\n\t\t\t\t\t<div class=\"e-con-inner\">\n\t\t\t\t<div class=\"elementor-element elementor-element-93a8c81 elementor-widget elementor-widget-heading\" data-id=\"93a8c81\" data-element_type=\"widget\" data-widget_type=\"heading.default\">\n\t\t\t\t<div class=\"elementor-widget-container\">\n\t\t\t<style>\/*! elementor - v3.18.0 - 08-12-2023 *\/\n.elementor-heading-title{padding:0;margin:0;line-height:1}.elementor-widget-heading .elementor-heading-title[class*=elementor-size-]>a{color:inherit;font-size:inherit;line-height:inherit}.elementor-widget-heading .elementor-heading-title.elementor-size-small{font-size:15px}.elementor-widget-heading .elementor-heading-title.elementor-size-medium{font-size:19px}.elementor-widget-heading .elementor-heading-title.elementor-size-large{font-size:29px}.elementor-widget-heading .elementor-heading-title.elementor-size-xl{font-size:39px}.elementor-widget-heading .elementor-heading-title.elementor-size-xxl{font-size:59px}<\/style><h2 class=\"elementor-heading-title elementor-size-default\">Obecn\u00fd st\u0159edov\u011bk - Z\u00e1pad I<\/h2>\t\t<\/div>\n\t\t\t\t<\/div>\n\t\t\t\t<div class=\"elementor-element elementor-element-d441579 elementor-widget elementor-widget-text-editor\" data-id=\"d441579\" data-element_type=\"widget\" data-widget_type=\"text-editor.default\">\n\t\t\t\t<div class=\"elementor-widget-container\">\n\t\t\t<style>\/*! elementor - v3.18.0 - 08-12-2023 *\/\n.elementor-widget-text-editor.elementor-drop-cap-view-stacked .elementor-drop-cap{background-color:#69727d;color:#fff}.elementor-widget-text-editor.elementor-drop-cap-view-framed .elementor-drop-cap{color:#69727d;border:3px solid;background-color:transparent}.elementor-widget-text-editor:not(.elementor-drop-cap-view-default) .elementor-drop-cap{margin-top:8px}.elementor-widget-text-editor:not(.elementor-drop-cap-view-default) .elementor-drop-cap-letter{width:1em;height:1em}.elementor-widget-text-editor .elementor-drop-cap{float:left;text-align:center;line-height:1;font-size:50px}.elementor-widget-text-editor .elementor-drop-cap-letter{display:inline-block}<\/style>\t\t\t\t\t\t\t\t\t\t<\/div>\n\t\t\t\t<\/div>\n\t\t\t\t\t<\/div>\n\t\t\t\t<\/div>\n\t\t\t\t\t<\/div>\n\t\t\t\t<\/div>\n\t\t<div class=\"elementor-element elementor-element-a5064aa e-flex e-con-boxed e-con e-parent\" data-id=\"a5064aa\" data-element_type=\"container\" data-settings=\"{&quot;content_width&quot;:&quot;boxed&quot;}\" data-core-v316-plus=\"true\">\n\t\t\t\t\t<div class=\"e-con-inner\">\n\t\t<div class=\"elementor-element elementor-element-e5c318d e-flex e-con-boxed e-con e-child\" data-id=\"e5c318d\" data-element_type=\"container\" data-settings=\"{&quot;content_width&quot;:&quot;boxed&quot;}\">\n\t\t\t\t\t<div class=\"e-con-inner\">\n\t\t\t\t<div class=\"elementor-element elementor-element-6267a11 elementor-widget__width-initial elementor-widget elementor-widget-text-editor\" data-id=\"6267a11\" data-element_type=\"widget\" data-widget_type=\"text-editor.default\">\n\t\t\t\t<div class=\"elementor-widget-container\">\n\t\t\t\t\t\t\t<blockquote><p style=\"text-align: center;\">P\u0159edn\u00e1\u0161ka se bude v\u011bnovat ud\u00e1lostem v\u00a0z\u00e1padn\u00ed Evrop\u011b ve stalet\u00edch n\u00e1sleduj\u00edc\u00edch po p\u00e1du z\u00e1pado\u0159\u00edmsk\u00e9 \u0159\u00ed\u0161e. Po st\u011bhov\u00e1n\u00ed n\u00e1rod\u016f vzniklo v\u00a0Evrop\u011b n\u011bkolik nov\u00fdch st\u00e1t\u016f na trosk\u00e1ch \u0159\u00edmsk\u00e9 \u0159\u00ed\u0161e a tyto st\u00e1ty polo\u017eily z\u00e1klad pro n\u00e1sleduj\u00edc\u00ed podobu Evropy. Postupn\u011b vznikla kr\u00e1lovstv\u00ed Frank\u016f v\u00a0Galii, Vizig\u00f3t\u016f v\u00a0Hisp\u00e1nii a Langobard\u016f v\u00a0It\u00e1lii. Z\u00a0t\u011bchto st\u00e1t\u016f nejd\u00e9le vydr\u017eela \u0159\u00ed\u0161e Frank\u016f, a\u0165 v\u00a0n\u00ed do\u0161lo v\u00a0polovin\u011b 8. stolet\u00ed k\u00a0v\u00fdm\u011bn\u011b vl\u00e1dnouc\u00ed dynastie, kdy\u017e v\u00a0t\u00e9 dob\u011b ji\u017e slab\u00fd rod Merovejc\u016f nahradila dynastie Karlovc\u016f. Krom\u011b politick\u00e9ho v\u00fdvoje t\u011bchto velk\u00fdch st\u00e1tn\u00edch celk\u016f se p\u0159edn\u00e1\u0161ka zam\u011b\u0159\u00ed i na problematiku n\u00e1jezdn\u00edk\u016f, kter\u00fdm tyto st\u00e1ty \u010delily, a v\u00fdvoj c\u00edrkve, kter\u00fd byl kl\u00ed\u010dov\u00fd pro podobu st\u0159edov\u011bk\u00e9 spole\u010dnosti.<\/p><p style=\"text-align: center;\"><b>\u00a0<\/b><\/p><p style=\"text-align: center;\"><b>Tematick\u00e9 okruhy<\/b><\/p><p style=\"text-align: center;\">1. Vymezen\u00ed obdob\u00ed<\/p><p style=\"text-align: center;\">2. Merovejsk\u00e1 Galie<\/p><p style=\"text-align: center;\">3. Vizig\u00f3tsk\u00e9 kr\u00e1lovstv\u00ed<\/p><p style=\"text-align: center;\">4. Langobardi v\u00a0It\u00e1lii<\/p><p style=\"text-align: center;\">5. Karel Velik\u00fd a dynastie Karlovc\u016f<\/p><p style=\"text-align: center;\">6. Ran\u011b st\u0159edov\u011bc\u00ed n\u00e1jezdn\u00edci<\/p><p style=\"text-align: center;\">7. C\u00edrkev v\u00a0ran\u00e9m st\u0159edov\u011bku<\/p><\/blockquote>\t\t\t\t\t\t<\/div>\n\t\t\t\t<\/div>\n\t\t\t\t\t<\/div>\n\t\t\t\t<\/div>\n\t\t\t\t<div class=\"elementor-element elementor-element-8209d50 elementor-widget-divider--view-line elementor-widget elementor-widget-divider\" data-id=\"8209d50\" data-element_type=\"widget\" data-widget_type=\"divider.default\">\n\t\t\t\t<div class=\"elementor-widget-container\">\n\t\t\t<style>\/*! elementor - v3.18.0 - 08-12-2023 *\/\n.elementor-widget-divider{--divider-border-style:none;--divider-border-width:1px;--divider-color:#0c0d0e;--divider-icon-size:20px;--divider-element-spacing:10px;--divider-pattern-height:24px;--divider-pattern-size:20px;--divider-pattern-url:none;--divider-pattern-repeat:repeat-x}.elementor-widget-divider .elementor-divider{display:flex}.elementor-widget-divider .elementor-divider__text{font-size:15px;line-height:1;max-width:95%}.elementor-widget-divider .elementor-divider__element{margin:0 var(--divider-element-spacing);flex-shrink:0}.elementor-widget-divider .elementor-icon{font-size:var(--divider-icon-size)}.elementor-widget-divider .elementor-divider-separator{display:flex;margin:0;direction:ltr}.elementor-widget-divider--view-line_icon .elementor-divider-separator,.elementor-widget-divider--view-line_text .elementor-divider-separator{align-items:center}.elementor-widget-divider--view-line_icon .elementor-divider-separator:after,.elementor-widget-divider--view-line_icon .elementor-divider-separator:before,.elementor-widget-divider--view-line_text .elementor-divider-separator:after,.elementor-widget-divider--view-line_text .elementor-divider-separator:before{display:block;content:\"\";border-bottom:0;flex-grow:1;border-top:var(--divider-border-width) var(--divider-border-style) var(--divider-color)}.elementor-widget-divider--element-align-left .elementor-divider .elementor-divider-separator>.elementor-divider__svg:first-of-type{flex-grow:0;flex-shrink:100}.elementor-widget-divider--element-align-left .elementor-divider-separator:before{content:none}.elementor-widget-divider--element-align-left .elementor-divider__element{margin-left:0}.elementor-widget-divider--element-align-right .elementor-divider .elementor-divider-separator>.elementor-divider__svg:last-of-type{flex-grow:0;flex-shrink:100}.elementor-widget-divider--element-align-right .elementor-divider-separator:after{content:none}.elementor-widget-divider--element-align-right .elementor-divider__element{margin-right:0}.elementor-widget-divider:not(.elementor-widget-divider--view-line_text):not(.elementor-widget-divider--view-line_icon) .elementor-divider-separator{border-top:var(--divider-border-width) var(--divider-border-style) var(--divider-color)}.elementor-widget-divider--separator-type-pattern{--divider-border-style:none}.elementor-widget-divider--separator-type-pattern.elementor-widget-divider--view-line .elementor-divider-separator,.elementor-widget-divider--separator-type-pattern:not(.elementor-widget-divider--view-line) .elementor-divider-separator:after,.elementor-widget-divider--separator-type-pattern:not(.elementor-widget-divider--view-line) .elementor-divider-separator:before,.elementor-widget-divider--separator-type-pattern:not([class*=elementor-widget-divider--view]) .elementor-divider-separator{width:100%;min-height:var(--divider-pattern-height);-webkit-mask-size:var(--divider-pattern-size) 100%;mask-size:var(--divider-pattern-size) 100%;-webkit-mask-repeat:var(--divider-pattern-repeat);mask-repeat:var(--divider-pattern-repeat);background-color:var(--divider-color);-webkit-mask-image:var(--divider-pattern-url);mask-image:var(--divider-pattern-url)}.elementor-widget-divider--no-spacing{--divider-pattern-size:auto}.elementor-widget-divider--bg-round{--divider-pattern-repeat:round}.rtl .elementor-widget-divider .elementor-divider__text{direction:rtl}.e-con-inner>.elementor-widget-divider,.e-con>.elementor-widget-divider{width:var(--container-widget-width,100%);--flex-grow:var(--container-widget-flex-grow)}<\/style>\t\t<div class=\"elementor-divider\">\n\t\t\t<span class=\"elementor-divider-separator\">\n\t\t\t\t\t\t<\/span>\n\t\t<\/div>\n\t\t\t\t<\/div>\n\t\t\t\t<\/div>\n\t\t\t\t\t<\/div>\n\t\t\t\t<\/div>\n\t\t<div class=\"elementor-element elementor-element-b1369e5 e-flex e-con-boxed e-con e-parent\" data-id=\"b1369e5\" data-element_type=\"container\" data-settings=\"{&quot;content_width&quot;:&quot;boxed&quot;}\" data-core-v316-plus=\"true\">\n\t\t\t\t\t<div class=\"e-con-inner\">\n\t\t\t\t<div class=\"elementor-element elementor-element-1365fd1 elementor-widget elementor-widget-heading\" data-id=\"1365fd1\" data-element_type=\"widget\" data-widget_type=\"heading.default\">\n\t\t\t\t<div class=\"elementor-widget-container\">\n\t\t\t<h2 class=\"elementor-heading-title elementor-size-default\">Oto Mestek<\/h2>\t\t<\/div>\n\t\t\t\t<\/div>\n\t\t\t\t\t<\/div>\n\t\t\t\t<\/div>\n\t\t<div class=\"elementor-element elementor-element-0cbde6f e-flex e-con-boxed e-con e-parent\" data-id=\"0cbde6f\" data-element_type=\"container\" data-settings=\"{&quot;content_width&quot;:&quot;boxed&quot;}\" data-core-v316-plus=\"true\">\n\t\t\t\t\t<div class=\"e-con-inner\">\n\t\t<div class=\"elementor-element elementor-element-6bb92f6 e-con-full e-flex e-con e-child\" data-id=\"6bb92f6\" data-element_type=\"container\" data-settings=\"{&quot;content_width&quot;:&quot;full&quot;}\">\n\t\t\t\t<div class=\"elementor-element elementor-element-0323310 elementor-widget elementor-widget-text-editor\" data-id=\"0323310\" data-element_type=\"widget\" data-widget_type=\"text-editor.default\">\n\t\t\t\t<div class=\"elementor-widget-container\">\n\t\t\t\t\t\t\t<p style=\"text-align: center;\">Na Karlov\u011b univerzit\u011b jsem studoval v\u00a0dvouoboru v r\u00e1mci bakal\u00e1\u0159sk\u00e9ho a magistersk\u00e9ho studia d\u011bjiny st\u0159edov\u011bku na \u00dastavu sv\u011btov\u00fdch d\u011bjin a d\u011bjiny antiky na \u00dastavu \u0159eck\u00fdch a latinsk\u00fdch studi\u00ed. V\u00a0sou\u010dasn\u00e9 dob\u011b jsem doktorandem na \u00dastavu sv\u011btov\u00fdch d\u011bjin a zam\u011b\u0159uji se na d\u011bjiny post-\u0159\u00edmsk\u00fdch kr\u00e1lovstv\u00ed v\u00a06. a 7. stolet\u00ed. Z\u00a0t\u00e9mat, kter\u00fdm se v\u011bnuji, mohu zm\u00ednit d\u011bjiny kr\u00e1lovstv\u00ed Ostrog\u00f3t\u016f a Vizig\u00f3t\u016f, z\u00e1nik \u0159\u00edmsk\u00e9 \u0159\u00ed\u0161e a studium struktur\u00e1ln\u00ed transformace spole\u010dnosti, je\u017e prob\u00edhala na p\u0159elomu antiky a\u00a0st\u0159edov\u011bku.<\/p>\t\t\t\t\t\t<\/div>\n\t\t\t\t<\/div>\n\t\t\t\t<\/div>\n\t\t<div class=\"elementor-element elementor-element-7820043 e-con-full e-flex e-con e-child\" data-id=\"7820043\" data-element_type=\"container\" data-settings=\"{&quot;content_width&quot;:&quot;full&quot;}\">\n\t\t\t\t<\/div>\n\t\t<div class=\"elementor-element elementor-element-27538e6 e-con-full e-flex e-con e-child\" data-id=\"27538e6\" data-element_type=\"container\" data-settings=\"{&quot;content_width&quot;:&quot;full&quot;}\">\n\t\t\t\t<div class=\"elementor-element elementor-element-558c688 elementor-widget__width-initial elementor-widget elementor-widget-image\" data-id=\"558c688\" data-element_type=\"widget\" data-widget_type=\"image.default\">\n\t\t\t\t<div class=\"elementor-widget-container\">\n\t\t\t<style>\/*! elementor - v3.18.0 - 08-12-2023 *\/\n.elementor-widget-image{text-align:center}.elementor-widget-image a{display:inline-block}.elementor-widget-image a img[src$=\".svg\"]{width:48px}.elementor-widget-image img{vertical-align:middle;display:inline-block}<\/style>\t\t\t\t\t\t\t\t\t\t\t\t<img fetchpriority=\"high\" decoding=\"async\" width=\"891\" height=\"667\" src=\"https:\/\/pripravky.ffabula.cz\/wp-content\/uploads\/2023\/12\/Snimek-obrazovky-2023-12-19-215219.jpg\" class=\"attachment-large size-large wp-image-1353\" alt=\"\" srcset=\"https:\/\/pripravky.ffabula.cz\/wp-content\/uploads\/2023\/12\/Snimek-obrazovky-2023-12-19-215219.jpg 891w, https:\/\/pripravky.ffabula.cz\/wp-content\/uploads\/2023\/12\/Snimek-obrazovky-2023-12-19-215219-300x225.jpg 300w, https:\/\/pripravky.ffabula.cz\/wp-content\/uploads\/2023\/12\/Snimek-obrazovky-2023-12-19-215219-768x575.jpg 768w\" sizes=\"(max-width: 891px) 100vw, 891px\" \/>\t\t\t\t\t\t\t\t\t\t\t\t\t\t\t<\/div>\n\t\t\t\t<\/div>\n\t\t\t\t<\/div>\n\t\t\t\t\t<\/div>\n\t\t\t\t<\/div>\n\t\t<div class=\"elementor-element elementor-element-d497ed4 e-flex e-con-boxed e-con e-parent\" data-id=\"d497ed4\" data-element_type=\"container\" data-settings=\"{&quot;content_width&quot;:&quot;boxed&quot;}\" data-core-v316-plus=\"true\">\n\t\t\t\t\t<div class=\"e-con-inner\">\n\t\t\t\t\t<\/div>\n\t\t\t\t<\/div>\n\t\t\t\t\t\t\t<\/div>\n\t\t","protected":false},"excerpt":{"rendered":"<p>Obecn\u00fd st\u0159edov\u011bk &#8211; Z\u00e1pad I P\u0159edn\u00e1\u0161ka se bude v\u011bnovat ud\u00e1lostem v\u00a0z\u00e1padn\u00ed Evrop\u011b ve stalet\u00edch n\u00e1sleduj\u00edc\u00edch po p\u00e1du z\u00e1pado\u0159\u00edmsk\u00e9 \u0159\u00ed\u0161e. Po st\u011bhov\u00e1n\u00ed n\u00e1rod\u016f vzniklo v\u00a0Evrop\u011b n\u011bkolik nov\u00fdch st\u00e1t\u016f na trosk\u00e1ch \u0159\u00edmsk\u00e9 \u0159\u00ed\u0161e a tyto st\u00e1ty polo\u017eily z\u00e1klad pro n\u00e1sleduj\u00edc\u00ed podobu Evropy. Postupn\u011b vznikla kr\u00e1lovstv\u00ed Frank\u016f v\u00a0Galii, Vizig\u00f3t\u016f v\u00a0Hisp\u00e1nii a Langobard\u016f v\u00a0It\u00e1lii. Z\u00a0t\u011bchto st\u00e1t\u016f nejd\u00e9le vydr\u017eela \u0159\u00ed\u0161e &hellip;<\/p>\n<p class=\"read-more\"> <a class=\"\" href=\"https:\/\/pripravky.ffabula.cz\/index.php\/rozvrh\/modul-i\/obecny-stredovek-zapad-i\/\"> <span class=\"screen-reader-text\">Obecn\u00fd st\u0159edov\u011bk \u2013 Z\u00e1pad I<\/span> Pokra\u010dovat ve \u010dten\u00ed &raquo;<\/a><\/p>\n","protected":false},"author":2,"featured_media":0,"parent":560,"menu_order":0,"comment_status":"closed","ping_status":"closed","template":"","meta":{"site-sidebar-layout":"no-sidebar","site-content-layout":"","ast-site-content-layout":"full-width-container","site-content-style":"default","site-sidebar-style":"default","ast-global-header-display":"","ast-banner-title-visibility":"","ast-main-header-display":"","ast-hfb-above-header-display":"","ast-hfb-below-header-display":"","ast-hfb-mobile-header-display":"","site-post-title":"disabled","ast-breadcrumbs-content":"","ast-featured-img":"disabled","footer-sml-layout":"","theme-transparent-header-meta":"","adv-header-id-meta":"","stick-header-meta":"","header-above-stick-meta":"","header-main-stick-meta":"","header-below-stick-meta":"","astra-migrate-meta-layouts":"","ast-page-background-enabled":"default","ast-page-background-meta":{"desktop":{"background-color":"var(--ast-global-color-4)","background-image":"","background-repeat":"repeat","background-position":"center center","background-size":"auto","background-attachment":"scroll","background-type":"","background-media":"","overlay-type":"","overlay-color":"","overlay-gradient":""},"tablet":{"background-color":"","background-image":"","background-repeat":"repeat","background-position":"center center","background-size":"auto","background-attachment":"scroll","background-type":"","background-media":"","overlay-type":"","overlay-color":"","overlay-gradient":""},"mobile":{"background-color":"","background-image":"","background-repeat":"repeat","background-position":"center center","background-size":"auto","background-attachment":"scroll","background-type":"","background-media":"","overlay-type":"","overlay-color":"","overlay-gradient":""}},"ast-content-background-meta":{"desktop":{"background-color":"var(--ast-global-color-5)","background-image":"","background-repeat":"repeat","background-position":"center center","background-size":"auto","background-attachment":"scroll","background-type":"","background-media":"","overlay-type":"","overlay-color":"","overlay-gradient":""},"tablet":{"background-color":"var(--ast-global-color-5)","background-image":"","background-repeat":"repeat","background-position":"center center","background-size":"auto","background-attachment":"scroll","background-type":"","background-media":"","overlay-type":"","overlay-color":"","overlay-gradient":""},"mobile":{"background-color":"var(--ast-global-color-5)","background-image":"","background-repeat":"repeat","background-position":"center center","background-size":"auto","background-attachment":"scroll","background-type":"","background-media":"","overlay-type":"","overlay-color":"","overlay-gradient":""}},"footnotes":""},"class_list":["post-1350","page","type-page","status-publish","hentry"],"_links":{"self":[{"href":"https:\/\/pripravky.ffabula.cz\/index.php\/wp-json\/wp\/v2\/pages\/1350","targetHints":{"allow":["GET"]}}],"collection":[{"href":"https:\/\/pripravky.ffabula.cz\/index.php\/wp-json\/wp\/v2\/pages"}],"about":[{"href":"https:\/\/pripravky.ffabula.cz\/index.php\/wp-json\/wp\/v2\/types\/page"}],"author":[{"embeddable":true,"href":"https:\/\/pripravky.ffabula.cz\/index.php\/wp-json\/wp\/v2\/users\/2"}],"replies":[{"embeddable":true,"href":"https:\/\/pripravky.ffabula.cz\/index.php\/wp-json\/wp\/v2\/comments?post=1350"}],"version-history":[{"count":10,"href":"https:\/\/pripravky.ffabula.cz\/index.php\/wp-json\/wp\/v2\/pages\/1350\/revisions"}],"predecessor-version":[{"id":1365,"href":"https:\/\/pripravky.ffabula.cz\/index.php\/wp-json\/wp\/v2\/pages\/1350\/revisions\/1365"}],"up":[{"embeddable":true,"href":"https:\/\/pripravky.ffabula.cz\/index.php\/wp-json\/wp\/v2\/pages\/560"}],"wp:attachment":[{"href":"https:\/\/pripravky.ffabula.cz\/index.php\/wp-json\/wp\/v2\/media?parent=1350"}],"curies":[{"name":"wp","href":"https:\/\/api.w.org\/{rel}","templated":true}]}}