{"id":1592,"date":"2023-12-21T10:03:04","date_gmt":"2023-12-21T09:03:04","guid":{"rendered":"https:\/\/pripravky.ffabula.cz\/?page_id=1592"},"modified":"2023-12-21T10:03:50","modified_gmt":"2023-12-21T09:03:50","slug":"dejiny-univerzity-karlovy","status":"publish","type":"page","link":"https:\/\/pripravky.ffabula.cz\/index.php\/rozvrh\/modul-ii-novovek\/dejiny-univerzity-karlovy\/","title":{"rendered":"D\u011bjiny Univerzity Karlovy"},"content":{"rendered":"\t\t<div data-elementor-type=\"wp-page\" data-elementor-id=\"1592\" class=\"elementor elementor-1592\">\n\t\t\t\t\t\t\t<div class=\"elementor-element elementor-element-faff4bd e-flex e-con-boxed e-con e-parent\" data-id=\"faff4bd\" data-element_type=\"container\" data-settings=\"{&quot;background_background&quot;:&quot;classic&quot;,&quot;content_width&quot;:&quot;boxed&quot;}\" data-core-v316-plus=\"true\">\n\t\t\t\t\t<div class=\"e-con-inner\">\n\t\t<div class=\"elementor-element elementor-element-c034768 e-flex e-con-boxed e-con e-child\" data-id=\"c034768\" data-element_type=\"container\" data-settings=\"{&quot;content_width&quot;:&quot;boxed&quot;}\">\n\t\t\t\t\t<div class=\"e-con-inner\">\n\t\t\t\t<div class=\"elementor-element elementor-element-93a8c81 elementor-widget elementor-widget-heading\" data-id=\"93a8c81\" data-element_type=\"widget\" data-widget_type=\"heading.default\">\n\t\t\t\t<div class=\"elementor-widget-container\">\n\t\t\t<style>\/*! elementor - v3.18.0 - 08-12-2023 *\/\n.elementor-heading-title{padding:0;margin:0;line-height:1}.elementor-widget-heading .elementor-heading-title[class*=elementor-size-]>a{color:inherit;font-size:inherit;line-height:inherit}.elementor-widget-heading .elementor-heading-title.elementor-size-small{font-size:15px}.elementor-widget-heading .elementor-heading-title.elementor-size-medium{font-size:19px}.elementor-widget-heading .elementor-heading-title.elementor-size-large{font-size:29px}.elementor-widget-heading .elementor-heading-title.elementor-size-xl{font-size:39px}.elementor-widget-heading .elementor-heading-title.elementor-size-xxl{font-size:59px}<\/style><h2 class=\"elementor-heading-title elementor-size-default\">D\u011bjiny Univerzity Karlovy<\/h2>\t\t<\/div>\n\t\t\t\t<\/div>\n\t\t\t\t<div class=\"elementor-element elementor-element-3e61bf6 elementor-widget elementor-widget-text-editor\" data-id=\"3e61bf6\" data-element_type=\"widget\" data-widget_type=\"text-editor.default\">\n\t\t\t\t<div class=\"elementor-widget-container\">\n\t\t\t<style>\/*! elementor - v3.18.0 - 08-12-2023 *\/\n.elementor-widget-text-editor.elementor-drop-cap-view-stacked .elementor-drop-cap{background-color:#69727d;color:#fff}.elementor-widget-text-editor.elementor-drop-cap-view-framed .elementor-drop-cap{color:#69727d;border:3px solid;background-color:transparent}.elementor-widget-text-editor:not(.elementor-drop-cap-view-default) .elementor-drop-cap{margin-top:8px}.elementor-widget-text-editor:not(.elementor-drop-cap-view-default) .elementor-drop-cap-letter{width:1em;height:1em}.elementor-widget-text-editor .elementor-drop-cap{float:left;text-align:center;line-height:1;font-size:50px}.elementor-widget-text-editor .elementor-drop-cap-letter{display:inline-block}<\/style>\t\t\t\t\t\t\t\t\t\t<\/div>\n\t\t\t\t<\/div>\n\t\t\t\t\t<\/div>\n\t\t\t\t<\/div>\n\t\t\t\t\t<\/div>\n\t\t\t\t<\/div>\n\t\t<div class=\"elementor-element elementor-element-a5064aa e-flex e-con-boxed e-con e-parent\" data-id=\"a5064aa\" data-element_type=\"container\" data-settings=\"{&quot;content_width&quot;:&quot;boxed&quot;}\" data-core-v316-plus=\"true\">\n\t\t\t\t\t<div class=\"e-con-inner\">\n\t\t<div class=\"elementor-element elementor-element-e5c318d e-flex e-con-boxed e-con e-child\" data-id=\"e5c318d\" data-element_type=\"container\" data-settings=\"{&quot;content_width&quot;:&quot;boxed&quot;}\">\n\t\t\t\t\t<div class=\"e-con-inner\">\n\t\t\t\t<div class=\"elementor-element elementor-element-6267a11 elementor-widget elementor-widget-text-editor\" data-id=\"6267a11\" data-element_type=\"widget\" data-widget_type=\"text-editor.default\">\n\t\t\t\t<div class=\"elementor-widget-container\">\n\t\t\t\t\t\t\t<blockquote><p>V\u00a0t\u00e9to specializa\u010dn\u00ed p\u0159edn\u00e1\u0161ce se pod\u00edv\u00e1me podrobn\u011bji na d\u011bjiny Univerzity Karlovy v\u00a0obdob\u00ed po vyd\u00e1n\u00ed<br \/>Kutnohorsk\u00e9ho dekretu po jej\u00ed kompletn\u00ed transformaci v d\u016fsledku p\u0159ed\u00e1n\u00ed do rukou jezuit\u016f v\u00a0roce 1622.<br \/>V\u00a0p\u0159edn\u00e1\u0161ce bude p\u0159edstavena z\u00e1kladn\u00ed struktura univerzity, jej\u00ed hospod\u00e1\u0159sk\u00e1 slo\u017eka a pr\u00e1vn\u00ed zakotven\u00ed<br \/>v\u00a0celospole\u010densk\u00e9m syst\u00e9mu. P\u0159edstaveny budou v\u00fdznamn\u00e9 osobnosti spjat\u00e9 s\u00a0univerzitou, a to jak<\/p><p>v\u00a0\u0159ad\u00e1ch pedagog\u016f, tak i student\u016f. V\u00a0r\u00e1mci p\u0159edn\u00e1\u0161ky tak\u00e9 bude nast\u00edn\u011bn syst\u00e9m celozemsk\u00e9ho<br \/>partikul\u00e1rn\u00edho \u0161kolstv\u00ed, kter\u00fd byl do zna\u010dn\u00e9 m\u00edry s\u00a0univerzitou spjat.<\/p><\/blockquote>\t\t\t\t\t\t<\/div>\n\t\t\t\t<\/div>\n\t\t\t\t<div class=\"elementor-element elementor-element-a7d36d4 elementor-widget-divider--view-line elementor-widget elementor-widget-divider\" data-id=\"a7d36d4\" data-element_type=\"widget\" data-widget_type=\"divider.default\">\n\t\t\t\t<div class=\"elementor-widget-container\">\n\t\t\t<style>\/*! elementor - v3.18.0 - 08-12-2023 *\/\n.elementor-widget-divider{--divider-border-style:none;--divider-border-width:1px;--divider-color:#0c0d0e;--divider-icon-size:20px;--divider-element-spacing:10px;--divider-pattern-height:24px;--divider-pattern-size:20px;--divider-pattern-url:none;--divider-pattern-repeat:repeat-x}.elementor-widget-divider .elementor-divider{display:flex}.elementor-widget-divider .elementor-divider__text{font-size:15px;line-height:1;max-width:95%}.elementor-widget-divider .elementor-divider__element{margin:0 var(--divider-element-spacing);flex-shrink:0}.elementor-widget-divider .elementor-icon{font-size:var(--divider-icon-size)}.elementor-widget-divider .elementor-divider-separator{display:flex;margin:0;direction:ltr}.elementor-widget-divider--view-line_icon .elementor-divider-separator,.elementor-widget-divider--view-line_text .elementor-divider-separator{align-items:center}.elementor-widget-divider--view-line_icon .elementor-divider-separator:after,.elementor-widget-divider--view-line_icon .elementor-divider-separator:before,.elementor-widget-divider--view-line_text .elementor-divider-separator:after,.elementor-widget-divider--view-line_text .elementor-divider-separator:before{display:block;content:\"\";border-bottom:0;flex-grow:1;border-top:var(--divider-border-width) var(--divider-border-style) var(--divider-color)}.elementor-widget-divider--element-align-left .elementor-divider .elementor-divider-separator>.elementor-divider__svg:first-of-type{flex-grow:0;flex-shrink:100}.elementor-widget-divider--element-align-left .elementor-divider-separator:before{content:none}.elementor-widget-divider--element-align-left .elementor-divider__element{margin-left:0}.elementor-widget-divider--element-align-right .elementor-divider .elementor-divider-separator>.elementor-divider__svg:last-of-type{flex-grow:0;flex-shrink:100}.elementor-widget-divider--element-align-right .elementor-divider-separator:after{content:none}.elementor-widget-divider--element-align-right .elementor-divider__element{margin-right:0}.elementor-widget-divider:not(.elementor-widget-divider--view-line_text):not(.elementor-widget-divider--view-line_icon) .elementor-divider-separator{border-top:var(--divider-border-width) var(--divider-border-style) var(--divider-color)}.elementor-widget-divider--separator-type-pattern{--divider-border-style:none}.elementor-widget-divider--separator-type-pattern.elementor-widget-divider--view-line .elementor-divider-separator,.elementor-widget-divider--separator-type-pattern:not(.elementor-widget-divider--view-line) .elementor-divider-separator:after,.elementor-widget-divider--separator-type-pattern:not(.elementor-widget-divider--view-line) .elementor-divider-separator:before,.elementor-widget-divider--separator-type-pattern:not([class*=elementor-widget-divider--view]) .elementor-divider-separator{width:100%;min-height:var(--divider-pattern-height);-webkit-mask-size:var(--divider-pattern-size) 100%;mask-size:var(--divider-pattern-size) 100%;-webkit-mask-repeat:var(--divider-pattern-repeat);mask-repeat:var(--divider-pattern-repeat);background-color:var(--divider-color);-webkit-mask-image:var(--divider-pattern-url);mask-image:var(--divider-pattern-url)}.elementor-widget-divider--no-spacing{--divider-pattern-size:auto}.elementor-widget-divider--bg-round{--divider-pattern-repeat:round}.rtl .elementor-widget-divider .elementor-divider__text{direction:rtl}.e-con-inner>.elementor-widget-divider,.e-con>.elementor-widget-divider{width:var(--container-widget-width,100%);--flex-grow:var(--container-widget-flex-grow)}<\/style>\t\t<div class=\"elementor-divider\">\n\t\t\t<span class=\"elementor-divider-separator\">\n\t\t\t\t\t\t<\/span>\n\t\t<\/div>\n\t\t\t\t<\/div>\n\t\t\t\t<\/div>\n\t\t\t\t<div class=\"elementor-element elementor-element-09d747d elementor-widget elementor-widget-heading\" data-id=\"09d747d\" data-element_type=\"widget\" data-widget_type=\"heading.default\">\n\t\t\t\t<div class=\"elementor-widget-container\">\n\t\t\t<h2 class=\"elementor-heading-title elementor-size-default\">Daniel \u0160\u0165astn\u00fd<\/h2>\t\t<\/div>\n\t\t\t\t<\/div>\n\t\t\t\t\t<\/div>\n\t\t\t\t<\/div>\n\t\t\t\t\t<\/div>\n\t\t\t\t<\/div>\n\t\t<div class=\"elementor-element elementor-element-7a19c10 e-flex e-con-boxed e-con e-parent\" data-id=\"7a19c10\" data-element_type=\"container\" data-settings=\"{&quot;content_width&quot;:&quot;boxed&quot;}\" data-core-v316-plus=\"true\">\n\t\t\t\t\t<div class=\"e-con-inner\">\n\t\t<div class=\"elementor-element elementor-element-c3b1a63 e-con-full e-flex e-con e-child\" data-id=\"c3b1a63\" data-element_type=\"container\" data-settings=\"{&quot;content_width&quot;:&quot;full&quot;}\">\n\t\t\t\t<\/div>\n\t\t<div class=\"elementor-element elementor-element-f83d668 e-con-full e-flex e-con e-child\" data-id=\"f83d668\" data-element_type=\"container\" data-settings=\"{&quot;content_width&quot;:&quot;full&quot;}\">\n\t\t\t\t<div class=\"elementor-element elementor-element-0091a96 elementor-widget__width-initial elementor-widget elementor-widget-text-editor\" data-id=\"0091a96\" data-element_type=\"widget\" data-widget_type=\"text-editor.default\">\n\t\t\t\t<div class=\"elementor-widget-container\">\n\t\t\t\t\t\t\t<p style=\"font-weight: 400; text-align: center;\">Vystudoval bakal\u00e1\u0159sk\u00fd obor historick\u00e9 v\u011bdy na FF MUNI. Nyn\u00ed studuje t\u0159et\u00edm rokem nMgr. obor \u010cesk\u00e9 d\u011bjiny v\u00a0evropsk\u00e9m kontextu na U\u010cD FF UK. Ve sv\u00fdch prac\u00edch se v\u011bnuje d\u011bjin\u00e1m vybran\u00fdch st\u0159edo\u010desk\u00fdch m\u011bst v\u00a0ran\u00e9m novov\u011bku. V\u00a0tomto kontextu se specializuje na fenom\u00e9ny \u0161kolstv\u00ed, hospod\u00e1\u0159stv\u00ed a m\u011bstsk\u00e9 spr\u00e1vy. Mimo b\u011bh\u00e1n\u00ed po FF ho lze zastihnout na MFF UK. Tam pracuje jako v\u011bdeck\u00fd pracovn\u00edk v<br \/>laborato\u0159i studi\u00ed pokro\u010dil\u00e9ho multimedi\u00e1ln\u00edho vzd\u011bl\u00e1v\u00e1n\u00ed. Jeho hlavn\u00edm chlebod\u00e1rcem je OGAP MFF, kde pracuje jako administr\u00e1tor projekt\u016f MSCA Fellowships CZ a M\u0160MT INTEREXCELLENCE.<\/p>\t\t\t\t\t\t<\/div>\n\t\t\t\t<\/div>\n\t\t\t\t<\/div>\n\t\t<div class=\"elementor-element elementor-element-b721ad8 e-con-full e-flex e-con e-child\" data-id=\"b721ad8\" data-element_type=\"container\" data-settings=\"{&quot;content_width&quot;:&quot;full&quot;}\">\n\t\t\t\t<\/div>\n\t\t<div class=\"elementor-element elementor-element-8a4a636 e-con-full e-flex e-con e-child\" data-id=\"8a4a636\" data-element_type=\"container\" data-settings=\"{&quot;content_width&quot;:&quot;full&quot;}\">\n\t\t\t\t<div class=\"elementor-element elementor-element-eca8451 elementor-widget__width-initial elementor-widget elementor-widget-image\" data-id=\"eca8451\" data-element_type=\"widget\" data-widget_type=\"image.default\">\n\t\t\t\t<div class=\"elementor-widget-container\">\n\t\t\t<style>\/*! elementor - v3.18.0 - 08-12-2023 *\/\n.elementor-widget-image{text-align:center}.elementor-widget-image a{display:inline-block}.elementor-widget-image a img[src$=\".svg\"]{width:48px}.elementor-widget-image img{vertical-align:middle;display:inline-block}<\/style>\t\t\t\t\t\t\t\t\t\t\t\t<img fetchpriority=\"high\" decoding=\"async\" width=\"946\" height=\"631\" src=\"https:\/\/pripravky.ffabula.cz\/wp-content\/uploads\/2023\/12\/Dan-Stastny.jpg\" class=\"attachment-large size-large wp-image-1588\" alt=\"\" srcset=\"https:\/\/pripravky.ffabula.cz\/wp-content\/uploads\/2023\/12\/Dan-Stastny.jpg 946w, https:\/\/pripravky.ffabula.cz\/wp-content\/uploads\/2023\/12\/Dan-Stastny-300x200.jpg 300w, https:\/\/pripravky.ffabula.cz\/wp-content\/uploads\/2023\/12\/Dan-Stastny-768x512.jpg 768w\" sizes=\"(max-width: 946px) 100vw, 946px\" \/>\t\t\t\t\t\t\t\t\t\t\t\t\t\t\t<\/div>\n\t\t\t\t<\/div>\n\t\t\t\t<\/div>\n\t\t\t\t\t<\/div>\n\t\t\t\t<\/div>\n\t\t<div class=\"elementor-element elementor-element-cad0aea e-flex e-con-boxed e-con e-parent\" data-id=\"cad0aea\" data-element_type=\"container\" data-settings=\"{&quot;content_width&quot;:&quot;boxed&quot;}\" data-core-v316-plus=\"true\">\n\t\t\t\t\t<div class=\"e-con-inner\">\n\t\t<div class=\"elementor-element elementor-element-70270ad e-con-full e-flex e-con e-child\" data-id=\"70270ad\" data-element_type=\"container\" data-settings=\"{&quot;content_width&quot;:&quot;full&quot;}\">\n\t\t\t\t<\/div>\n\t\t<div class=\"elementor-element elementor-element-2783353 e-con-full e-flex e-con e-child\" data-id=\"2783353\" data-element_type=\"container\" data-settings=\"{&quot;content_width&quot;:&quot;full&quot;}\">\n\t\t\t\t<\/div>\n\t\t\t\t\t<\/div>\n\t\t\t\t<\/div>\n\t\t<div class=\"elementor-element elementor-element-b1369e5 e-flex e-con-boxed e-con e-parent\" data-id=\"b1369e5\" data-element_type=\"container\" data-settings=\"{&quot;content_width&quot;:&quot;boxed&quot;}\" data-core-v316-plus=\"true\">\n\t\t\t\t\t<div class=\"e-con-inner\">\n\t\t\t\t<div class=\"elementor-element elementor-element-7ed75c1 elementor-widget-divider--view-line elementor-widget elementor-widget-divider\" data-id=\"7ed75c1\" data-element_type=\"widget\" data-widget_type=\"divider.default\">\n\t\t\t\t<div class=\"elementor-widget-container\">\n\t\t\t\t\t<div class=\"elementor-divider\">\n\t\t\t<span class=\"elementor-divider-separator\">\n\t\t\t\t\t\t<\/span>\n\t\t<\/div>\n\t\t\t\t<\/div>\n\t\t\t\t<\/div>\n\t\t\t\t\t<\/div>\n\t\t\t\t<\/div>\n\t\t\t\t\t\t\t<\/div>\n\t\t","protected":false},"excerpt":{"rendered":"<p>D\u011bjiny Univerzity Karlovy V\u00a0t\u00e9to specializa\u010dn\u00ed p\u0159edn\u00e1\u0161ce se pod\u00edv\u00e1me podrobn\u011bji na d\u011bjiny Univerzity Karlovy v\u00a0obdob\u00ed po vyd\u00e1n\u00edKutnohorsk\u00e9ho dekretu po jej\u00ed kompletn\u00ed transformaci v d\u016fsledku p\u0159ed\u00e1n\u00ed do rukou jezuit\u016f v\u00a0roce 1622.V\u00a0p\u0159edn\u00e1\u0161ce bude p\u0159edstavena z\u00e1kladn\u00ed struktura univerzity, jej\u00ed hospod\u00e1\u0159sk\u00e1 slo\u017eka a pr\u00e1vn\u00ed zakotven\u00edv\u00a0celospole\u010densk\u00e9m syst\u00e9mu. P\u0159edstaveny budou v\u00fdznamn\u00e9 osobnosti spjat\u00e9 s\u00a0univerzitou, a to jak v\u00a0\u0159ad\u00e1ch pedagog\u016f, tak i student\u016f. &hellip;<\/p>\n<p class=\"read-more\"> <a class=\"\" href=\"https:\/\/pripravky.ffabula.cz\/index.php\/rozvrh\/modul-ii-novovek\/dejiny-univerzity-karlovy\/\"> <span class=\"screen-reader-text\">D\u011bjiny Univerzity Karlovy<\/span> Pokra\u010dovat ve \u010dten\u00ed &raquo;<\/a><\/p>\n","protected":false},"author":2,"featured_media":0,"parent":639,"menu_order":0,"comment_status":"closed","ping_status":"closed","template":"","meta":{"site-sidebar-layout":"no-sidebar","site-content-layout":"","ast-site-content-layout":"full-width-container","site-content-style":"default","site-sidebar-style":"default","ast-global-header-display":"","ast-banner-title-visibility":"","ast-main-header-display":"","ast-hfb-above-header-display":"","ast-hfb-below-header-display":"","ast-hfb-mobile-header-display":"","site-post-title":"disabled","ast-breadcrumbs-content":"","ast-featured-img":"disabled","footer-sml-layout":"","theme-transparent-header-meta":"","adv-header-id-meta":"","stick-header-meta":"","header-above-stick-meta":"","header-main-stick-meta":"","header-below-stick-meta":"","astra-migrate-meta-layouts":"","ast-page-background-enabled":"default","ast-page-background-meta":{"desktop":{"background-color":"var(--ast-global-color-4)","background-image":"","background-repeat":"repeat","background-position":"center center","background-size":"auto","background-attachment":"scroll","background-type":"","background-media":"","overlay-type":"","overlay-color":"","overlay-gradient":""},"tablet":{"background-color":"","background-image":"","background-repeat":"repeat","background-position":"center center","background-size":"auto","background-attachment":"scroll","background-type":"","background-media":"","overlay-type":"","overlay-color":"","overlay-gradient":""},"mobile":{"background-color":"","background-image":"","background-repeat":"repeat","background-position":"center center","background-size":"auto","background-attachment":"scroll","background-type":"","background-media":"","overlay-type":"","overlay-color":"","overlay-gradient":""}},"ast-content-background-meta":{"desktop":{"background-color":"var(--ast-global-color-5)","background-image":"","background-repeat":"repeat","background-position":"center center","background-size":"auto","background-attachment":"scroll","background-type":"","background-media":"","overlay-type":"","overlay-color":"","overlay-gradient":""},"tablet":{"background-color":"var(--ast-global-color-5)","background-image":"","background-repeat":"repeat","background-position":"center center","background-size":"auto","background-attachment":"scroll","background-type":"","background-media":"","overlay-type":"","overlay-color":"","overlay-gradient":""},"mobile":{"background-color":"var(--ast-global-color-5)","background-image":"","background-repeat":"repeat","background-position":"center center","background-size":"auto","background-attachment":"scroll","background-type":"","background-media":"","overlay-type":"","overlay-color":"","overlay-gradient":""}},"footnotes":""},"class_list":["post-1592","page","type-page","status-publish","hentry"],"_links":{"self":[{"href":"https:\/\/pripravky.ffabula.cz\/index.php\/wp-json\/wp\/v2\/pages\/1592","targetHints":{"allow":["GET"]}}],"collection":[{"href":"https:\/\/pripravky.ffabula.cz\/index.php\/wp-json\/wp\/v2\/pages"}],"about":[{"href":"https:\/\/pripravky.ffabula.cz\/index.php\/wp-json\/wp\/v2\/types\/page"}],"author":[{"embeddable":true,"href":"https:\/\/pripravky.ffabula.cz\/index.php\/wp-json\/wp\/v2\/users\/2"}],"replies":[{"embeddable":true,"href":"https:\/\/pripravky.ffabula.cz\/index.php\/wp-json\/wp\/v2\/comments?post=1592"}],"version-history":[{"count":4,"href":"https:\/\/pripravky.ffabula.cz\/index.php\/wp-json\/wp\/v2\/pages\/1592\/revisions"}],"predecessor-version":[{"id":1596,"href":"https:\/\/pripravky.ffabula.cz\/index.php\/wp-json\/wp\/v2\/pages\/1592\/revisions\/1596"}],"up":[{"embeddable":true,"href":"https:\/\/pripravky.ffabula.cz\/index.php\/wp-json\/wp\/v2\/pages\/639"}],"wp:attachment":[{"href":"https:\/\/pripravky.ffabula.cz\/index.php\/wp-json\/wp\/v2\/media?parent=1592"}],"curies":[{"name":"wp","href":"https:\/\/api.w.org\/{rel}","templated":true}]}}