{"id":1597,"date":"2023-12-21T10:08:07","date_gmt":"2023-12-21T09:08:07","guid":{"rendered":"https:\/\/pripravky.ffabula.cz\/?page_id=1597"},"modified":"2026-01-20T15:06:37","modified_gmt":"2026-01-20T14:06:37","slug":"seminar-k-ceskym-dejinam","status":"publish","type":"page","link":"https:\/\/pripravky.ffabula.cz\/index.php\/rozvrh\/modul-ii-novovek\/seminar-k-ceskym-dejinam\/","title":{"rendered":"Semin\u00e1\u0159 k \u010desk\u00fdm d\u011bjin\u00e1m"},"content":{"rendered":"\t\t<div data-elementor-type=\"wp-page\" data-elementor-id=\"1597\" class=\"elementor elementor-1597\">\n\t\t\t\t\t\t\t<div class=\"elementor-element elementor-element-faff4bd e-flex e-con-boxed e-con e-parent\" data-id=\"faff4bd\" data-element_type=\"container\" data-settings=\"{&quot;background_background&quot;:&quot;classic&quot;,&quot;content_width&quot;:&quot;boxed&quot;}\" data-core-v316-plus=\"true\">\n\t\t\t\t\t<div class=\"e-con-inner\">\n\t\t<div class=\"elementor-element elementor-element-c034768 e-flex e-con-boxed e-con e-child\" data-id=\"c034768\" data-element_type=\"container\" data-settings=\"{&quot;content_width&quot;:&quot;boxed&quot;}\">\n\t\t\t\t\t<div class=\"e-con-inner\">\n\t\t\t\t<div class=\"elementor-element elementor-element-93a8c81 elementor-widget elementor-widget-heading\" data-id=\"93a8c81\" data-element_type=\"widget\" data-widget_type=\"heading.default\">\n\t\t\t\t<div class=\"elementor-widget-container\">\n\t\t\t<style>\/*! elementor - v3.18.0 - 08-12-2023 *\/\n.elementor-heading-title{padding:0;margin:0;line-height:1}.elementor-widget-heading .elementor-heading-title[class*=elementor-size-]>a{color:inherit;font-size:inherit;line-height:inherit}.elementor-widget-heading .elementor-heading-title.elementor-size-small{font-size:15px}.elementor-widget-heading .elementor-heading-title.elementor-size-medium{font-size:19px}.elementor-widget-heading .elementor-heading-title.elementor-size-large{font-size:29px}.elementor-widget-heading .elementor-heading-title.elementor-size-xl{font-size:39px}.elementor-widget-heading .elementor-heading-title.elementor-size-xxl{font-size:59px}<\/style><h2 class=\"elementor-heading-title elementor-size-default\">Exkurze ke star\u0161\u00edm d\u011bjin\u00e1m<\/h2>\t\t<\/div>\n\t\t\t\t<\/div>\n\t\t\t\t<div class=\"elementor-element elementor-element-3e61bf6 elementor-widget elementor-widget-text-editor\" data-id=\"3e61bf6\" data-element_type=\"widget\" data-widget_type=\"text-editor.default\">\n\t\t\t\t<div class=\"elementor-widget-container\">\n\t\t\t<style>\/*! elementor - v3.18.0 - 08-12-2023 *\/\n.elementor-widget-text-editor.elementor-drop-cap-view-stacked .elementor-drop-cap{background-color:#69727d;color:#fff}.elementor-widget-text-editor.elementor-drop-cap-view-framed .elementor-drop-cap{color:#69727d;border:3px solid;background-color:transparent}.elementor-widget-text-editor:not(.elementor-drop-cap-view-default) .elementor-drop-cap{margin-top:8px}.elementor-widget-text-editor:not(.elementor-drop-cap-view-default) .elementor-drop-cap-letter{width:1em;height:1em}.elementor-widget-text-editor .elementor-drop-cap{float:left;text-align:center;line-height:1;font-size:50px}.elementor-widget-text-editor .elementor-drop-cap-letter{display:inline-block}<\/style>\t\t\t\t\t\t\t\t\t\t<\/div>\n\t\t\t\t<\/div>\n\t\t\t\t\t<\/div>\n\t\t\t\t<\/div>\n\t\t\t\t\t<\/div>\n\t\t\t\t<\/div>\n\t\t<div class=\"elementor-element elementor-element-a5064aa e-flex e-con-boxed e-con e-parent\" data-id=\"a5064aa\" data-element_type=\"container\" data-settings=\"{&quot;content_width&quot;:&quot;boxed&quot;}\" data-core-v316-plus=\"true\">\n\t\t\t\t\t<div class=\"e-con-inner\">\n\t\t<div class=\"elementor-element elementor-element-e5c318d e-flex e-con-boxed e-con e-child\" data-id=\"e5c318d\" data-element_type=\"container\" data-settings=\"{&quot;content_width&quot;:&quot;boxed&quot;}\">\n\t\t\t\t\t<div class=\"e-con-inner\">\n\t\t\t\t<div class=\"elementor-element elementor-element-6267a11 elementor-widget elementor-widget-text-editor\" data-id=\"6267a11\" data-element_type=\"widget\" data-widget_type=\"text-editor.default\">\n\t\t\t\t<div class=\"elementor-widget-container\">\n\t\t\t\t\t\t\t<blockquote><p style=\"text-align: center;\">Exkurze ke star\u0161\u00edm d\u011bjin\u00e1m se zam\u011b\u0159\u00ed na novov\u011bkou Prahu<br \/>jako v\u00fdznamn\u00e9 centrum evropsk\u00e9 kultury. Projdeme<br \/>nejd\u016fle\u017eit\u011bj\u0161\u00ed m\u00edsta, kter\u00e1 formovala d\u011bjiny m\u011bsta. Na Star\u00e9m<br \/>M\u011bst\u011b se budeme v\u011bnovat vzestupu m\u011bstsk\u00e9ho stavu a roli<br \/>Klementina jako s\u00eddla katolick\u00e9ho sv\u011bta v \u010desk\u00fdch zem\u00edch. Na<br \/>Mal\u00e9 Stran\u011b se pot\u00e9 zam\u011b\u0159\u00edme na druhou \u010d\u00e1st spole\u010dnosti,<br \/>zejm\u00e9na na prost\u0159ed\u00ed \u0161lechty a renesan\u010dn\u00ed a barokn\u00ed pal\u00e1ce.<br \/>Budeme sledovat v\u00fdvoj Prahy od st\u0159edov\u011bku p\u0159es p\u0159edmodern\u00ed<br \/>obdob\u00ed a\u017e k sou\u010dasnosti a uk\u00e1\u017eeme si, jak mohou novov\u011bk\u00e9<br \/>d\u011bjiny a jejich odkaz st\u00e1le promlouvat k dne\u0161n\u00edmu sv\u011btu.<\/p><\/blockquote>\t\t\t\t\t\t<\/div>\n\t\t\t\t<\/div>\n\t\t\t\t<div class=\"elementor-element elementor-element-a7d36d4 elementor-widget-divider--view-line elementor-widget elementor-widget-divider\" data-id=\"a7d36d4\" data-element_type=\"widget\" data-widget_type=\"divider.default\">\n\t\t\t\t<div class=\"elementor-widget-container\">\n\t\t\t<style>\/*! elementor - v3.18.0 - 08-12-2023 *\/\n.elementor-widget-divider{--divider-border-style:none;--divider-border-width:1px;--divider-color:#0c0d0e;--divider-icon-size:20px;--divider-element-spacing:10px;--divider-pattern-height:24px;--divider-pattern-size:20px;--divider-pattern-url:none;--divider-pattern-repeat:repeat-x}.elementor-widget-divider .elementor-divider{display:flex}.elementor-widget-divider .elementor-divider__text{font-size:15px;line-height:1;max-width:95%}.elementor-widget-divider .elementor-divider__element{margin:0 var(--divider-element-spacing);flex-shrink:0}.elementor-widget-divider .elementor-icon{font-size:var(--divider-icon-size)}.elementor-widget-divider .elementor-divider-separator{display:flex;margin:0;direction:ltr}.elementor-widget-divider--view-line_icon .elementor-divider-separator,.elementor-widget-divider--view-line_text .elementor-divider-separator{align-items:center}.elementor-widget-divider--view-line_icon .elementor-divider-separator:after,.elementor-widget-divider--view-line_icon .elementor-divider-separator:before,.elementor-widget-divider--view-line_text .elementor-divider-separator:after,.elementor-widget-divider--view-line_text .elementor-divider-separator:before{display:block;content:\"\";border-bottom:0;flex-grow:1;border-top:var(--divider-border-width) var(--divider-border-style) var(--divider-color)}.elementor-widget-divider--element-align-left .elementor-divider .elementor-divider-separator>.elementor-divider__svg:first-of-type{flex-grow:0;flex-shrink:100}.elementor-widget-divider--element-align-left .elementor-divider-separator:before{content:none}.elementor-widget-divider--element-align-left .elementor-divider__element{margin-left:0}.elementor-widget-divider--element-align-right .elementor-divider .elementor-divider-separator>.elementor-divider__svg:last-of-type{flex-grow:0;flex-shrink:100}.elementor-widget-divider--element-align-right .elementor-divider-separator:after{content:none}.elementor-widget-divider--element-align-right .elementor-divider__element{margin-right:0}.elementor-widget-divider:not(.elementor-widget-divider--view-line_text):not(.elementor-widget-divider--view-line_icon) .elementor-divider-separator{border-top:var(--divider-border-width) var(--divider-border-style) var(--divider-color)}.elementor-widget-divider--separator-type-pattern{--divider-border-style:none}.elementor-widget-divider--separator-type-pattern.elementor-widget-divider--view-line .elementor-divider-separator,.elementor-widget-divider--separator-type-pattern:not(.elementor-widget-divider--view-line) .elementor-divider-separator:after,.elementor-widget-divider--separator-type-pattern:not(.elementor-widget-divider--view-line) .elementor-divider-separator:before,.elementor-widget-divider--separator-type-pattern:not([class*=elementor-widget-divider--view]) .elementor-divider-separator{width:100%;min-height:var(--divider-pattern-height);-webkit-mask-size:var(--divider-pattern-size) 100%;mask-size:var(--divider-pattern-size) 100%;-webkit-mask-repeat:var(--divider-pattern-repeat);mask-repeat:var(--divider-pattern-repeat);background-color:var(--divider-color);-webkit-mask-image:var(--divider-pattern-url);mask-image:var(--divider-pattern-url)}.elementor-widget-divider--no-spacing{--divider-pattern-size:auto}.elementor-widget-divider--bg-round{--divider-pattern-repeat:round}.rtl .elementor-widget-divider .elementor-divider__text{direction:rtl}.e-con-inner>.elementor-widget-divider,.e-con>.elementor-widget-divider{width:var(--container-widget-width,100%);--flex-grow:var(--container-widget-flex-grow)}<\/style>\t\t<div class=\"elementor-divider\">\n\t\t\t<span class=\"elementor-divider-separator\">\n\t\t\t\t\t\t<\/span>\n\t\t<\/div>\n\t\t\t\t<\/div>\n\t\t\t\t<\/div>\n\t\t\t\t<div class=\"elementor-element elementor-element-09d747d elementor-widget elementor-widget-heading\" data-id=\"09d747d\" data-element_type=\"widget\" data-widget_type=\"heading.default\">\n\t\t\t\t<div class=\"elementor-widget-container\">\n\t\t\t<h2 class=\"elementor-heading-title elementor-size-default\">Milan Zapletal<\/h2>\t\t<\/div>\n\t\t\t\t<\/div>\n\t\t\t\t\t<\/div>\n\t\t\t\t<\/div>\n\t\t\t\t\t<\/div>\n\t\t\t\t<\/div>\n\t\t<div class=\"elementor-element elementor-element-7a19c10 e-flex e-con-boxed e-con e-parent\" data-id=\"7a19c10\" data-element_type=\"container\" data-settings=\"{&quot;content_width&quot;:&quot;boxed&quot;}\" data-core-v316-plus=\"true\">\n\t\t\t\t\t<div class=\"e-con-inner\">\n\t\t<div class=\"elementor-element elementor-element-c3b1a63 e-con-full e-flex e-con e-child\" data-id=\"c3b1a63\" data-element_type=\"container\" data-settings=\"{&quot;content_width&quot;:&quot;full&quot;}\">\n\t\t\t\t<\/div>\n\t\t<div class=\"elementor-element elementor-element-f83d668 e-con-full e-flex e-con e-child\" data-id=\"f83d668\" data-element_type=\"container\" data-settings=\"{&quot;content_width&quot;:&quot;full&quot;}\">\n\t\t\t\t<div class=\"elementor-element elementor-element-0091a96 elementor-widget__width-initial elementor-widget elementor-widget-text-editor\" data-id=\"0091a96\" data-element_type=\"widget\" data-widget_type=\"text-editor.default\">\n\t\t\t\t<div class=\"elementor-widget-container\">\n\t\t\t\t\t\t\t<p style=\"font-weight: 400; text-align: center;\">Ciao, su Milan. Studuji ji\u017e druh\u00fdm rokem nMgr star\u0161\u00edch \u010desk\u00fdch d\u011bjin a nov\u011b i prvn\u00edm rokem D\u011bjiny um\u011bn\u00ed. Odborn\u011b se zaj\u00edm\u00e1m p\u0159edev\u0161\u00edm o prampouchy a pak o 16. stolet\u00ed v \u010desk\u00fdch zem\u00edch. Dal\u0161\u00edm m\u00fdm z\u00e1jmem jsou d\u011bjiny It\u00e1lie, konkr\u00e9tn\u011b studium \u010desk\u00fdch student\u016f, kte\u0159\u00ed tam pob\u00fdvali v novov\u011bku. Su milovn\u00edk um\u011bn\u00ed zvl\u00e1\u0161t\u011b toho renesan\u010dn\u00edho a st\u0159edov\u011bk\u00e9ho, a\u0165 u\u017e v jak\u00e9koliv form\u011b. Kdy\u017e m\u011b nenajde\u0161 v knihovn\u011b, kde poctiv\u011b b\u00e1d\u00e1m, prov\u00e1z\u00edm bu\u010f na z\u00e1mku v Janovic\u00edch u R\u00fdma\u0159ova, nebo \u010dum\u00edm beznad\u011bjn\u011b do zdi a p\u0159em\u00edt\u00e1m nad d\u016fle\u017eit\u00fdmi filozofick\u00fdmi ot\u00e1zkami (co si d\u00e1m zrovna na ob\u011bd). Spolu se uvid\u00edme na \u010desk\u00e9m novov\u011bku I. a pozd\u011bji se projdeme s exkurz\u00ed po novov\u011bk\u00e9 Praze<\/p>\t\t\t\t\t\t<\/div>\n\t\t\t\t<\/div>\n\t\t\t\t<\/div>\n\t\t<div class=\"elementor-element elementor-element-b721ad8 e-con-full e-flex e-con e-child\" data-id=\"b721ad8\" data-element_type=\"container\" data-settings=\"{&quot;content_width&quot;:&quot;full&quot;}\">\n\t\t\t\t<\/div>\n\t\t<div class=\"elementor-element elementor-element-8a4a636 e-con-full e-flex e-con e-child\" data-id=\"8a4a636\" data-element_type=\"container\" data-settings=\"{&quot;content_width&quot;:&quot;full&quot;}\">\n\t\t\t\t<div class=\"elementor-element elementor-element-eca8451 elementor-widget__width-initial elementor-widget elementor-widget-image\" data-id=\"eca8451\" data-element_type=\"widget\" data-widget_type=\"image.default\">\n\t\t\t\t<div class=\"elementor-widget-container\">\n\t\t\t<style>\/*! elementor - v3.18.0 - 08-12-2023 *\/\n.elementor-widget-image{text-align:center}.elementor-widget-image a{display:inline-block}.elementor-widget-image a img[src$=\".svg\"]{width:48px}.elementor-widget-image img{vertical-align:middle;display:inline-block}<\/style>\t\t\t\t\t\t\t\t\t\t\t\t<img fetchpriority=\"high\" decoding=\"async\" width=\"768\" height=\"1024\" src=\"https:\/\/pripravky.ffabula.cz\/wp-content\/uploads\/2026\/01\/dd5129bf-3d78-40d5-9755-0d5270ceacff-Milan-Zapletal-768x1024.jpg\" class=\"attachment-large size-large wp-image-3138\" alt=\"\" srcset=\"https:\/\/pripravky.ffabula.cz\/wp-content\/uploads\/2026\/01\/dd5129bf-3d78-40d5-9755-0d5270ceacff-Milan-Zapletal-768x1024.jpg 768w, https:\/\/pripravky.ffabula.cz\/wp-content\/uploads\/2026\/01\/dd5129bf-3d78-40d5-9755-0d5270ceacff-Milan-Zapletal-225x300.jpg 225w, https:\/\/pripravky.ffabula.cz\/wp-content\/uploads\/2026\/01\/dd5129bf-3d78-40d5-9755-0d5270ceacff-Milan-Zapletal-1152x1536.jpg 1152w, https:\/\/pripravky.ffabula.cz\/wp-content\/uploads\/2026\/01\/dd5129bf-3d78-40d5-9755-0d5270ceacff-Milan-Zapletal-1536x2048.jpg 1536w, https:\/\/pripravky.ffabula.cz\/wp-content\/uploads\/2026\/01\/dd5129bf-3d78-40d5-9755-0d5270ceacff-Milan-Zapletal-scaled.jpg 1920w\" sizes=\"(max-width: 768px) 100vw, 768px\" \/>\t\t\t\t\t\t\t\t\t\t\t\t\t\t\t<\/div>\n\t\t\t\t<\/div>\n\t\t\t\t<\/div>\n\t\t\t\t\t<\/div>\n\t\t\t\t<\/div>\n\t\t<div class=\"elementor-element elementor-element-cad0aea e-flex e-con-boxed e-con e-parent\" data-id=\"cad0aea\" data-element_type=\"container\" data-settings=\"{&quot;content_width&quot;:&quot;boxed&quot;}\" data-core-v316-plus=\"true\">\n\t\t\t\t\t<div class=\"e-con-inner\">\n\t\t<div class=\"elementor-element elementor-element-70270ad e-con-full e-flex e-con e-child\" data-id=\"70270ad\" data-element_type=\"container\" data-settings=\"{&quot;content_width&quot;:&quot;full&quot;}\">\n\t\t\t\t<\/div>\n\t\t<div class=\"elementor-element elementor-element-2783353 e-con-full e-flex e-con e-child\" data-id=\"2783353\" data-element_type=\"container\" data-settings=\"{&quot;content_width&quot;:&quot;full&quot;}\">\n\t\t\t\t<\/div>\n\t\t\t\t\t<\/div>\n\t\t\t\t<\/div>\n\t\t<div class=\"elementor-element elementor-element-b1369e5 e-flex e-con-boxed e-con e-parent\" data-id=\"b1369e5\" data-element_type=\"container\" data-settings=\"{&quot;content_width&quot;:&quot;boxed&quot;}\" data-core-v316-plus=\"true\">\n\t\t\t\t\t<div class=\"e-con-inner\">\n\t\t\t\t<div class=\"elementor-element elementor-element-7ed75c1 elementor-widget-divider--view-line elementor-widget elementor-widget-divider\" data-id=\"7ed75c1\" data-element_type=\"widget\" data-widget_type=\"divider.default\">\n\t\t\t\t<div class=\"elementor-widget-container\">\n\t\t\t\t\t<div class=\"elementor-divider\">\n\t\t\t<span class=\"elementor-divider-separator\">\n\t\t\t\t\t\t<\/span>\n\t\t<\/div>\n\t\t\t\t<\/div>\n\t\t\t\t<\/div>\n\t\t\t\t\t<\/div>\n\t\t\t\t<\/div>\n\t\t\t\t\t\t\t<\/div>\n\t\t","protected":false},"excerpt":{"rendered":"<p>Exkurze ke star\u0161\u00edm d\u011bjin\u00e1m Exkurze ke star\u0161\u00edm d\u011bjin\u00e1m se zam\u011b\u0159\u00ed na novov\u011bkou Prahujako v\u00fdznamn\u00e9 centrum evropsk\u00e9 kultury. Projdemenejd\u016fle\u017eit\u011bj\u0161\u00ed m\u00edsta, kter\u00e1 formovala d\u011bjiny m\u011bsta. Na Star\u00e9mM\u011bst\u011b se budeme v\u011bnovat vzestupu m\u011bstsk\u00e9ho stavu a roliKlementina jako s\u00eddla katolick\u00e9ho sv\u011bta v \u010desk\u00fdch zem\u00edch. NaMal\u00e9 Stran\u011b se pot\u00e9 zam\u011b\u0159\u00edme na druhou \u010d\u00e1st spole\u010dnosti,zejm\u00e9na na prost\u0159ed\u00ed \u0161lechty a renesan\u010dn\u00ed a &hellip;<\/p>\n<p class=\"read-more\"> <a class=\"\" href=\"https:\/\/pripravky.ffabula.cz\/index.php\/rozvrh\/modul-ii-novovek\/seminar-k-ceskym-dejinam\/\"> <span class=\"screen-reader-text\">Semin\u00e1\u0159 k \u010desk\u00fdm d\u011bjin\u00e1m<\/span> Pokra\u010dovat ve \u010dten\u00ed &raquo;<\/a><\/p>\n","protected":false},"author":2,"featured_media":0,"parent":639,"menu_order":0,"comment_status":"closed","ping_status":"closed","template":"","meta":{"site-sidebar-layout":"no-sidebar","site-content-layout":"","ast-site-content-layout":"full-width-container","site-content-style":"default","site-sidebar-style":"default","ast-global-header-display":"","ast-banner-title-visibility":"","ast-main-header-display":"","ast-hfb-above-header-display":"","ast-hfb-below-header-display":"","ast-hfb-mobile-header-display":"","site-post-title":"disabled","ast-breadcrumbs-content":"","ast-featured-img":"disabled","footer-sml-layout":"","theme-transparent-header-meta":"","adv-header-id-meta":"","stick-header-meta":"","header-above-stick-meta":"","header-main-stick-meta":"","header-below-stick-meta":"","astra-migrate-meta-layouts":"","ast-page-background-enabled":"default","ast-page-background-meta":{"desktop":{"background-color":"var(--ast-global-color-4)","background-image":"","background-repeat":"repeat","background-position":"center center","background-size":"auto","background-attachment":"scroll","background-type":"","background-media":"","overlay-type":"","overlay-color":"","overlay-gradient":""},"tablet":{"background-color":"","background-image":"","background-repeat":"repeat","background-position":"center center","background-size":"auto","background-attachment":"scroll","background-type":"","background-media":"","overlay-type":"","overlay-color":"","overlay-gradient":""},"mobile":{"background-color":"","background-image":"","background-repeat":"repeat","background-position":"center center","background-size":"auto","background-attachment":"scroll","background-type":"","background-media":"","overlay-type":"","overlay-color":"","overlay-gradient":""}},"ast-content-background-meta":{"desktop":{"background-color":"var(--ast-global-color-5)","background-image":"","background-repeat":"repeat","background-position":"center center","background-size":"auto","background-attachment":"scroll","background-type":"","background-media":"","overlay-type":"","overlay-color":"","overlay-gradient":""},"tablet":{"background-color":"var(--ast-global-color-5)","background-image":"","background-repeat":"repeat","background-position":"center center","background-size":"auto","background-attachment":"scroll","background-type":"","background-media":"","overlay-type":"","overlay-color":"","overlay-gradient":""},"mobile":{"background-color":"var(--ast-global-color-5)","background-image":"","background-repeat":"repeat","background-position":"center center","background-size":"auto","background-attachment":"scroll","background-type":"","background-media":"","overlay-type":"","overlay-color":"","overlay-gradient":""}},"footnotes":""},"class_list":["post-1597","page","type-page","status-publish","hentry"],"_links":{"self":[{"href":"https:\/\/pripravky.ffabula.cz\/index.php\/wp-json\/wp\/v2\/pages\/1597","targetHints":{"allow":["GET"]}}],"collection":[{"href":"https:\/\/pripravky.ffabula.cz\/index.php\/wp-json\/wp\/v2\/pages"}],"about":[{"href":"https:\/\/pripravky.ffabula.cz\/index.php\/wp-json\/wp\/v2\/types\/page"}],"author":[{"embeddable":true,"href":"https:\/\/pripravky.ffabula.cz\/index.php\/wp-json\/wp\/v2\/users\/2"}],"replies":[{"embeddable":true,"href":"https:\/\/pripravky.ffabula.cz\/index.php\/wp-json\/wp\/v2\/comments?post=1597"}],"version-history":[{"count":13,"href":"https:\/\/pripravky.ffabula.cz\/index.php\/wp-json\/wp\/v2\/pages\/1597\/revisions"}],"predecessor-version":[{"id":3148,"href":"https:\/\/pripravky.ffabula.cz\/index.php\/wp-json\/wp\/v2\/pages\/1597\/revisions\/3148"}],"up":[{"embeddable":true,"href":"https:\/\/pripravky.ffabula.cz\/index.php\/wp-json\/wp\/v2\/pages\/639"}],"wp:attachment":[{"href":"https:\/\/pripravky.ffabula.cz\/index.php\/wp-json\/wp\/v2\/media?parent=1597"}],"curies":[{"name":"wp","href":"https:\/\/api.w.org\/{rel}","templated":true}]}}