{"id":2222,"date":"2024-11-18T17:03:29","date_gmt":"2024-11-18T16:03:29","guid":{"rendered":"https:\/\/pripravky.ffabula.cz\/?page_id=2222"},"modified":"2026-01-08T13:57:24","modified_gmt":"2026-01-08T12:57:24","slug":"krizove-vypravy","status":"publish","type":"page","link":"https:\/\/pripravky.ffabula.cz\/index.php\/rozvrh\/modul-i\/krizove-vypravy\/","title":{"rendered":"K\u0159\u00ed\u017eov\u00e9 v\u00fdpravy"},"content":{"rendered":"\t\t<div data-elementor-type=\"wp-page\" data-elementor-id=\"2222\" class=\"elementor elementor-2222\">\n\t\t\t\t\t\t\t<div class=\"elementor-element elementor-element-faff4bd e-flex e-con-boxed e-con e-parent\" data-id=\"faff4bd\" data-element_type=\"container\" data-settings=\"{&quot;background_background&quot;:&quot;classic&quot;,&quot;content_width&quot;:&quot;boxed&quot;}\" data-core-v316-plus=\"true\">\n\t\t\t\t\t<div class=\"e-con-inner\">\n\t\t<div class=\"elementor-element elementor-element-8606722 e-flex e-con-boxed e-con e-child\" data-id=\"8606722\" data-element_type=\"container\" data-settings=\"{&quot;content_width&quot;:&quot;boxed&quot;}\">\n\t\t\t\t\t<div class=\"e-con-inner\">\n\t\t\t\t<div class=\"elementor-element elementor-element-93a8c81 elementor-widget elementor-widget-heading\" data-id=\"93a8c81\" data-element_type=\"widget\" data-widget_type=\"heading.default\">\n\t\t\t\t<div class=\"elementor-widget-container\">\n\t\t\t<style>\/*! elementor - v3.18.0 - 08-12-2023 *\/\n.elementor-heading-title{padding:0;margin:0;line-height:1}.elementor-widget-heading .elementor-heading-title[class*=elementor-size-]>a{color:inherit;font-size:inherit;line-height:inherit}.elementor-widget-heading .elementor-heading-title.elementor-size-small{font-size:15px}.elementor-widget-heading .elementor-heading-title.elementor-size-medium{font-size:19px}.elementor-widget-heading .elementor-heading-title.elementor-size-large{font-size:29px}.elementor-widget-heading .elementor-heading-title.elementor-size-xl{font-size:39px}.elementor-widget-heading .elementor-heading-title.elementor-size-xxl{font-size:59px}<\/style><h2 class=\"elementor-heading-title elementor-size-default\">K\u0159\u00ed\u017eov\u00e9 v\u00fdpravy<\/h2>\t\t<\/div>\n\t\t\t\t<\/div>\n\t\t\t\t<div class=\"elementor-element elementor-element-d441579 elementor-widget elementor-widget-text-editor\" data-id=\"d441579\" data-element_type=\"widget\" data-widget_type=\"text-editor.default\">\n\t\t\t\t<div class=\"elementor-widget-container\">\n\t\t\t<style>\/*! elementor - v3.18.0 - 08-12-2023 *\/\n.elementor-widget-text-editor.elementor-drop-cap-view-stacked .elementor-drop-cap{background-color:#69727d;color:#fff}.elementor-widget-text-editor.elementor-drop-cap-view-framed .elementor-drop-cap{color:#69727d;border:3px solid;background-color:transparent}.elementor-widget-text-editor:not(.elementor-drop-cap-view-default) .elementor-drop-cap{margin-top:8px}.elementor-widget-text-editor:not(.elementor-drop-cap-view-default) .elementor-drop-cap-letter{width:1em;height:1em}.elementor-widget-text-editor .elementor-drop-cap{float:left;text-align:center;line-height:1;font-size:50px}.elementor-widget-text-editor .elementor-drop-cap-letter{display:inline-block}<\/style>\t\t\t\t\t\t\t\t\t\t<\/div>\n\t\t\t\t<\/div>\n\t\t\t\t\t<\/div>\n\t\t\t\t<\/div>\n\t\t\t\t\t<\/div>\n\t\t\t\t<\/div>\n\t\t<div class=\"elementor-element elementor-element-a5064aa e-flex e-con-boxed e-con e-parent\" data-id=\"a5064aa\" data-element_type=\"container\" data-settings=\"{&quot;content_width&quot;:&quot;boxed&quot;}\" data-core-v316-plus=\"true\">\n\t\t\t\t\t<div class=\"e-con-inner\">\n\t\t<div class=\"elementor-element elementor-element-e5c318d e-flex e-con-boxed e-con e-child\" data-id=\"e5c318d\" data-element_type=\"container\" data-settings=\"{&quot;content_width&quot;:&quot;boxed&quot;}\">\n\t\t\t\t\t<div class=\"e-con-inner\">\n\t\t\t\t<div class=\"elementor-element elementor-element-6267a11 elementor-widget__width-initial elementor-widget elementor-widget-text-editor\" data-id=\"6267a11\" data-element_type=\"widget\" data-widget_type=\"text-editor.default\">\n\t\t\t\t<div class=\"elementor-widget-container\">\n\t\t\t\t\t\t\t<blockquote><p style=\"text-align: center;\"><span style=\"font-size: 18.7px;\">\u00a0<\/span><span style=\"background-color: var(--ast-global-color-5); font-size: 18.7px;\">P\u0159edn\u00e1\u0161ka bude zam\u011b\u0159ena na problematiku k\u0159\u00ed\u017eov\u00fdch v\u00fdprav, kterou se pokus\u00ed pojmout<\/span><\/p><p style=\"text-align: center;\"><span style=\"font-size: 18.7px;\">z \u0161irok\u00e9 perspektivy. Nejprve si p\u0159edstav\u00edme, na jak\u00e9m my\u0161lenkov\u00e9m a spole\u010densk\u00e9m z\u00e1klad\u011b<\/span><\/p><p style=\"text-align: center;\"><span style=\"font-size: 18.7px;\">tento fenom\u00e9n vznikl a budeme hledat jeho po\u010d\u00e1tek. N\u00e1sledn\u011b se zam\u011b\u0159\u00edme na pr\u016fb\u011bh<\/span><\/p><p style=\"text-align: center;\"><span style=\"font-size: 18.7px;\">k\u0159\u00ed\u017eov\u00fdch v\u00fdprav do Svat\u00e9 zem\u011b, a to zejm\u00e9na v obdob\u00ed 11. a\u017e 13. stolet\u00ed. Nez\u016fstaneme v\u0161ak<\/span><\/p><p style=\"text-align: center;\"><span style=\"font-size: 18.7px;\">pouze u nich a zm\u00edn\u00edme se tak\u00e9 o vyu\u017e\u00edv\u00e1n\u00ed k\u0159\u00ed\u017eov\u00fdch v\u00fdprav jako politick\u00e9ho n\u00e1stroje<\/span><\/p><p style=\"text-align: center;\"><span style=\"font-size: 18.7px;\">v boj\u00edch proti jin\u00fdm k\u0159es\u0165an\u016fm. Z\u00e1v\u011br p\u0159edn\u00e1\u0161ky bude v\u011bnov\u00e1n k\u0159\u00ed\u017eov\u00fdm v\u00fdprav\u00e1m<\/span><\/p><p style=\"text-align: center;\"><span style=\"font-size: 18.7px;\">v pozdn\u00edm st\u0159edov\u011bku a postupn\u00e9mu \u00fapadku t\u011bchto projekt\u016f.<\/span><\/p><\/blockquote>\t\t\t\t\t\t<\/div>\n\t\t\t\t<\/div>\n\t\t\t\t\t<\/div>\n\t\t\t\t<\/div>\n\t\t\t\t<div class=\"elementor-element elementor-element-8209d50 elementor-widget-divider--view-line elementor-widget elementor-widget-divider\" data-id=\"8209d50\" data-element_type=\"widget\" data-widget_type=\"divider.default\">\n\t\t\t\t<div class=\"elementor-widget-container\">\n\t\t\t<style>\/*! elementor - v3.18.0 - 08-12-2023 *\/\n.elementor-widget-divider{--divider-border-style:none;--divider-border-width:1px;--divider-color:#0c0d0e;--divider-icon-size:20px;--divider-element-spacing:10px;--divider-pattern-height:24px;--divider-pattern-size:20px;--divider-pattern-url:none;--divider-pattern-repeat:repeat-x}.elementor-widget-divider .elementor-divider{display:flex}.elementor-widget-divider .elementor-divider__text{font-size:15px;line-height:1;max-width:95%}.elementor-widget-divider .elementor-divider__element{margin:0 var(--divider-element-spacing);flex-shrink:0}.elementor-widget-divider .elementor-icon{font-size:var(--divider-icon-size)}.elementor-widget-divider .elementor-divider-separator{display:flex;margin:0;direction:ltr}.elementor-widget-divider--view-line_icon .elementor-divider-separator,.elementor-widget-divider--view-line_text .elementor-divider-separator{align-items:center}.elementor-widget-divider--view-line_icon .elementor-divider-separator:after,.elementor-widget-divider--view-line_icon .elementor-divider-separator:before,.elementor-widget-divider--view-line_text .elementor-divider-separator:after,.elementor-widget-divider--view-line_text .elementor-divider-separator:before{display:block;content:\"\";border-bottom:0;flex-grow:1;border-top:var(--divider-border-width) var(--divider-border-style) var(--divider-color)}.elementor-widget-divider--element-align-left .elementor-divider .elementor-divider-separator>.elementor-divider__svg:first-of-type{flex-grow:0;flex-shrink:100}.elementor-widget-divider--element-align-left .elementor-divider-separator:before{content:none}.elementor-widget-divider--element-align-left .elementor-divider__element{margin-left:0}.elementor-widget-divider--element-align-right .elementor-divider .elementor-divider-separator>.elementor-divider__svg:last-of-type{flex-grow:0;flex-shrink:100}.elementor-widget-divider--element-align-right .elementor-divider-separator:after{content:none}.elementor-widget-divider--element-align-right .elementor-divider__element{margin-right:0}.elementor-widget-divider:not(.elementor-widget-divider--view-line_text):not(.elementor-widget-divider--view-line_icon) .elementor-divider-separator{border-top:var(--divider-border-width) var(--divider-border-style) var(--divider-color)}.elementor-widget-divider--separator-type-pattern{--divider-border-style:none}.elementor-widget-divider--separator-type-pattern.elementor-widget-divider--view-line .elementor-divider-separator,.elementor-widget-divider--separator-type-pattern:not(.elementor-widget-divider--view-line) .elementor-divider-separator:after,.elementor-widget-divider--separator-type-pattern:not(.elementor-widget-divider--view-line) .elementor-divider-separator:before,.elementor-widget-divider--separator-type-pattern:not([class*=elementor-widget-divider--view]) .elementor-divider-separator{width:100%;min-height:var(--divider-pattern-height);-webkit-mask-size:var(--divider-pattern-size) 100%;mask-size:var(--divider-pattern-size) 100%;-webkit-mask-repeat:var(--divider-pattern-repeat);mask-repeat:var(--divider-pattern-repeat);background-color:var(--divider-color);-webkit-mask-image:var(--divider-pattern-url);mask-image:var(--divider-pattern-url)}.elementor-widget-divider--no-spacing{--divider-pattern-size:auto}.elementor-widget-divider--bg-round{--divider-pattern-repeat:round}.rtl .elementor-widget-divider .elementor-divider__text{direction:rtl}.e-con-inner>.elementor-widget-divider,.e-con>.elementor-widget-divider{width:var(--container-widget-width,100%);--flex-grow:var(--container-widget-flex-grow)}<\/style>\t\t<div class=\"elementor-divider\">\n\t\t\t<span class=\"elementor-divider-separator\">\n\t\t\t\t\t\t<\/span>\n\t\t<\/div>\n\t\t\t\t<\/div>\n\t\t\t\t<\/div>\n\t\t\t\t\t<\/div>\n\t\t\t\t<\/div>\n\t\t<div class=\"elementor-element elementor-element-b1369e5 e-flex e-con-boxed e-con e-parent\" data-id=\"b1369e5\" data-element_type=\"container\" data-settings=\"{&quot;content_width&quot;:&quot;boxed&quot;}\" data-core-v316-plus=\"true\">\n\t\t\t\t\t<div class=\"e-con-inner\">\n\t\t\t\t<div class=\"elementor-element elementor-element-1365fd1 elementor-widget elementor-widget-heading\" data-id=\"1365fd1\" data-element_type=\"widget\" data-widget_type=\"heading.default\">\n\t\t\t\t<div class=\"elementor-widget-container\">\n\t\t\t<h2 class=\"elementor-heading-title elementor-size-default\">Jan M\u00fcller<\/h2>\t\t<\/div>\n\t\t\t\t<\/div>\n\t\t\t\t\t<\/div>\n\t\t\t\t<\/div>\n\t\t<div class=\"elementor-element elementor-element-0cbde6f e-flex e-con-boxed e-con e-parent\" data-id=\"0cbde6f\" data-element_type=\"container\" data-settings=\"{&quot;content_width&quot;:&quot;boxed&quot;}\" data-core-v316-plus=\"true\">\n\t\t\t\t\t<div class=\"e-con-inner\">\n\t\t<div class=\"elementor-element elementor-element-7820043 e-con-full e-flex e-con e-child\" data-id=\"7820043\" data-element_type=\"container\" data-settings=\"{&quot;content_width&quot;:&quot;full&quot;}\">\n\t\t\t\t<\/div>\n\t\t\t\t<div class=\"elementor-element elementor-element-0323310 elementor-widget__width-initial elementor-widget elementor-widget-text-editor\" data-id=\"0323310\" data-element_type=\"widget\" data-widget_type=\"text-editor.default\">\n\t\t\t\t<div class=\"elementor-widget-container\">\n\t\t\t\t\t\t\t<p><span style=\"font-weight: 400;\">Jsem studentem 2. ro\u010dn\u00edku navazuj\u00edc\u00edho magistersk\u00e9ho studia sdru\u017een\u00e9ho oboru \u010desk\u00fdch d\u011bjin a muzejn\u00edch studi\u00ed. Ve sv\u00e9 bakal\u00e1\u0159sk\u00e9 pr\u00e1ci jsem se zam\u011b\u0159il na problematiku k\u0159\u00ed\u017eov\u00fdch v\u00fdprav proti husit\u016fm, p\u0159i\u010dem\u017e v\u00a0tomto t\u00e9matu chci pokra\u010dovat i nad\u00e1le. Obecn\u011b se zaj\u00edm\u00e1m o obdob\u00ed pozdn\u00edho st\u0159edov\u011bku v\u00a0\u010desk\u00fdch zem\u00edch s\u00a0d\u016frazem na c\u00edrkevn\u00ed d\u011bjiny a propojen\u00ed do \u0161ir\u0161\u00edho evropsk\u00e9ho kontextu.<\/span><\/p><p><span style=\"font-weight: 400;\">Pokud m\u011b nenajdete sed\u011bt ve studovn\u011b, nejsp\u00ed\u0161e pochoduji n\u011bkde v\u00a0hor\u00e1ch nebo tr\u00e1v\u00edm \u010das na fotbalov\u00e9m h\u0159i\u0161ti. Nepohrdnu vybranou k\u00e1vou ani pivem, kter\u00e9 nejl\u00e9pe chutn\u00e1 v\u00a0dobr\u00e9 spole\u010dnosti. Krom\u011b v\u00fd\u0161e zm\u00edn\u011bn\u00e9ho r\u00e1d tr\u00e1v\u00edm \u010das \u010detbou kr\u00e1sn\u00e9 literatury, sp\u00e1nkem a roz\u0161i\u0159ov\u00e1n\u00edm pov\u011bdom\u00ed o nej\u00fa\u017easn\u011bj\u0161\u00ed postav\u011b \u010desk\u00e9 historie, Jeron\u00fdmu Pra\u017esk\u00e9m.\u00a0<\/span><\/p>\t\t\t\t\t\t<\/div>\n\t\t\t\t<\/div>\n\t\t<div class=\"elementor-element elementor-element-96484ce e-con-full e-flex e-con e-child\" data-id=\"96484ce\" data-element_type=\"container\" data-settings=\"{&quot;content_width&quot;:&quot;full&quot;}\">\n\t\t\t\t<\/div>\n\t\t<div class=\"elementor-element elementor-element-27538e6 e-con-full e-flex e-con e-child\" data-id=\"27538e6\" data-element_type=\"container\" data-settings=\"{&quot;content_width&quot;:&quot;full&quot;}\">\n\t\t\t\t<div class=\"elementor-element elementor-element-558c688 elementor-widget__width-initial elementor-widget elementor-widget-image\" data-id=\"558c688\" data-element_type=\"widget\" data-widget_type=\"image.default\">\n\t\t\t\t<div class=\"elementor-widget-container\">\n\t\t\t<style>\/*! elementor - v3.18.0 - 08-12-2023 *\/\n.elementor-widget-image{text-align:center}.elementor-widget-image a{display:inline-block}.elementor-widget-image a img[src$=\".svg\"]{width:48px}.elementor-widget-image img{vertical-align:middle;display:inline-block}<\/style>\t\t\t\t\t\t\t\t\t\t\t\t<img fetchpriority=\"high\" decoding=\"async\" width=\"768\" height=\"1024\" src=\"https:\/\/pripravky.ffabula.cz\/wp-content\/uploads\/2024\/11\/Delostredla-Jan-Muller-768x1024.jpg\" class=\"attachment-large size-large wp-image-2215\" alt=\"\" srcset=\"https:\/\/pripravky.ffabula.cz\/wp-content\/uploads\/2024\/11\/Delostredla-Jan-Muller-768x1024.jpg 768w, https:\/\/pripravky.ffabula.cz\/wp-content\/uploads\/2024\/11\/Delostredla-Jan-Muller-225x300.jpg 225w, https:\/\/pripravky.ffabula.cz\/wp-content\/uploads\/2024\/11\/Delostredla-Jan-Muller-1152x1536.jpg 1152w, https:\/\/pripravky.ffabula.cz\/wp-content\/uploads\/2024\/11\/Delostredla-Jan-Muller.jpg 1301w\" sizes=\"(max-width: 768px) 100vw, 768px\" \/>\t\t\t\t\t\t\t\t\t\t\t\t\t\t\t<\/div>\n\t\t\t\t<\/div>\n\t\t\t\t<\/div>\n\t\t\t\t\t<\/div>\n\t\t\t\t<\/div>\n\t\t<div class=\"elementor-element elementor-element-d497ed4 e-flex e-con-boxed e-con e-parent\" data-id=\"d497ed4\" data-element_type=\"container\" data-settings=\"{&quot;content_width&quot;:&quot;boxed&quot;}\" data-core-v316-plus=\"true\">\n\t\t\t\t\t<div class=\"e-con-inner\">\n\t\t\t\t\t<\/div>\n\t\t\t\t<\/div>\n\t\t\t\t\t\t\t<\/div>\n\t\t","protected":false},"excerpt":{"rendered":"<p>K\u0159\u00ed\u017eov\u00e9 v\u00fdpravy \u00a0P\u0159edn\u00e1\u0161ka bude zam\u011b\u0159ena na problematiku k\u0159\u00ed\u017eov\u00fdch v\u00fdprav, kterou se pokus\u00ed pojmout z \u0161irok\u00e9 perspektivy. Nejprve si p\u0159edstav\u00edme, na jak\u00e9m my\u0161lenkov\u00e9m a spole\u010densk\u00e9m z\u00e1klad\u011b tento fenom\u00e9n vznikl a budeme hledat jeho po\u010d\u00e1tek. N\u00e1sledn\u011b se zam\u011b\u0159\u00edme na pr\u016fb\u011bh k\u0159\u00ed\u017eov\u00fdch v\u00fdprav do Svat\u00e9 zem\u011b, a to zejm\u00e9na v obdob\u00ed 11. a\u017e 13. stolet\u00ed. Nez\u016fstaneme v\u0161ak pouze &hellip;<\/p>\n<p class=\"read-more\"> <a class=\"\" href=\"https:\/\/pripravky.ffabula.cz\/index.php\/rozvrh\/modul-i\/krizove-vypravy\/\"> <span class=\"screen-reader-text\">K\u0159\u00ed\u017eov\u00e9 v\u00fdpravy<\/span> Pokra\u010dovat ve \u010dten\u00ed &raquo;<\/a><\/p>\n","protected":false},"author":2,"featured_media":0,"parent":560,"menu_order":0,"comment_status":"closed","ping_status":"closed","template":"","meta":{"site-sidebar-layout":"no-sidebar","site-content-layout":"","ast-site-content-layout":"full-width-container","site-content-style":"default","site-sidebar-style":"default","ast-global-header-display":"","ast-banner-title-visibility":"","ast-main-header-display":"","ast-hfb-above-header-display":"","ast-hfb-below-header-display":"","ast-hfb-mobile-header-display":"","site-post-title":"disabled","ast-breadcrumbs-content":"","ast-featured-img":"disabled","footer-sml-layout":"","theme-transparent-header-meta":"","adv-header-id-meta":"","stick-header-meta":"","header-above-stick-meta":"","header-main-stick-meta":"","header-below-stick-meta":"","astra-migrate-meta-layouts":"","ast-page-background-enabled":"default","ast-page-background-meta":{"desktop":{"background-color":"var(--ast-global-color-4)","background-image":"","background-repeat":"repeat","background-position":"center center","background-size":"auto","background-attachment":"scroll","background-type":"","background-media":"","overlay-type":"","overlay-color":"","overlay-gradient":""},"tablet":{"background-color":"","background-image":"","background-repeat":"repeat","background-position":"center center","background-size":"auto","background-attachment":"scroll","background-type":"","background-media":"","overlay-type":"","overlay-color":"","overlay-gradient":""},"mobile":{"background-color":"","background-image":"","background-repeat":"repeat","background-position":"center center","background-size":"auto","background-attachment":"scroll","background-type":"","background-media":"","overlay-type":"","overlay-color":"","overlay-gradient":""}},"ast-content-background-meta":{"desktop":{"background-color":"var(--ast-global-color-5)","background-image":"","background-repeat":"repeat","background-position":"center center","background-size":"auto","background-attachment":"scroll","background-type":"","background-media":"","overlay-type":"","overlay-color":"","overlay-gradient":""},"tablet":{"background-color":"var(--ast-global-color-5)","background-image":"","background-repeat":"repeat","background-position":"center center","background-size":"auto","background-attachment":"scroll","background-type":"","background-media":"","overlay-type":"","overlay-color":"","overlay-gradient":""},"mobile":{"background-color":"var(--ast-global-color-5)","background-image":"","background-repeat":"repeat","background-position":"center center","background-size":"auto","background-attachment":"scroll","background-type":"","background-media":"","overlay-type":"","overlay-color":"","overlay-gradient":""}},"footnotes":""},"class_list":["post-2222","page","type-page","status-publish","hentry"],"_links":{"self":[{"href":"https:\/\/pripravky.ffabula.cz\/index.php\/wp-json\/wp\/v2\/pages\/2222","targetHints":{"allow":["GET"]}}],"collection":[{"href":"https:\/\/pripravky.ffabula.cz\/index.php\/wp-json\/wp\/v2\/pages"}],"about":[{"href":"https:\/\/pripravky.ffabula.cz\/index.php\/wp-json\/wp\/v2\/types\/page"}],"author":[{"embeddable":true,"href":"https:\/\/pripravky.ffabula.cz\/index.php\/wp-json\/wp\/v2\/users\/2"}],"replies":[{"embeddable":true,"href":"https:\/\/pripravky.ffabula.cz\/index.php\/wp-json\/wp\/v2\/comments?post=2222"}],"version-history":[{"count":16,"href":"https:\/\/pripravky.ffabula.cz\/index.php\/wp-json\/wp\/v2\/pages\/2222\/revisions"}],"predecessor-version":[{"id":2967,"href":"https:\/\/pripravky.ffabula.cz\/index.php\/wp-json\/wp\/v2\/pages\/2222\/revisions\/2967"}],"up":[{"embeddable":true,"href":"https:\/\/pripravky.ffabula.cz\/index.php\/wp-json\/wp\/v2\/pages\/560"}],"wp:attachment":[{"href":"https:\/\/pripravky.ffabula.cz\/index.php\/wp-json\/wp\/v2\/media?parent=2222"}],"curies":[{"name":"wp","href":"https:\/\/api.w.org\/{rel}","templated":true}]}}