{"id":2887,"date":"2026-01-07T15:44:40","date_gmt":"2026-01-07T14:44:40","guid":{"rendered":"https:\/\/pripravky.ffabula.cz\/?page_id=2887"},"modified":"2026-01-07T15:47:04","modified_gmt":"2026-01-07T14:47:04","slug":"specializacni-prednaska-i-ceske-moderni-dejiny","status":"publish","type":"page","link":"https:\/\/pripravky.ffabula.cz\/index.php\/rozvrh\/modul-iv-soudobe-dejiny\/specializacni-prednaska-i-ceske-moderni-dejiny\/","title":{"rendered":"Specializa\u010dn\u00ed p\u0159edn\u00e1\u0161ka I \u010desk\u00e9 modern\u00ed d\u011bjiny"},"content":{"rendered":"\t\t<div data-elementor-type=\"wp-page\" data-elementor-id=\"2887\" class=\"elementor elementor-2887\">\n\t\t\t\t\t\t\t<div class=\"elementor-element elementor-element-faff4bd e-flex e-con-boxed e-con e-parent\" data-id=\"faff4bd\" data-element_type=\"container\" data-settings=\"{&quot;background_background&quot;:&quot;classic&quot;,&quot;content_width&quot;:&quot;boxed&quot;}\" data-core-v316-plus=\"true\">\n\t\t\t\t\t<div class=\"e-con-inner\">\n\t\t\t\t<div class=\"elementor-element elementor-element-93a8c81 elementor-widget elementor-widget-heading\" data-id=\"93a8c81\" data-element_type=\"widget\" data-widget_type=\"heading.default\">\n\t\t\t\t<div class=\"elementor-widget-container\">\n\t\t\t<style>\/*! elementor - v3.18.0 - 08-12-2023 *\/\n.elementor-heading-title{padding:0;margin:0;line-height:1}.elementor-widget-heading .elementor-heading-title[class*=elementor-size-]>a{color:inherit;font-size:inherit;line-height:inherit}.elementor-widget-heading .elementor-heading-title.elementor-size-small{font-size:15px}.elementor-widget-heading .elementor-heading-title.elementor-size-medium{font-size:19px}.elementor-widget-heading .elementor-heading-title.elementor-size-large{font-size:29px}.elementor-widget-heading .elementor-heading-title.elementor-size-xl{font-size:39px}.elementor-widget-heading .elementor-heading-title.elementor-size-xxl{font-size:59px}<\/style><h3 class=\"elementor-heading-title elementor-size-default\">B\u00fdt do\u010dista v&nbsp;tom. <br>Autobiografick\u00e1 pr\u00f3za jako reflexe \u010deskoslovensk\u00fdch pov\u00e1le\u010dn\u00fdch d\u011bjin<\/h3>\t\t<\/div>\n\t\t\t\t<\/div>\n\t\t<div class=\"elementor-element elementor-element-05b9bf2 e-flex e-con-boxed e-con e-child\" data-id=\"05b9bf2\" data-element_type=\"container\" data-settings=\"{&quot;content_width&quot;:&quot;boxed&quot;}\">\n\t\t\t\t\t<div class=\"e-con-inner\">\n\t\t\t\t<div class=\"elementor-element elementor-element-16e5f68 elementor-widget elementor-widget-text-editor\" data-id=\"16e5f68\" data-element_type=\"widget\" data-widget_type=\"text-editor.default\">\n\t\t\t\t<div class=\"elementor-widget-container\">\n\t\t\t<style>\/*! elementor - v3.18.0 - 08-12-2023 *\/\n.elementor-widget-text-editor.elementor-drop-cap-view-stacked .elementor-drop-cap{background-color:#69727d;color:#fff}.elementor-widget-text-editor.elementor-drop-cap-view-framed .elementor-drop-cap{color:#69727d;border:3px solid;background-color:transparent}.elementor-widget-text-editor:not(.elementor-drop-cap-view-default) .elementor-drop-cap{margin-top:8px}.elementor-widget-text-editor:not(.elementor-drop-cap-view-default) .elementor-drop-cap-letter{width:1em;height:1em}.elementor-widget-text-editor .elementor-drop-cap{float:left;text-align:center;line-height:1;font-size:50px}.elementor-widget-text-editor .elementor-drop-cap-letter{display:inline-block}<\/style>\t\t\t\t\t\t\t\t\t\t<\/div>\n\t\t\t\t<\/div>\n\t\t\t\t\t<\/div>\n\t\t\t\t<\/div>\n\t\t\t\t\t<\/div>\n\t\t\t\t<\/div>\n\t\t<div class=\"elementor-element elementor-element-a5064aa e-flex e-con-boxed e-con e-parent\" data-id=\"a5064aa\" data-element_type=\"container\" data-settings=\"{&quot;content_width&quot;:&quot;boxed&quot;}\" data-core-v316-plus=\"true\">\n\t\t\t\t\t<div class=\"e-con-inner\">\n\t\t<div class=\"elementor-element elementor-element-e5c318d e-flex e-con-boxed e-con e-child\" data-id=\"e5c318d\" data-element_type=\"container\" data-settings=\"{&quot;content_width&quot;:&quot;boxed&quot;}\">\n\t\t\t\t\t<div class=\"e-con-inner\">\n\t\t\t\t<div class=\"elementor-element elementor-element-6267a11 elementor-widget elementor-widget-text-editor\" data-id=\"6267a11\" data-element_type=\"widget\" data-widget_type=\"text-editor.default\">\n\t\t\t\t<div class=\"elementor-widget-container\">\n\t\t\t\t\t\t\t<blockquote><p style=\"text-align: center;\">Specializa\u010dn\u00ed p\u0159edn\u00e1\u0161ka nab\u00eddne interpretaci vybran\u00fdch d\u011bl pov\u00e1le\u010dn\u00e9 literatury, kter\u00e9<br \/>rozli\u010dn\u00fdmi zp\u016fsoby autobiograficky reflektuj\u00ed v\u00fdvoj v\u00a0\u010deskoslovensk\u00e9 spole\u010dnosti po roce<br \/>1945. Nahl\u00ed\u017e\u00ed tak na \u201evelk\u00e9 politick\u00e9 ud\u00e1losti\u201c i osudy \u201emal\u00e9ho \u010desk\u00e9ho \u010dlov\u011bka\u201c sice<br \/>odli\u0161nou, ale nem\u00e9n\u011b p\u0159esv\u011bd\u010divou optikou, ne\u017eli poskytuj\u00ed odborn\u00e9 studie a monografie na<br \/>toto t\u00e9ma. Z\u00a0p\u0159edstavovan\u00fdch text\u016f krom klasick\u00fdch autor\u016f a kanonizovan\u00fdch d\u011bl (Milan<br \/>Kundera: \u017dert; Ludv\u00edk Vacul\u00edk: Sekyra; Josef \u0160kvoreck\u00fd: Zbab\u011blci) zac\u00edl\u00ed pozornost i k\u00a0t\u011bm<br \/>m\u00e9n\u011b zn\u00e1m\u00fdm, \u010dasto experiment\u00e1ln\u00edm text\u016fm (Bohumil Hrabal: Inzer\u00e1t na d\u016fm, ve kter\u00e9m u\u017e<br \/>nechci bydlet; Josef Jedli\u010dka: Kde \u017eivot n\u00e1\u0161 je v\u00a0p\u016fli se svou pout\u00ed; Ladislav M\u0148a\u010dko:<br \/>Opo\u017ed\u011bn\u00e9 report\u00e1\u017ee). Historick\u00fdm miln\u00edkem pak bude IV. sjezd Svazu \u010deskoslovensk\u00fdch<br \/>spisovatel\u016f z\u00a0roku 1967, s\u00a0jeho\u017e z\u00e1v\u011bry se beletristick\u00e9 texty p\u0159etavily v politick\u00e9 proklamace<br \/>s\u00a0praktick\u00fdm dopadem pro nadch\u00e1zej\u00edc\u00ed ud\u00e1losti tzv. pra\u017esk\u00e9ho jara. P\u0159idanou hodnotou<br \/>v\u00fdkladu je ut\u0159\u00edd\u011bn\u00ed i roz\u0161\u00ed\u0159en\u00ed informac\u00ed o \u010deskoslovensk\u00e9m pov\u00e1le\u010dn\u00e9m p\u00edsemnictv\u00ed k<br \/>maturit\u011b z\u00a0\u010desk\u00e9ho jazyka a literatury.<\/p><\/blockquote>\t\t\t\t\t\t<\/div>\n\t\t\t\t<\/div>\n\t\t\t\t\t<\/div>\n\t\t\t\t<\/div>\n\t\t\t\t\t<\/div>\n\t\t\t\t<\/div>\n\t\t<div class=\"elementor-element elementor-element-cf4c245 e-flex e-con-boxed e-con e-parent\" data-id=\"cf4c245\" data-element_type=\"container\" data-settings=\"{&quot;content_width&quot;:&quot;boxed&quot;}\" data-core-v316-plus=\"true\">\n\t\t\t\t\t<div class=\"e-con-inner\">\n\t\t\t\t<div class=\"elementor-element elementor-element-f5b18f3 elementor-widget-divider--view-line elementor-widget elementor-widget-divider\" data-id=\"f5b18f3\" data-element_type=\"widget\" data-widget_type=\"divider.default\">\n\t\t\t\t<div class=\"elementor-widget-container\">\n\t\t\t<style>\/*! elementor - v3.18.0 - 08-12-2023 *\/\n.elementor-widget-divider{--divider-border-style:none;--divider-border-width:1px;--divider-color:#0c0d0e;--divider-icon-size:20px;--divider-element-spacing:10px;--divider-pattern-height:24px;--divider-pattern-size:20px;--divider-pattern-url:none;--divider-pattern-repeat:repeat-x}.elementor-widget-divider .elementor-divider{display:flex}.elementor-widget-divider .elementor-divider__text{font-size:15px;line-height:1;max-width:95%}.elementor-widget-divider .elementor-divider__element{margin:0 var(--divider-element-spacing);flex-shrink:0}.elementor-widget-divider .elementor-icon{font-size:var(--divider-icon-size)}.elementor-widget-divider .elementor-divider-separator{display:flex;margin:0;direction:ltr}.elementor-widget-divider--view-line_icon .elementor-divider-separator,.elementor-widget-divider--view-line_text .elementor-divider-separator{align-items:center}.elementor-widget-divider--view-line_icon .elementor-divider-separator:after,.elementor-widget-divider--view-line_icon .elementor-divider-separator:before,.elementor-widget-divider--view-line_text .elementor-divider-separator:after,.elementor-widget-divider--view-line_text .elementor-divider-separator:before{display:block;content:\"\";border-bottom:0;flex-grow:1;border-top:var(--divider-border-width) var(--divider-border-style) var(--divider-color)}.elementor-widget-divider--element-align-left .elementor-divider .elementor-divider-separator>.elementor-divider__svg:first-of-type{flex-grow:0;flex-shrink:100}.elementor-widget-divider--element-align-left .elementor-divider-separator:before{content:none}.elementor-widget-divider--element-align-left .elementor-divider__element{margin-left:0}.elementor-widget-divider--element-align-right .elementor-divider .elementor-divider-separator>.elementor-divider__svg:last-of-type{flex-grow:0;flex-shrink:100}.elementor-widget-divider--element-align-right .elementor-divider-separator:after{content:none}.elementor-widget-divider--element-align-right .elementor-divider__element{margin-right:0}.elementor-widget-divider:not(.elementor-widget-divider--view-line_text):not(.elementor-widget-divider--view-line_icon) .elementor-divider-separator{border-top:var(--divider-border-width) var(--divider-border-style) var(--divider-color)}.elementor-widget-divider--separator-type-pattern{--divider-border-style:none}.elementor-widget-divider--separator-type-pattern.elementor-widget-divider--view-line .elementor-divider-separator,.elementor-widget-divider--separator-type-pattern:not(.elementor-widget-divider--view-line) .elementor-divider-separator:after,.elementor-widget-divider--separator-type-pattern:not(.elementor-widget-divider--view-line) .elementor-divider-separator:before,.elementor-widget-divider--separator-type-pattern:not([class*=elementor-widget-divider--view]) .elementor-divider-separator{width:100%;min-height:var(--divider-pattern-height);-webkit-mask-size:var(--divider-pattern-size) 100%;mask-size:var(--divider-pattern-size) 100%;-webkit-mask-repeat:var(--divider-pattern-repeat);mask-repeat:var(--divider-pattern-repeat);background-color:var(--divider-color);-webkit-mask-image:var(--divider-pattern-url);mask-image:var(--divider-pattern-url)}.elementor-widget-divider--no-spacing{--divider-pattern-size:auto}.elementor-widget-divider--bg-round{--divider-pattern-repeat:round}.rtl .elementor-widget-divider .elementor-divider__text{direction:rtl}.e-con-inner>.elementor-widget-divider,.e-con>.elementor-widget-divider{width:var(--container-widget-width,100%);--flex-grow:var(--container-widget-flex-grow)}<\/style>\t\t<div class=\"elementor-divider\">\n\t\t\t<span class=\"elementor-divider-separator\">\n\t\t\t\t\t\t<\/span>\n\t\t<\/div>\n\t\t\t\t<\/div>\n\t\t\t\t<\/div>\n\t\t\t\t<div class=\"elementor-element elementor-element-4f2c5da elementor-widget elementor-widget-text-editor\" data-id=\"4f2c5da\" data-element_type=\"widget\" data-widget_type=\"text-editor.default\">\n\t\t\t\t<div class=\"elementor-widget-container\">\n\t\t\t\t\t\t\t\t\t\t\t\t\t<\/div>\n\t\t\t\t<\/div>\n\t\t\t\t\t<\/div>\n\t\t\t\t<\/div>\n\t\t<div class=\"elementor-element elementor-element-97d7e88 e-flex e-con-boxed e-con e-parent\" data-id=\"97d7e88\" data-element_type=\"container\" data-settings=\"{&quot;content_width&quot;:&quot;boxed&quot;}\" data-core-v316-plus=\"true\">\n\t\t\t\t\t<div class=\"e-con-inner\">\n\t\t\t\t<div class=\"elementor-element elementor-element-a7e320f elementor-widget elementor-widget-heading\" data-id=\"a7e320f\" data-element_type=\"widget\" data-widget_type=\"heading.default\">\n\t\t\t\t<div class=\"elementor-widget-container\">\n\t\t\t<h2 class=\"elementor-heading-title elementor-size-default\">Tom\u00e1\u0161 Matys<\/h2>\t\t<\/div>\n\t\t\t\t<\/div>\n\t\t\t\t\t<\/div>\n\t\t\t\t<\/div>\n\t\t<div class=\"elementor-element elementor-element-833bf04 e-flex e-con-boxed e-con e-parent\" data-id=\"833bf04\" data-element_type=\"container\" data-settings=\"{&quot;content_width&quot;:&quot;boxed&quot;}\" data-core-v316-plus=\"true\">\n\t\t\t\t\t<div class=\"e-con-inner\">\n\t\t<div class=\"elementor-element elementor-element-0983d80 e-con-full e-flex e-con e-child\" data-id=\"0983d80\" data-element_type=\"container\" data-settings=\"{&quot;content_width&quot;:&quot;full&quot;}\">\n\t\t\t\t<div class=\"elementor-element elementor-element-2d6d2d9 elementor-widget elementor-widget-text-editor\" data-id=\"2d6d2d9\" data-element_type=\"widget\" data-widget_type=\"text-editor.default\">\n\t\t\t\t<div class=\"elementor-widget-container\">\n\t\t\t\t\t\t\t<p style=\"text-align: center;\">Jsem absolventem zdej\u0161\u00ed Filozofick\u00e9 fakulty, p\u0159esn\u011bji sdru\u017een\u00e9ho magistersk\u00e9ho programu u\u010ditelstv\u00ed \u010desk\u00e9ho jazyka a literatury a u\u010ditelstv\u00ed historie. P\u0159edt\u00edm v\u00a0bakal\u00e1\u0159i jsem rovn\u011b\u017e na FFUK vystudoval bohemistiku a historii. P\u016fsob\u00edm na Arcibiskupsk\u00e9m gymn\u00e1ziu v\u00a0Praze jako u\u010ditel \u010cJL. M\u00fdm odborn\u00fdm z\u00e1jmem jsou \u010deskoslovensk\u00e9 soudob\u00e9 d\u011bjiny, p\u0159ev\u00e1\u017en\u011b popul\u00e1rn\u00ed kultury (literatura, hudba) a pota\u017emo problematika \u201en\u00e1rodn\u00ed identity\u201c a vztah\u016f k \u201ena\u0161\u00ed zemi\u201c. Bakal\u00e1\u0159skou pr\u00e1ci jsem v\u011bnoval prom\u011bn\u00e1m poetiky \u010deskoslovensk\u00fdch p\u00edsni\u010dk\u00e1\u0159\u016f po roce 1989 a\u00a0v t\u00e9 diplomov\u00e9 se zab\u00fdv\u00e1m d\u011bjinami festivalu vojensk\u00fdch p\u00edsn\u00ed \u201eZlat\u00fd palc\u00e1t\u201c. Od po\u010d\u00e1tku studia jsem byl aktivn\u00ed ve studentsk\u00fdch spolc\u00edch sv\u00fdch obor\u016f, \u00fa\u010dastnil jsem se pravideln\u011b seznamovac\u00edch kurz\u016f, p\u0159ev\u00e1\u017en\u011b v\u00a0roli kytarov\u00e9ho \u201ejukeboxu\u201c. R\u00e1d se bav\u00edm s\u00a0mlad\u00fdmi, p\u0159em\u00fd\u0161liv\u00fdmi lidmi a jsem r\u00e1d, \u017ee m\u00e1m v\u00a0leto\u0161n\u00edm b\u011bhu poprv\u00e9 mo\u017enost vyzkou\u0161et si pozici lektora \u010deskoslovensk\u00fdch pov\u00e1le\u010dn\u00fdch d\u011bjin. T\u011b\u0161\u00edm se na v\u0161echny va\u0161e zv\u00eddav\u00e9 dotazy!<\/p>\t\t\t\t\t\t<\/div>\n\t\t\t\t<\/div>\n\t\t\t\t<\/div>\n\t\t<div class=\"elementor-element elementor-element-4f5be78 e-con-full e-flex e-con e-child\" data-id=\"4f5be78\" data-element_type=\"container\" data-settings=\"{&quot;content_width&quot;:&quot;full&quot;}\">\n\t\t\t\t<\/div>\n\t\t<div class=\"elementor-element elementor-element-0e366e9 e-con-full e-flex e-con e-child\" data-id=\"0e366e9\" data-element_type=\"container\" data-settings=\"{&quot;content_width&quot;:&quot;full&quot;}\">\n\t\t\t\t<div class=\"elementor-element elementor-element-6d41368 elementor-widget elementor-widget-image\" data-id=\"6d41368\" data-element_type=\"widget\" data-widget_type=\"image.default\">\n\t\t\t\t<div class=\"elementor-widget-container\">\n\t\t\t<style>\/*! elementor - v3.18.0 - 08-12-2023 *\/\n.elementor-widget-image{text-align:center}.elementor-widget-image a{display:inline-block}.elementor-widget-image a img[src$=\".svg\"]{width:48px}.elementor-widget-image img{vertical-align:middle;display:inline-block}<\/style>\t\t\t\t\t\t\t\t\t\t\t\t<img fetchpriority=\"high\" decoding=\"async\" width=\"912\" height=\"1024\" src=\"https:\/\/pripravky.ffabula.cz\/wp-content\/uploads\/2024\/11\/6de115a4-87da-4bb9-9b13-ba6cb5e720fe-Tomas-Matys-912x1024.jpg\" class=\"attachment-large size-large wp-image-2387\" alt=\"\" srcset=\"https:\/\/pripravky.ffabula.cz\/wp-content\/uploads\/2024\/11\/6de115a4-87da-4bb9-9b13-ba6cb5e720fe-Tomas-Matys-912x1024.jpg 912w, https:\/\/pripravky.ffabula.cz\/wp-content\/uploads\/2024\/11\/6de115a4-87da-4bb9-9b13-ba6cb5e720fe-Tomas-Matys-267x300.jpg 267w, https:\/\/pripravky.ffabula.cz\/wp-content\/uploads\/2024\/11\/6de115a4-87da-4bb9-9b13-ba6cb5e720fe-Tomas-Matys-768x862.jpg 768w, https:\/\/pripravky.ffabula.cz\/wp-content\/uploads\/2024\/11\/6de115a4-87da-4bb9-9b13-ba6cb5e720fe-Tomas-Matys.jpg 1073w\" sizes=\"(max-width: 912px) 100vw, 912px\" \/>\t\t\t\t\t\t\t\t\t\t\t\t\t\t\t<\/div>\n\t\t\t\t<\/div>\n\t\t\t\t<\/div>\n\t\t\t\t\t<\/div>\n\t\t\t\t<\/div>\n\t\t<div class=\"elementor-element elementor-element-bc5fd91 e-flex e-con-boxed e-con e-parent\" data-id=\"bc5fd91\" data-element_type=\"container\" data-settings=\"{&quot;content_width&quot;:&quot;boxed&quot;}\" data-core-v316-plus=\"true\">\n\t\t\t\t\t<div class=\"e-con-inner\">\n\t\t\t\t\t<\/div>\n\t\t\t\t<\/div>\n\t\t\t\t\t\t\t<\/div>\n\t\t","protected":false},"excerpt":{"rendered":"<p>B\u00fdt do\u010dista v&nbsp;tom. Autobiografick\u00e1 pr\u00f3za jako reflexe \u010deskoslovensk\u00fdch pov\u00e1le\u010dn\u00fdch d\u011bjin Specializa\u010dn\u00ed p\u0159edn\u00e1\u0161ka nab\u00eddne interpretaci vybran\u00fdch d\u011bl pov\u00e1le\u010dn\u00e9 literatury, kter\u00e9rozli\u010dn\u00fdmi zp\u016fsoby autobiograficky reflektuj\u00ed v\u00fdvoj v\u00a0\u010deskoslovensk\u00e9 spole\u010dnosti po roce1945. Nahl\u00ed\u017e\u00ed tak na \u201evelk\u00e9 politick\u00e9 ud\u00e1losti\u201c i osudy \u201emal\u00e9ho \u010desk\u00e9ho \u010dlov\u011bka\u201c siceodli\u0161nou, ale nem\u00e9n\u011b p\u0159esv\u011bd\u010divou optikou, ne\u017eli poskytuj\u00ed odborn\u00e9 studie a monografie natoto t\u00e9ma. Z\u00a0p\u0159edstavovan\u00fdch text\u016f krom klasick\u00fdch &hellip;<\/p>\n<p class=\"read-more\"> <a class=\"\" href=\"https:\/\/pripravky.ffabula.cz\/index.php\/rozvrh\/modul-iv-soudobe-dejiny\/specializacni-prednaska-i-ceske-moderni-dejiny\/\"> <span class=\"screen-reader-text\">Specializa\u010dn\u00ed p\u0159edn\u00e1\u0161ka I \u010desk\u00e9 modern\u00ed d\u011bjiny<\/span> Pokra\u010dovat ve \u010dten\u00ed &raquo;<\/a><\/p>\n","protected":false},"author":2,"featured_media":0,"parent":644,"menu_order":0,"comment_status":"closed","ping_status":"closed","template":"","meta":{"site-sidebar-layout":"no-sidebar","site-content-layout":"","ast-site-content-layout":"full-width-container","site-content-style":"default","site-sidebar-style":"default","ast-global-header-display":"","ast-banner-title-visibility":"","ast-main-header-display":"","ast-hfb-above-header-display":"","ast-hfb-below-header-display":"","ast-hfb-mobile-header-display":"","site-post-title":"disabled","ast-breadcrumbs-content":"","ast-featured-img":"disabled","footer-sml-layout":"","theme-transparent-header-meta":"","adv-header-id-meta":"","stick-header-meta":"","header-above-stick-meta":"","header-main-stick-meta":"","header-below-stick-meta":"","astra-migrate-meta-layouts":"","ast-page-background-enabled":"default","ast-page-background-meta":{"desktop":{"background-color":"var(--ast-global-color-4)","background-image":"","background-repeat":"repeat","background-position":"center center","background-size":"auto","background-attachment":"scroll","background-type":"","background-media":"","overlay-type":"","overlay-color":"","overlay-gradient":""},"tablet":{"background-color":"","background-image":"","background-repeat":"repeat","background-position":"center center","background-size":"auto","background-attachment":"scroll","background-type":"","background-media":"","overlay-type":"","overlay-color":"","overlay-gradient":""},"mobile":{"background-color":"","background-image":"","background-repeat":"repeat","background-position":"center center","background-size":"auto","background-attachment":"scroll","background-type":"","background-media":"","overlay-type":"","overlay-color":"","overlay-gradient":""}},"ast-content-background-meta":{"desktop":{"background-color":"var(--ast-global-color-5)","background-image":"","background-repeat":"repeat","background-position":"center center","background-size":"auto","background-attachment":"scroll","background-type":"","background-media":"","overlay-type":"","overlay-color":"","overlay-gradient":""},"tablet":{"background-color":"var(--ast-global-color-5)","background-image":"","background-repeat":"repeat","background-position":"center center","background-size":"auto","background-attachment":"scroll","background-type":"","background-media":"","overlay-type":"","overlay-color":"","overlay-gradient":""},"mobile":{"background-color":"var(--ast-global-color-5)","background-image":"","background-repeat":"repeat","background-position":"center center","background-size":"auto","background-attachment":"scroll","background-type":"","background-media":"","overlay-type":"","overlay-color":"","overlay-gradient":""}},"footnotes":""},"class_list":["post-2887","page","type-page","status-publish","hentry"],"_links":{"self":[{"href":"https:\/\/pripravky.ffabula.cz\/index.php\/wp-json\/wp\/v2\/pages\/2887","targetHints":{"allow":["GET"]}}],"collection":[{"href":"https:\/\/pripravky.ffabula.cz\/index.php\/wp-json\/wp\/v2\/pages"}],"about":[{"href":"https:\/\/pripravky.ffabula.cz\/index.php\/wp-json\/wp\/v2\/types\/page"}],"author":[{"embeddable":true,"href":"https:\/\/pripravky.ffabula.cz\/index.php\/wp-json\/wp\/v2\/users\/2"}],"replies":[{"embeddable":true,"href":"https:\/\/pripravky.ffabula.cz\/index.php\/wp-json\/wp\/v2\/comments?post=2887"}],"version-history":[{"count":4,"href":"https:\/\/pripravky.ffabula.cz\/index.php\/wp-json\/wp\/v2\/pages\/2887\/revisions"}],"predecessor-version":[{"id":2891,"href":"https:\/\/pripravky.ffabula.cz\/index.php\/wp-json\/wp\/v2\/pages\/2887\/revisions\/2891"}],"up":[{"embeddable":true,"href":"https:\/\/pripravky.ffabula.cz\/index.php\/wp-json\/wp\/v2\/pages\/644"}],"wp:attachment":[{"href":"https:\/\/pripravky.ffabula.cz\/index.php\/wp-json\/wp\/v2\/media?parent=2887"}],"curies":[{"name":"wp","href":"https:\/\/api.w.org\/{rel}","templated":true}]}}