{"id":494,"date":"2023-12-10T23:15:48","date_gmt":"2023-12-10T22:15:48","guid":{"rendered":"https:\/\/pripravky.ffabula.cz\/?page_id=494"},"modified":"2025-11-03T21:29:40","modified_gmt":"2025-11-03T20:29:40","slug":"o-projektu","status":"publish","type":"page","link":"https:\/\/pripravky.ffabula.cz\/index.php\/o-projektu\/","title":{"rendered":"O projektu"},"content":{"rendered":"\t\t<div data-elementor-type=\"wp-page\" data-elementor-id=\"494\" class=\"elementor elementor-494\">\n\t\t\t\t\t\t\t<div class=\"elementor-element elementor-element-faff4bd e-flex e-con-boxed e-con e-parent\" data-id=\"faff4bd\" data-element_type=\"container\" data-settings=\"{&quot;background_background&quot;:&quot;classic&quot;,&quot;content_width&quot;:&quot;boxed&quot;}\" data-core-v316-plus=\"true\">\n\t\t\t\t\t<div class=\"e-con-inner\">\n\t\t\t\t<div class=\"elementor-element elementor-element-93a8c81 elementor-widget elementor-widget-heading\" data-id=\"93a8c81\" data-element_type=\"widget\" data-widget_type=\"heading.default\">\n\t\t\t\t<div class=\"elementor-widget-container\">\n\t\t\t<style>\/*! elementor - v3.18.0 - 08-12-2023 *\/\n.elementor-heading-title{padding:0;margin:0;line-height:1}.elementor-widget-heading .elementor-heading-title[class*=elementor-size-]>a{color:inherit;font-size:inherit;line-height:inherit}.elementor-widget-heading .elementor-heading-title.elementor-size-small{font-size:15px}.elementor-widget-heading .elementor-heading-title.elementor-size-medium{font-size:19px}.elementor-widget-heading .elementor-heading-title.elementor-size-large{font-size:29px}.elementor-widget-heading .elementor-heading-title.elementor-size-xl{font-size:39px}.elementor-widget-heading .elementor-heading-title.elementor-size-xxl{font-size:59px}<\/style><h2 class=\"elementor-heading-title elementor-size-default\">O projektu<\/h2>\t\t<\/div>\n\t\t\t\t<\/div>\n\t\t\t\t\t<\/div>\n\t\t\t\t<\/div>\n\t\t<div class=\"elementor-element elementor-element-a5064aa e-flex e-con-boxed e-con e-parent\" data-id=\"a5064aa\" data-element_type=\"container\" data-settings=\"{&quot;content_width&quot;:&quot;boxed&quot;}\" data-core-v316-plus=\"true\">\n\t\t\t\t\t<div class=\"e-con-inner\">\n\t\t<div class=\"elementor-element elementor-element-e5c318d e-flex e-con-boxed e-con e-child\" data-id=\"e5c318d\" data-element_type=\"container\" data-settings=\"{&quot;content_width&quot;:&quot;boxed&quot;}\">\n\t\t\t\t\t<div class=\"e-con-inner\">\n\t\t\t\t<div class=\"elementor-element elementor-element-badeda3 elementor-widget elementor-widget-text-editor\" data-id=\"badeda3\" data-element_type=\"widget\" data-widget_type=\"text-editor.default\">\n\t\t\t\t<div class=\"elementor-widget-container\">\n\t\t\t<style>\/*! elementor - v3.18.0 - 08-12-2023 *\/\n.elementor-widget-text-editor.elementor-drop-cap-view-stacked .elementor-drop-cap{background-color:#69727d;color:#fff}.elementor-widget-text-editor.elementor-drop-cap-view-framed .elementor-drop-cap{color:#69727d;border:3px solid;background-color:transparent}.elementor-widget-text-editor:not(.elementor-drop-cap-view-default) .elementor-drop-cap{margin-top:8px}.elementor-widget-text-editor:not(.elementor-drop-cap-view-default) .elementor-drop-cap-letter{width:1em;height:1em}.elementor-widget-text-editor .elementor-drop-cap{float:left;text-align:center;line-height:1;font-size:50px}.elementor-widget-text-editor .elementor-drop-cap-letter{display:inline-block}<\/style>\t\t\t\t<p style=\"text-align: center;\">P\u0159\u00edpravn\u00e9 kurzy jsou jednou z vlajkov\u00fdch lod\u00ed \u010dinnosti Spolku student\u016f historie FF UK. Maj\u00ed podobu s\u00e9rie p\u0159edn\u00e1\u0161ek a semin\u00e1\u0159\u016f, kter\u00e9 slou\u017e\u00ed k p\u0159\u00edprav\u011b na p\u0159ij\u00edmac\u00ed \u0159\u00edzen\u00ed, k maturit\u011b \u010di k roz\u0161\u00ed\u0159en\u00ed obzor\u016f o historii.\u00a0<\/p>\t\t\t\t\t\t<\/div>\n\t\t\t\t<\/div>\n\t\t\t\t\t<\/div>\n\t\t\t\t<\/div>\n\t\t\t\t\t<\/div>\n\t\t\t\t<\/div>\n\t\t<div class=\"elementor-element elementor-element-240982c e-flex e-con-boxed e-con e-parent\" data-id=\"240982c\" data-element_type=\"container\" data-settings=\"{&quot;content_width&quot;:&quot;boxed&quot;}\" data-core-v316-plus=\"true\">\n\t\t\t\t\t<div class=\"e-con-inner\">\n\t\t\t\t<div class=\"elementor-element elementor-element-3779fe2 elementor-widget elementor-widget-heading\" data-id=\"3779fe2\" data-element_type=\"widget\" data-widget_type=\"heading.default\">\n\t\t\t\t<div class=\"elementor-widget-container\">\n\t\t\t<h4 class=\"elementor-heading-title elementor-size-default\">O p\u0159\u00edpravk\u00e1ch<\/h4>\t\t<\/div>\n\t\t\t\t<\/div>\n\t\t\t\t<div class=\"elementor-element elementor-element-87c57e2 elementor-widget-divider--view-line elementor-widget elementor-widget-divider\" data-id=\"87c57e2\" data-element_type=\"widget\" data-widget_type=\"divider.default\">\n\t\t\t\t<div class=\"elementor-widget-container\">\n\t\t\t<style>\/*! elementor - v3.18.0 - 08-12-2023 *\/\n.elementor-widget-divider{--divider-border-style:none;--divider-border-width:1px;--divider-color:#0c0d0e;--divider-icon-size:20px;--divider-element-spacing:10px;--divider-pattern-height:24px;--divider-pattern-size:20px;--divider-pattern-url:none;--divider-pattern-repeat:repeat-x}.elementor-widget-divider .elementor-divider{display:flex}.elementor-widget-divider .elementor-divider__text{font-size:15px;line-height:1;max-width:95%}.elementor-widget-divider .elementor-divider__element{margin:0 var(--divider-element-spacing);flex-shrink:0}.elementor-widget-divider .elementor-icon{font-size:var(--divider-icon-size)}.elementor-widget-divider .elementor-divider-separator{display:flex;margin:0;direction:ltr}.elementor-widget-divider--view-line_icon .elementor-divider-separator,.elementor-widget-divider--view-line_text .elementor-divider-separator{align-items:center}.elementor-widget-divider--view-line_icon .elementor-divider-separator:after,.elementor-widget-divider--view-line_icon .elementor-divider-separator:before,.elementor-widget-divider--view-line_text .elementor-divider-separator:after,.elementor-widget-divider--view-line_text .elementor-divider-separator:before{display:block;content:\"\";border-bottom:0;flex-grow:1;border-top:var(--divider-border-width) var(--divider-border-style) var(--divider-color)}.elementor-widget-divider--element-align-left .elementor-divider .elementor-divider-separator>.elementor-divider__svg:first-of-type{flex-grow:0;flex-shrink:100}.elementor-widget-divider--element-align-left .elementor-divider-separator:before{content:none}.elementor-widget-divider--element-align-left .elementor-divider__element{margin-left:0}.elementor-widget-divider--element-align-right .elementor-divider .elementor-divider-separator>.elementor-divider__svg:last-of-type{flex-grow:0;flex-shrink:100}.elementor-widget-divider--element-align-right .elementor-divider-separator:after{content:none}.elementor-widget-divider--element-align-right .elementor-divider__element{margin-right:0}.elementor-widget-divider:not(.elementor-widget-divider--view-line_text):not(.elementor-widget-divider--view-line_icon) .elementor-divider-separator{border-top:var(--divider-border-width) var(--divider-border-style) var(--divider-color)}.elementor-widget-divider--separator-type-pattern{--divider-border-style:none}.elementor-widget-divider--separator-type-pattern.elementor-widget-divider--view-line .elementor-divider-separator,.elementor-widget-divider--separator-type-pattern:not(.elementor-widget-divider--view-line) .elementor-divider-separator:after,.elementor-widget-divider--separator-type-pattern:not(.elementor-widget-divider--view-line) .elementor-divider-separator:before,.elementor-widget-divider--separator-type-pattern:not([class*=elementor-widget-divider--view]) .elementor-divider-separator{width:100%;min-height:var(--divider-pattern-height);-webkit-mask-size:var(--divider-pattern-size) 100%;mask-size:var(--divider-pattern-size) 100%;-webkit-mask-repeat:var(--divider-pattern-repeat);mask-repeat:var(--divider-pattern-repeat);background-color:var(--divider-color);-webkit-mask-image:var(--divider-pattern-url);mask-image:var(--divider-pattern-url)}.elementor-widget-divider--no-spacing{--divider-pattern-size:auto}.elementor-widget-divider--bg-round{--divider-pattern-repeat:round}.rtl .elementor-widget-divider .elementor-divider__text{direction:rtl}.e-con-inner>.elementor-widget-divider,.e-con>.elementor-widget-divider{width:var(--container-widget-width,100%);--flex-grow:var(--container-widget-flex-grow)}<\/style>\t\t<div class=\"elementor-divider\">\n\t\t\t<span class=\"elementor-divider-separator\">\n\t\t\t\t\t\t<\/span>\n\t\t<\/div>\n\t\t\t\t<\/div>\n\t\t\t\t<\/div>\n\t\t\t\t<div class=\"elementor-element elementor-element-16224f1 elementor-widget elementor-widget-text-editor\" data-id=\"16224f1\" data-element_type=\"widget\" data-widget_type=\"text-editor.default\">\n\t\t\t\t<div class=\"elementor-widget-container\">\n\t\t\t\t\t\t\t<p>P\u0159\u00edpravn\u00e9 kurzy pro obor historie p\u0159ipravuje Spolek student\u016f historie FF UK \u201eFFabula\u201c. Kurz je p\u0159\u00edmo ur\u010den pro z\u00e1jemce a z\u00e1jemkyn\u011b o studium bakal\u00e1\u0159sk\u00e9ho oboru historie, ale poskytuje dobrou p\u0159\u00edpravu i na maturitn\u00ed zkou\u0161ky nebo p\u0159ij\u00edmac\u00ed zkou\u0161ky na jin\u00e9 programy FF UK t\u00fdkaj\u00edc\u00ed se historick\u00fdch v\u011bd, p\u0159\u00edpadn\u011b na obdobn\u00e9 obory na jin\u00fdch fakult\u00e1ch. Kurzy mohou tak\u00e9 nav\u0161t\u011bvovat uchaze\u010di a uchaze\u010dky o navazuj\u00edc\u00ed magistersk\u00e9 studium.\u00a0Absolvovan\u00ed kurz\u016f v\u0161ak nen\u00ed z\u00e1rukou p\u0159ijet\u00ed ke studiu.\u00a0<\/p>\t\t\t\t\t\t<\/div>\n\t\t\t\t<\/div>\n\t\t\t\t\t<\/div>\n\t\t\t\t<\/div>\n\t\t<div class=\"elementor-element elementor-element-3f0214e e-flex e-con-boxed e-con e-parent\" data-id=\"3f0214e\" data-element_type=\"container\" data-settings=\"{&quot;content_width&quot;:&quot;boxed&quot;}\" data-core-v316-plus=\"true\">\n\t\t\t\t\t<div class=\"e-con-inner\">\n\t\t\t\t<div class=\"elementor-element elementor-element-b2dff90 elementor-widget elementor-widget-heading\" data-id=\"b2dff90\" data-element_type=\"widget\" data-widget_type=\"heading.default\">\n\t\t\t\t<div class=\"elementor-widget-container\">\n\t\t\t<h4 class=\"elementor-heading-title elementor-size-default\">Struktura kurz\u016f<\/h4>\t\t<\/div>\n\t\t\t\t<\/div>\n\t\t\t\t<div class=\"elementor-element elementor-element-7631d9f elementor-widget-divider--view-line elementor-widget elementor-widget-divider\" data-id=\"7631d9f\" data-element_type=\"widget\" data-widget_type=\"divider.default\">\n\t\t\t\t<div class=\"elementor-widget-container\">\n\t\t\t\t\t<div class=\"elementor-divider\">\n\t\t\t<span class=\"elementor-divider-separator\">\n\t\t\t\t\t\t<\/span>\n\t\t<\/div>\n\t\t\t\t<\/div>\n\t\t\t\t<\/div>\n\t\t\t\t<div class=\"elementor-element elementor-element-c877fc1 elementor-widget elementor-widget-text-editor\" data-id=\"c877fc1\" data-element_type=\"widget\" data-widget_type=\"text-editor.default\">\n\t\t\t\t<div class=\"elementor-widget-container\">\n\t\t\t\t\t\t\t<p>V\u00fduka na kurzech se v\u017edy odehr\u00e1v\u00e1 v jeden den a je slo\u017eena ze dvou blok\u016f \u2013 dopoledn\u00ed a odpoledn\u00ed. Blok je v\u017edy tvo\u0159en p\u0159edn\u00e1\u0161kou (90 minut) a semin\u00e1\u0159em (90 minut), nebo specializa\u010dn\u00ed p\u0159edn\u00e1\u0161kou (90 minut). Celkov\u011b jsou kurzy strukturovan\u00e9 do \u010dty\u0159 chronologicky \u0159azen\u00fdch modul\u016f \u2013 st\u0159edov\u011bk, novov\u011bk, modern\u00ed d\u011bjiny a soudob\u00e9 d\u011bjiny.<\/p>\t\t\t\t\t\t<\/div>\n\t\t\t\t<\/div>\n\t\t\t\t<div class=\"elementor-element elementor-element-53b79ca elementor-widget elementor-widget-heading\" data-id=\"53b79ca\" data-element_type=\"widget\" data-widget_type=\"heading.default\">\n\t\t\t\t<div class=\"elementor-widget-container\">\n\t\t\t<h5 class=\"elementor-heading-title elementor-size-default\">P\u0159edn\u00e1\u0161ky<\/h5>\t\t<\/div>\n\t\t\t\t<\/div>\n\t\t\t\t<div class=\"elementor-element elementor-element-54049e0 elementor-widget elementor-widget-text-editor\" data-id=\"54049e0\" data-element_type=\"widget\" data-widget_type=\"text-editor.default\">\n\t\t\t\t<div class=\"elementor-widget-container\">\n\t\t\t\t\t\t\t<p>P\u0159edn\u00e1\u0161ky p\u0159edstavuj\u00ed obecn\u00fd pr\u016f\u0159ez histori\u00ed od po\u010d\u00e1tku st\u0159edov\u011bku a\u017e do soudob\u00fdch d\u011bjin. Samotn\u00e9 p\u0159edn\u00e1\u0161ky by m\u011bly uchaze\u010d\u016fm a uchaze\u010dk\u00e1m poskytnout z\u00e1kladn\u00ed kontext a pov\u011bdom\u00ed o prob\u00edran\u00e9 l\u00e1tce. Tyto hodiny jsou pomocnou rukou pro p\u0159\u00edpravu k faktografick\u00e9mu testu, kter\u00fd tvo\u0159\u00ed prvn\u00ed kolo p\u0159ij\u00edmac\u00edch zkou\u0161ek. L\u00e1tka je ov\u0161em univerz\u00e1ln\u011b uplatniteln\u00e1 i p\u0159i maturit\u011b nebo jin\u00fdch v\u011bdomostn\u00edch testech zam\u011b\u0159en\u00fdch na historii. Sou\u010d\u00e1st\u00ed programu p\u0159edn\u00e1\u0161ek jsou i dv\u011b exkurze, kter\u00e9 prezentuj\u00ed historickou l\u00e1tku p\u0159\u00edmo v ulic\u00edch Prahy.<\/p>\t\t\t\t\t\t<\/div>\n\t\t\t\t<\/div>\n\t\t\t\t<div class=\"elementor-element elementor-element-7b36e19 elementor-widget elementor-widget-heading\" data-id=\"7b36e19\" data-element_type=\"widget\" data-widget_type=\"heading.default\">\n\t\t\t\t<div class=\"elementor-widget-container\">\n\t\t\t<h5 class=\"elementor-heading-title elementor-size-default\">Semin\u00e1\u0159e a specializa\u010dn\u00ed p\u0159edn\u00e1\u0161ky<\/h5>\t\t<\/div>\n\t\t\t\t<\/div>\n\t\t\t\t<div class=\"elementor-element elementor-element-bbe9e5d elementor-widget elementor-widget-text-editor\" data-id=\"bbe9e5d\" data-element_type=\"widget\" data-widget_type=\"text-editor.default\">\n\t\t\t\t<div class=\"elementor-widget-container\">\n\t\t\t\t\t\t\t<p>Druh\u00fd typ v\u00fduky tvo\u0159\u00ed semin\u00e1\u0159e a specializa\u010dn\u00ed p\u0159edn\u00e1\u0161ky, kter\u00e9 \u010d\u00e1ste\u010dn\u011b kop\u00edruj\u00ed a hlavn\u011b rozv\u00edjej\u00ed t\u00e9mata z obecn\u011b zam\u011b\u0159en\u00fdch p\u0159edn\u00e1\u0161ek. Soust\u0159ed\u00ed se na d\u00edl\u010d\u00ed kulturn\u00ed nebo spole\u010denskohistorick\u00e1 t\u00e9mata. Hlavn\u00edm \u00fakolem semin\u00e1\u0159\u016f je p\u0159ipravit uchaze\u010de a uchaze\u010dky na druh\u00e9 kolo p\u0159ij\u00edmac\u00edch zkou\u0161ek, kdy je \u010dek\u00e1 pohovor se zku\u0161ebn\u00ed komis\u00ed. V\u00a0neposledn\u00ed \u0159ad\u011b se jedn\u00e1 tak\u00e9 o p\u0159\u00edpravu na samotn\u00e9 vysoko\u0161kolsk\u00e9 studium. Z\u00e1kladem semin\u00e1\u0159\u016f jsou kr\u00e1tk\u00e9 \u00faryvky text\u016f, nad kter\u00fdmi se vede debata. Vedouc\u00ed semin\u00e1\u0159\u016f tak sezn\u00e1m\u00ed \u00fa\u010dastn\u00edky a \u00fa\u010dastnice kurzu s v\u00fdukou vedenou semin\u00e1rn\u00ed formou, pokus\u00ed se rozproudit diskusi, vypiluje argumenta\u010dn\u00ed schopnosti a podporuje \u00favahy na souvisej\u00edc\u00ed t\u00e9mata. Specializa\u010dn\u00ed p\u0159edn\u00e1\u0161ky maj\u00ed slou\u017eit zejm\u00e9na k\u00a0prohlouben\u00ed znalost\u00ed z\u00a0obecn\u00fdch p\u0159edn\u00e1\u0161ek a maj\u00ed za c\u00edl uchaze\u010d\u016fm a uchaze\u010dk\u00e1m p\u0159ibl\u00ed\u017eit m\u00e9n\u011b prob\u00edran\u00e1 t\u00e9mata. Tyto p\u0159edn\u00e1\u0161ky budou prob\u00edhat polo-semin\u00e1rn\u00ed formou. Vyu\u010duj\u00edc\u00ed zde budou stejn\u011b jako na semin\u00e1\u0159i v\u00edce db\u00e1t na interakci a diskuzi.<\/p>\t\t\t\t\t\t<\/div>\n\t\t\t\t<\/div>\n\t\t\t\t\t<\/div>\n\t\t\t\t<\/div>\n\t\t<div class=\"elementor-element elementor-element-b0887fa e-flex e-con-boxed e-con e-parent\" data-id=\"b0887fa\" data-element_type=\"container\" data-settings=\"{&quot;content_width&quot;:&quot;boxed&quot;}\" data-core-v316-plus=\"true\">\n\t\t\t\t\t<div class=\"e-con-inner\">\n\t\t\t\t<div class=\"elementor-element elementor-element-44d8961 elementor-widget elementor-widget-heading\" data-id=\"44d8961\" data-element_type=\"widget\" data-widget_type=\"heading.default\">\n\t\t\t\t<div class=\"elementor-widget-container\">\n\t\t\t<h4 class=\"elementor-heading-title elementor-size-default\">Vyu\u010duj\u00edc\u00ed<\/h4>\t\t<\/div>\n\t\t\t\t<\/div>\n\t\t\t\t<div class=\"elementor-element elementor-element-0ac985f elementor-widget-divider--view-line elementor-widget elementor-widget-divider\" data-id=\"0ac985f\" data-element_type=\"widget\" data-widget_type=\"divider.default\">\n\t\t\t\t<div class=\"elementor-widget-container\">\n\t\t\t\t\t<div class=\"elementor-divider\">\n\t\t\t<span class=\"elementor-divider-separator\">\n\t\t\t\t\t\t<\/span>\n\t\t<\/div>\n\t\t\t\t<\/div>\n\t\t\t\t<\/div>\n\t\t\t\t<div class=\"elementor-element elementor-element-55c5103 elementor-widget elementor-widget-text-editor\" data-id=\"55c5103\" data-element_type=\"widget\" data-widget_type=\"text-editor.default\">\n\t\t\t\t<div class=\"elementor-widget-container\">\n\t\t\t\t\t\t\t<p><span style=\"color: #4b4f58; font-family: Karla, sans-serif;\">N\u00e1\u0161 lektorsk\u00fd t\u00fdm je slo\u017een ze\u00a0<\/span><span style=\"font-weight: bold; color: #4b4f58; font-family: Karla, sans-serif;\">student\u016f a studentek<\/span><span style=\"color: #4b4f58; font-family: Karla, sans-serif;\">\u00a0navazuj\u00edc\u00edho magistersk\u00e9ho a doktorsk\u00e9ho studia historick\u00fdch obor\u016f. Jsou to lid\u00e9, kter\u00e9 budete velice pravd\u011bpodobn\u011b potk\u00e1vat na chodb\u00e1ch fakulty, a\u017e budete p\u0159ijati ke studiu, a lid\u00e9, kte\u0159\u00ed ned\u00e1vno st\u00e1li na Va\u0161em m\u00edst\u011b, a proto p\u0159esn\u011b ch\u00e1pou Va\u0161e pot\u0159eby. V\u00fduka na p\u0159\u00edpravk\u00e1ch pro n\u011b \u010dasto znamen\u00e1 prvn\u00ed pedagogickou praxi, a proto v\u0161ichni lekto\u0159i a lektorky proch\u00e1z\u00ed \u0161kolen\u00edm, kde jsou sezn\u00e1meni se z\u00e1klady modern\u00ed didaktiky d\u011bjepisu. Tot\u00e9\u017e plat\u00ed i pro cel\u00fd organiza\u010dn\u00ed t\u00fdm.<\/span><\/p>\t\t\t\t\t\t<\/div>\n\t\t\t\t<\/div>\n\t\t\t\t\t<\/div>\n\t\t\t\t<\/div>\n\t\t<div class=\"elementor-element elementor-element-dc0e6e4 e-flex e-con-boxed e-con e-parent\" data-id=\"dc0e6e4\" data-element_type=\"container\" data-settings=\"{&quot;content_width&quot;:&quot;boxed&quot;}\" data-core-v316-plus=\"true\">\n\t\t\t\t\t<div class=\"e-con-inner\">\n\t\t\t\t<div class=\"elementor-element elementor-element-dd1bc4d elementor-widget elementor-widget-heading\" data-id=\"dd1bc4d\" data-element_type=\"widget\" data-widget_type=\"heading.default\">\n\t\t\t\t<div class=\"elementor-widget-container\">\n\t\t\t<h4 class=\"elementor-heading-title elementor-size-default\">Co je\u0161t\u011b v\u011bd\u011bt<\/h4>\t\t<\/div>\n\t\t\t\t<\/div>\n\t\t\t\t<div class=\"elementor-element elementor-element-c585998 elementor-widget-divider--view-line elementor-widget elementor-widget-divider\" data-id=\"c585998\" data-element_type=\"widget\" data-widget_type=\"divider.default\">\n\t\t\t\t<div class=\"elementor-widget-container\">\n\t\t\t\t\t<div class=\"elementor-divider\">\n\t\t\t<span class=\"elementor-divider-separator\">\n\t\t\t\t\t\t<\/span>\n\t\t<\/div>\n\t\t\t\t<\/div>\n\t\t\t\t<\/div>\n\t\t\t\t<div class=\"elementor-element elementor-element-56a6e49 elementor-widget elementor-widget-text-editor\" data-id=\"56a6e49\" data-element_type=\"widget\" data-widget_type=\"text-editor.default\">\n\t\t\t\t<div class=\"elementor-widget-container\">\n\t\t\t\t\t\t\t<p><span style=\"color: #4b4f58; font-family: Karla, sans-serif;\">\u00a0V pr\u016fb\u011bhu kurz\u016f bude p\u0159edstavov\u00e1na i <\/span><span style=\"font-weight: bold; color: #4b4f58; font-family: Karla, sans-serif;\">vhodn\u00e1 literatura<\/span><span style=\"color: #4b4f58; font-family: Karla, sans-serif;\">\u00a0k prostudov\u00e1n\u00ed \u2013 seznam \u010detby je podkladem pro druh\u00e9 kolo p\u0159ij\u00edmac\u00edch zkou\u0161ek. Uchaze\u010di a uchaze\u010dky budou tak\u00e9 sezn\u00e1meni s t\u00edm, jak si takov\u00fd seznam literatury vytvo\u0159it. Cel\u00fd kurz prob\u00edh\u00e1 p\u0159\u00edmo na hlavn\u00ed budov\u011b FF na n\u00e1m\u011bst\u00ed Jana Palacha \u2013 \u00fa\u010dastn\u00edci a \u00fa\u010dastnice kurzu tak nav\u0161t\u00edv\u00ed prostory, kde se odb\u00fdvaj\u00ed samotn\u00e9 p\u0159ij\u00edmac\u00ed zkou\u0161ky. P\u0159edn\u00e1\u0161kov\u00e1 \u010d\u00e1st kurz\u016f prob\u00edh\u00e1 i <b>distan\u010dn\u011b<\/b>.\u00a0\u00a0<\/span><span style=\"color: #4b4f58; font-family: Karla, sans-serif;\">Na posledn\u00ed den kurzu jsou p\u0159ipraveny tzv.\u00a0<\/span><span style=\"font-weight: bold; color: #4b4f58; font-family: Karla, sans-serif;\">p\u0159ij\u00edmac\u00ed zkou\u0161ky nane\u010disto<\/span><span style=\"color: #4b4f58; font-family: Karla, sans-serif;\">. Jejich sou\u010d\u00e1st\u00ed je modelov\u00fd test a zkou\u0161ka p\u0159ed komis\u00ed, tj. simulace prvn\u00edho i druh\u00e9ho kola p\u0159ij\u00edmac\u00edch zkou\u0161ek. P\u0159ihla\u0161ov\u00e1n\u00ed na kurz bude spu\u0161t\u011bno 16. 11. 2025<\/span><\/p>\t\t\t\t\t\t<\/div>\n\t\t\t\t<\/div>\n\t\t\t\t\t<\/div>\n\t\t\t\t<\/div>\n\t\t<div class=\"elementor-element elementor-element-83a92c0 e-flex e-con-boxed e-con e-parent\" data-id=\"83a92c0\" data-element_type=\"container\" data-settings=\"{&quot;content_width&quot;:&quot;boxed&quot;}\" data-core-v316-plus=\"true\">\n\t\t\t\t\t<div class=\"e-con-inner\">\n\t\t\t\t<div class=\"elementor-element elementor-element-ea640ce elementor-widget-divider--view-line elementor-widget elementor-widget-divider\" data-id=\"ea640ce\" data-element_type=\"widget\" data-widget_type=\"divider.default\">\n\t\t\t\t<div class=\"elementor-widget-container\">\n\t\t\t\t\t<div class=\"elementor-divider\">\n\t\t\t<span class=\"elementor-divider-separator\">\n\t\t\t\t\t\t<\/span>\n\t\t<\/div>\n\t\t\t\t<\/div>\n\t\t\t\t<\/div>\n\t\t\t\t\t<\/div>\n\t\t\t\t<\/div>\n\t\t\t\t\t\t\t<\/div>\n\t\t","protected":false},"excerpt":{"rendered":"<p>O projektu P\u0159\u00edpravn\u00e9 kurzy jsou jednou z vlajkov\u00fdch lod\u00ed \u010dinnosti Spolku student\u016f historie FF UK. Maj\u00ed podobu s\u00e9rie p\u0159edn\u00e1\u0161ek a semin\u00e1\u0159\u016f, kter\u00e9 slou\u017e\u00ed k p\u0159\u00edprav\u011b na p\u0159ij\u00edmac\u00ed \u0159\u00edzen\u00ed, k maturit\u011b \u010di k roz\u0161\u00ed\u0159en\u00ed obzor\u016f o historii.\u00a0 O p\u0159\u00edpravk\u00e1ch P\u0159\u00edpravn\u00e9 kurzy pro obor historie p\u0159ipravuje Spolek student\u016f historie FF UK \u201eFFabula\u201c. Kurz je p\u0159\u00edmo ur\u010den pro &hellip;<\/p>\n<p class=\"read-more\"> <a class=\"\" href=\"https:\/\/pripravky.ffabula.cz\/index.php\/o-projektu\/\"> <span class=\"screen-reader-text\">O projektu<\/span> Pokra\u010dovat ve \u010dten\u00ed &raquo;<\/a><\/p>\n","protected":false},"author":2,"featured_media":0,"parent":0,"menu_order":0,"comment_status":"closed","ping_status":"closed","template":"","meta":{"site-sidebar-layout":"no-sidebar","site-content-layout":"","ast-site-content-layout":"full-width-container","site-content-style":"default","site-sidebar-style":"default","ast-global-header-display":"","ast-banner-title-visibility":"","ast-main-header-display":"","ast-hfb-above-header-display":"","ast-hfb-below-header-display":"","ast-hfb-mobile-header-display":"","site-post-title":"disabled","ast-breadcrumbs-content":"","ast-featured-img":"disabled","footer-sml-layout":"","theme-transparent-header-meta":"","adv-header-id-meta":"","stick-header-meta":"","header-above-stick-meta":"","header-main-stick-meta":"","header-below-stick-meta":"","astra-migrate-meta-layouts":"","ast-page-background-enabled":"default","ast-page-background-meta":{"desktop":{"background-color":"var(--ast-global-color-4)","background-image":"","background-repeat":"repeat","background-position":"center center","background-size":"auto","background-attachment":"scroll","background-type":"","background-media":"","overlay-type":"","overlay-color":"","overlay-gradient":""},"tablet":{"background-color":"","background-image":"","background-repeat":"repeat","background-position":"center center","background-size":"auto","background-attachment":"scroll","background-type":"","background-media":"","overlay-type":"","overlay-color":"","overlay-gradient":""},"mobile":{"background-color":"","background-image":"","background-repeat":"repeat","background-position":"center center","background-size":"auto","background-attachment":"scroll","background-type":"","background-media":"","overlay-type":"","overlay-color":"","overlay-gradient":""}},"ast-content-background-meta":{"desktop":{"background-color":"var(--ast-global-color-5)","background-image":"","background-repeat":"repeat","background-position":"center center","background-size":"auto","background-attachment":"scroll","background-type":"","background-media":"","overlay-type":"","overlay-color":"","overlay-gradient":""},"tablet":{"background-color":"var(--ast-global-color-5)","background-image":"","background-repeat":"repeat","background-position":"center center","background-size":"auto","background-attachment":"scroll","background-type":"","background-media":"","overlay-type":"","overlay-color":"","overlay-gradient":""},"mobile":{"background-color":"var(--ast-global-color-5)","background-image":"","background-repeat":"repeat","background-position":"center center","background-size":"auto","background-attachment":"scroll","background-type":"","background-media":"","overlay-type":"","overlay-color":"","overlay-gradient":""}},"footnotes":""},"class_list":["post-494","page","type-page","status-publish","hentry"],"_links":{"self":[{"href":"https:\/\/pripravky.ffabula.cz\/index.php\/wp-json\/wp\/v2\/pages\/494","targetHints":{"allow":["GET"]}}],"collection":[{"href":"https:\/\/pripravky.ffabula.cz\/index.php\/wp-json\/wp\/v2\/pages"}],"about":[{"href":"https:\/\/pripravky.ffabula.cz\/index.php\/wp-json\/wp\/v2\/types\/page"}],"author":[{"embeddable":true,"href":"https:\/\/pripravky.ffabula.cz\/index.php\/wp-json\/wp\/v2\/users\/2"}],"replies":[{"embeddable":true,"href":"https:\/\/pripravky.ffabula.cz\/index.php\/wp-json\/wp\/v2\/comments?post=494"}],"version-history":[{"count":43,"href":"https:\/\/pripravky.ffabula.cz\/index.php\/wp-json\/wp\/v2\/pages\/494\/revisions"}],"predecessor-version":[{"id":2788,"href":"https:\/\/pripravky.ffabula.cz\/index.php\/wp-json\/wp\/v2\/pages\/494\/revisions\/2788"}],"wp:attachment":[{"href":"https:\/\/pripravky.ffabula.cz\/index.php\/wp-json\/wp\/v2\/media?parent=494"}],"curies":[{"name":"wp","href":"https:\/\/api.w.org\/{rel}","templated":true}]}}